{"id":2809,"date":"2023-06-05T18:22:28","date_gmt":"2023-06-05T15:22:28","guid":{"rendered":"https:\/\/vasakderi.com\/startseite\/"},"modified":"2024-11-16T09:50:36","modified_gmt":"2024-11-16T06:50:36","slug":"startseite","status":"publish","type":"page","link":"https:\/\/vasakderi.com\/de\/","title":{"rendered":"Startseite"},"content":{"rendered":"\t\t<div data-elementor-type=\"wp-page\" data-elementor-id=\"2809\" class=\"elementor elementor-2809 elementor-1346\">\n\t\t\t\t\t\t<section class=\"elementor-section elementor-top-section elementor-element elementor-element-12cb8c04 elementor-section-full_width elementor-section-height-default elementor-section-height-default\" data-id=\"12cb8c04\" data-element_type=\"section\" data-e-type=\"section\" data-settings=\"{&quot;background_background&quot;:&quot;classic&quot;}\">\n\t\t\t\t\t\t<div class=\"elementor-container elementor-column-gap-default\">\n\t\t\t\t\t<div class=\"elementor-column elementor-col-100 elementor-top-column elementor-element elementor-element-33eddf72\" data-id=\"33eddf72\" data-element_type=\"column\" data-e-type=\"column\">\n\t\t\t<div class=\"elementor-widget-wrap elementor-element-populated\">\n\t\t\t\t\t\t<div class=\"elementor-element elementor-element-13d13f2b elementor-widget elementor-widget-html\" data-id=\"13d13f2b\" data-element_type=\"widget\" data-e-type=\"widget\" data-widget_type=\"html.default\">\n\t\t\t\t<div class=\"elementor-widget-container\">\n\t\t\t\t\t<style>\r\n.marquee_container___Cl77 {\r\n  width: 100%;\r\n  overflow: hidden;\r\n}\r\n\r\n.marquee_wrapper__drbcf {\r\n  display: flex;\r\n  justify-content: center;\r\n  animation: marquee 10s linear infinite;\r\n}\r\n\r\n.marquee_textContainer__bjxOK {\r\n  display: inline-block;\r\n  white-space: nowrap;\r\n}\r\n\r\n.marquee_textContainer__bjxOK span {\r\n  color: white;\r\n  font-size: 20px;\r\n}\r\n\r\n@keyframes marquee {\r\n  0% { transform: translateX(50%); }\r\n  100% { transform: translateX(-50%); }\r\n}\r\n<\/style>\r\n\r\n<div class=\"marquee_container___Cl77\">\r\n  <div class=\"marquee_wrapper__drbcf\">\r\n    <div class=\"marquee_textContainer__bjxOK\">\r\n      <span>Wir sind bald hier, alle Produkte werden geladen werden<\/span><span>&nbsp;&nbsp;&nbsp;&nbsp;&nbsp;&nbsp;<span>Wir sind bald hier, alle Produkte werden geladen werden<\/span><span>&nbsp;&nbsp;&nbsp;&nbsp;&nbsp;&nbsp;<span>Wir sind bald hier, alle Produkte werden geladen werden<\/span><span>&nbsp;&nbsp;&nbsp;&nbsp;&nbsp;&nbsp;<span>Wir sind bald hier, alle Produkte werden geladen werden<\/span><span>&nbsp;&nbsp;&nbsp;&nbsp;&nbsp;&nbsp;<span>Wir sind bald hier, alle Produkte werden geladen werden<\/span><span>&nbsp;&nbsp;&nbsp;&nbsp;&nbsp;&nbsp;<span>Wir sind bald hier, alle Produkte werden geladen werden<\/span><span>&nbsp;&nbsp;&nbsp;&nbsp;&nbsp;&nbsp;<span>Wir sind bald hier, alle Produkte werden geladen werden<\/span><span>&nbsp;&nbsp;&nbsp;&nbsp;&nbsp;&nbsp;<span>Wir sind bald hier, alle Produkte werden geladen werden<\/span><span>&nbsp;&nbsp;&nbsp;&nbsp;&nbsp;&nbsp;<span>Wir sind bald hier, alle Produkte werden geladen werden<\/span><span>&nbsp;&nbsp;&nbsp;&nbsp;&nbsp;&nbsp;<span>Wir sind bald hier, alle Produkte werden geladen werden<\/span><span>&nbsp;&nbsp;&nbsp;&nbsp;&nbsp;&nbsp;<span>Wir sind bald hier, alle Produkte werden geladen werden<\/span><span>&nbsp;&nbsp;&nbsp;&nbsp;&nbsp;&nbsp;<span>Wir sind bald hier, alle Produkte werden geladen werden<\/span><span>&nbsp;&nbsp;&nbsp;&nbsp;&nbsp;&nbsp;<span>Wir sind bald hier, alle Produkte werden geladen werden<\/span><span>&nbsp;&nbsp;&nbsp;&nbsp;&nbsp;&nbsp;<span>Wir sind bald hier, alle Produkte werden geladen werden<\/span><span>&nbsp;&nbsp;&nbsp;&nbsp;&nbsp;&nbsp;<span>Wir sind bald hier, alle Produkte werden geladen werden<\/span><span>&nbsp;&nbsp;&nbsp;&nbsp;&nbsp;&nbsp;<span>Wir sind bald hier, alle Produkte werden geladen werden<\/span><span>&nbsp;&nbsp;&nbsp;&nbsp;&nbsp;&nbsp;<span>Wir sind bald hier, alle Produkte werden geladen werden<\/span><span>&nbsp;&nbsp;&nbsp;&nbsp;&nbsp;&nbsp;<span>Wir sind bald hier, alle Produkte werden geladen werden<\/span><span>&nbsp;&nbsp;&nbsp;&nbsp;&nbsp;&nbsp;<span>Wir sind bald hier, alle Produkte werden geladen werden<\/span><span>&nbsp;&nbsp;&nbsp;&nbsp;&nbsp;&nbsp;<span>Wir sind bald hier, alle Produkte werden geladen werden<\/span><span>&nbsp;&nbsp;&nbsp;&nbsp;&nbsp;&nbsp;<span>Wir sind bald hier, alle Produkte werden geladen werden<\/span><span>&nbsp;&nbsp;&nbsp;&nbsp;&nbsp;&nbsp;<span>Wir sind bald hier, alle Produkte werden geladen werden<\/span><span>&nbsp;&nbsp;&nbsp;&nbsp;&nbsp;&nbsp;<span>Wir sind bald hier, alle Produkte werden geladen werden<\/span><span>&nbsp;&nbsp;&nbsp;&nbsp;&nbsp;&nbsp;<span>Wir sind bald hier, alle Produkte werden geladen werden<\/span><span>&nbsp;&nbsp;&nbsp;&nbsp;&nbsp;&nbsp;<span>Wir sind bald hier, alle Produkte werden geladen werden<\/span><span>&nbsp;&nbsp;&nbsp;&nbsp;&nbsp;&nbsp;<span>Wir sind bald hier, alle Produkte werden geladen werden<\/span><span>&nbsp;&nbsp;&nbsp;&nbsp;&nbsp;&nbsp;<span>Wir sind bald hier, alle Produkte werden geladen werden<\/span><span>&nbsp;&nbsp;&nbsp;&nbsp;&nbsp;&nbsp;<span>Wir sind bald hier, alle Produkte werden geladen werden<\/span><span>&nbsp;&nbsp;&nbsp;&nbsp;&nbsp;&nbsp;<span>Wir sind bald hier, alle Produkte werden geladen werden<\/span><span>&nbsp;&nbsp;&nbsp;&nbsp;&nbsp;&nbsp;<span>Wir sind bald hier, alle Produkte werden geladen werden<\/span><span>&nbsp;&nbsp;&nbsp;&nbsp;&nbsp;&nbsp;<span>Wir sind bald hier, alle Produkte werden geladen werden<\/span><span>&nbsp;&nbsp;&nbsp;&nbsp;&nbsp;&nbsp;<span>Wir sind bald hier, alle Produkte werden geladen werden<\/span><span>&nbsp;&nbsp;&nbsp;&nbsp;&nbsp;&nbsp;<span>Wir sind bald hier, alle Produkte werden geladen werden<\/span><span>&nbsp;&nbsp;&nbsp;&nbsp;&nbsp;&nbsp;<span>Wir sind bald hier, alle Produkte werden geladen werden<\/span><span>&nbsp;&nbsp;&nbsp;&nbsp;&nbsp;&nbsp;<span>Wir sind bald hier, alle Produkte werden geladen werden<\/span><span>&nbsp;&nbsp;&nbsp;&nbsp;&nbsp;&nbsp;<span>Wir sind bald hier, alle Produkte werden geladen werden<\/span><span>&nbsp;&nbsp;&nbsp;&nbsp;&nbsp;&nbsp;<span>Wir sind bald hier, alle Produkte werden geladen werden<\/span><span>&nbsp;&nbsp;&nbsp;&nbsp;&nbsp;&nbsp;<span>Wir sind bald hier, alle Produkte werden geladen werden<\/span><span>&nbsp;&nbsp;&nbsp;&nbsp;&nbsp;&nbsp;<span>Wir sind bald hier, alle Produkte werden geladen werden<\/span><span>&nbsp;&nbsp;&nbsp;&nbsp;&nbsp;&nbsp;<span>Wir sind bald hier, alle Produkte werden geladen werden<\/span><span>&nbsp;&nbsp;&nbsp;&nbsp;&nbsp;&nbsp;<span>Wir sind bald hier, alle Produkte werden geladen werden<\/span><span>&nbsp;&nbsp;&nbsp;&nbsp;&nbsp;&nbsp;<span>Wir sind bald hier, alle Produkte werden geladen werden<\/span><span>&nbsp;&nbsp;&nbsp;&nbsp;&nbsp;&nbsp;<span>Wir sind bald hier, alle Produkte werden geladen werden<\/span><span>&nbsp;&nbsp;&nbsp;&nbsp;&nbsp;&nbsp;<span>Wir sind bald hier, alle Produkte werden geladen werden<\/span><span>&nbsp;&nbsp;&nbsp;&nbsp;&nbsp;&nbsp;<span>Wir sind bald hier, alle Produkte werden geladen werden<\/span><span>&nbsp;&nbsp;&nbsp;&nbsp;&nbsp;&nbsp;<span>Wir sind bald hier, alle Produkte werden geladen werden<\/span><span>&nbsp;&nbsp;&nbsp;&nbsp;&nbsp;&nbsp;<span>Wir sind bald hier, alle Produkte werden geladen werden<\/span><span>&nbsp;&nbsp;&nbsp;&nbsp;&nbsp;&nbsp;<span>Wir sind bald hier, alle Produkte werden geladen werden<\/span><span>&nbsp;&nbsp;&nbsp;&nbsp;&nbsp;&nbsp;<span>Wir sind bald hier, alle Produkte werden geladen werden<\/span><span>&nbsp;&nbsp;&nbsp;&nbsp;&nbsp;&nbsp;<span>Wir sind bald hier, alle Produkte werden geladen werden<\/span><span>&nbsp;&nbsp;&nbsp;&nbsp;&nbsp;&nbsp;<span>Wir sind bald hier, alle Produkte werden geladen werden<\/span><span>&nbsp;&nbsp;&nbsp;&nbsp;&nbsp;&nbsp;<span>Wir sind bald hier, alle Produkte werden geladen werden<\/span><span>&nbsp;&nbsp;&nbsp;&nbsp;&nbsp;&nbsp;<span>Wir sind bald hier, alle Produkte werden geladen werden<\/span><span>&nbsp;&nbsp;&nbsp;&nbsp;&nbsp;&nbsp;<span>Wir sind bald hier, alle Produkte werden geladen werden<\/span><span>&nbsp;&nbsp;&nbsp;&nbsp;&nbsp;&nbsp;<span>Wir sind bald hier, alle Produkte werden geladen werden<\/span><span>&nbsp;&nbsp;&nbsp;&nbsp;&nbsp;&nbsp;<span>Wir sind bald hier, alle Produkte werden geladen werden<\/span><span>&nbsp;&nbsp;&nbsp;&nbsp;&nbsp;&nbsp;<span>Wir sind bald hier, alle Produkte werden geladen werden<\/span><span>&nbsp;&nbsp;&nbsp;&nbsp;&nbsp;&nbsp;<span>Wir sind bald hier, alle Produkte werden geladen werden<\/span><span>&nbsp;&nbsp;&nbsp;&nbsp;&nbsp;&nbsp;<span>Wir sind bald hier, alle Produkte werden geladen werden<\/span><span>&nbsp;&nbsp;&nbsp;&nbsp;&nbsp;&nbsp;<span>Wir sind bald hier, alle Produkte werden geladen werden<\/span><span>&nbsp;&nbsp;&nbsp;&nbsp;&nbsp;&nbsp;<span>Wir sind bald hier, alle Produkte werden geladen werden<\/span><span>&nbsp;&nbsp;&nbsp;&nbsp;&nbsp;&nbsp;<span>Wir sind bald hier, alle Produkte werden geladen werden<\/span><span>&nbsp;&nbsp;&nbsp;&nbsp;&nbsp;&nbsp;<span>Wir sind bald hier, alle Produkte werden geladen werden<\/span><span>&nbsp;&nbsp;&nbsp;&nbsp;&nbsp;&nbsp;<span>Wir sind bald hier, alle Produkte werden geladen werden<\/span><span>&nbsp;&nbsp;&nbsp;&nbsp;&nbsp;&nbsp;<span>Wir sind bald hier, alle Produkte werden geladen werden<\/span><span>&nbsp;&nbsp;&nbsp;&nbsp;&nbsp;&nbsp;<span>Wir sind bald hier, alle Produkte werden geladen werden<\/span><span>&nbsp;&nbsp;&nbsp;&nbsp;&nbsp;&nbsp;<span>Wir sind bald hier, alle Produkte werden geladen werden<\/span><span>&nbsp;&nbsp;&nbsp;&nbsp;&nbsp;&nbsp;<span>Wir sind bald hier, alle Produkte werden geladen werden<\/span><span>&nbsp;&nbsp;&nbsp;&nbsp;&nbsp;&nbsp;<span>Wir sind bald hier, alle Produkte werden geladen werden<\/span><span>&nbsp;&nbsp;&nbsp;&nbsp;&nbsp;&nbsp;<span>Wir sind bald hier, alle Produkte werden geladen werden<\/span><span>&nbsp;&nbsp;&nbsp;&nbsp;&nbsp;&nbsp;<span>Wir sind bald hier, alle Produkte werden geladen werden<\/span><span>&nbsp;&nbsp;&nbsp;&nbsp;&nbsp;&nbsp;<span>Wir sind bald hier, alle Produkte werden geladen werden<\/span><span>&nbsp;&nbsp;&nbsp;&nbsp;&nbsp;&nbsp;<span>Wir sind bald hier, alle Produkte werden geladen werden<\/span><span>&nbsp;&nbsp;&nbsp;&nbsp;&nbsp;&nbsp;<span>Wir sind bald hier, alle Produkte werden geladen werden<\/span><span>&nbsp;&nbsp;&nbsp;&nbsp;&nbsp;&nbsp;<span>Wir sind bald hier, alle Produkte werden geladen werden<\/span><span>&nbsp;&nbsp;&nbsp;&nbsp;&nbsp;&nbsp;<span>Wir sind bald hier, alle Produkte werden geladen werden<\/span><span>&nbsp;&nbsp;&nbsp;&nbsp;&nbsp;&nbsp;<span>Wir sind bald hier, alle Produkte werden geladen werden<\/span><span>&nbsp;&nbsp;&nbsp;&nbsp;&nbsp;&nbsp;<span>Wir sind bald hier, alle Produkte werden geladen werden<\/span><span>&nbsp;&nbsp;&nbsp;&nbsp;&nbsp;&nbsp;<span>Wir sind bald hier, alle Produkte werden geladen werden<\/span><span>&nbsp;&nbsp;&nbsp;&nbsp;&nbsp;&nbsp;<span>Wir sind bald hier, alle Produkte werden geladen werden<\/span><span>&nbsp;&nbsp;&nbsp;&nbsp;&nbsp;&nbsp;<span>Wir sind bald hier, alle Produkte werden geladen werden<\/span><span>&nbsp;&nbsp;&nbsp;&nbsp;&nbsp;&nbsp;<span>Wir sind bald hier, alle Produkte werden geladen werden<\/span><span>&nbsp;&nbsp;&nbsp;&nbsp;&nbsp;&nbsp;<span>Wir sind bald hier, alle Produkte werden geladen werden<\/span><span>&nbsp;&nbsp;&nbsp;&nbsp;&nbsp;&nbsp;<span>Wir sind bald hier, alle Produkte werden geladen werden<\/span><span>&nbsp;&nbsp;&nbsp;&nbsp;&nbsp;&nbsp;<span>Wir sind bald hier, alle Produkte werden geladen werden<\/span><span>&nbsp;&nbsp;&nbsp;&nbsp;&nbsp;&nbsp;<span>Wir sind bald hier, alle Produkte werden geladen werden<\/span><span>&nbsp;&nbsp;&nbsp;&nbsp;&nbsp;&nbsp;<span>Wir sind bald hier, alle Produkte werden geladen werden<\/span><span>&nbsp;&nbsp;&nbsp;&nbsp;&nbsp;&nbsp;<span>Wir sind bald hier, alle Produkte werden geladen werden<\/span><span>&nbsp;&nbsp;&nbsp;&nbsp;&nbsp;&nbsp;<span>Wir sind bald hier, alle Produkte werden geladen werden<\/span><span>&nbsp;&nbsp;&nbsp;&nbsp;&nbsp;&nbsp;<span>Wir sind bald hier, alle Produkte werden geladen werden<\/span><span>&nbsp;&nbsp;&nbsp;&nbsp;&nbsp;&nbsp;<span>Wir sind bald hier, alle Produkte werden geladen werden<\/span><span>&nbsp;&nbsp;&nbsp;&nbsp;&nbsp;&nbsp;<span>Wir sind bald hier, alle Produkte werden geladen werden<\/span><span>&nbsp;&nbsp;&nbsp;&nbsp;&nbsp;&nbsp;<span>Wir sind bald hier, alle Produkte werden geladen werden<\/span><span>&nbsp;&nbsp;&nbsp;&nbsp;&nbsp;&nbsp;<span>Wir sind bald hier, alle Produkte werden geladen werden<\/span><span>&nbsp;&nbsp;&nbsp;&nbsp;&nbsp;&nbsp;<span>Wir sind bald hier, alle Produkte werden geladen werden<\/span><span>&nbsp;&nbsp;&nbsp;&nbsp;&nbsp;&nbsp;<span>Wir sind bald hier, alle Produkte werden geladen werden<\/span><span>&nbsp;&nbsp;&nbsp;&nbsp;&nbsp;&nbsp;<span>Wir sind bald hier, alle Produkte werden geladen werden<\/span><span>&nbsp;&nbsp;&nbsp;&nbsp;&nbsp;&nbsp;<span>Wir sind bald hier, alle Produkte werden geladen werden<\/span><span>&nbsp;&nbsp;&nbsp;&nbsp;&nbsp;&nbsp;<span>Wir sind bald hier, alle Produkte werden geladen werden<\/span><span>&nbsp;&nbsp;&nbsp;&nbsp;&nbsp;&nbsp;<span>Wir sind bald hier, alle Produkte werden geladen werden<\/span><span>&nbsp;&nbsp;&nbsp;&nbsp;&nbsp;&nbsp;<span>Wir sind bald hier, alle Produkte werden geladen werden<\/span><span>&nbsp;&nbsp;&nbsp;&nbsp;&nbsp;&nbsp;<span>\r\n      <!-- Di\u011fer span etiketlerini buraya ekleyebilirsiniz -->\r\n    <\/div>\r\n  <\/div>\r\n  <\/div>\t\t\t\t<\/div>\n\t\t\t\t<\/div>\n\t\t\t\t\t<\/div>\n\t\t<\/div>\n\t\t\t\t\t<\/div>\n\t\t<\/section>\n\t\t\t\t<section class=\"elementor-section elementor-top-section elementor-element elementor-element-7afbb313 elementor-section-boxed elementor-section-height-default elementor-section-height-default\" data-id=\"7afbb313\" data-element_type=\"section\" data-e-type=\"section\">\n\t\t\t\t\t\t<div class=\"elementor-container elementor-column-gap-default\">\n\t\t\t\t\t<div class=\"elementor-column elementor-col-100 elementor-top-column elementor-element elementor-element-2a860d0f\" data-id=\"2a860d0f\" data-element_type=\"column\" data-e-type=\"column\">\n\t\t\t<div class=\"elementor-widget-wrap elementor-element-populated\">\n\t\t\t\t\t\t<div class=\"elementor-element elementor-element-5799cca0 elementor-widget elementor-widget-spacer\" data-id=\"5799cca0\" data-element_type=\"widget\" data-e-type=\"widget\" data-widget_type=\"spacer.default\">\n\t\t\t\t<div class=\"elementor-widget-container\">\n\t\t\t\t\t\t\t<div class=\"elementor-spacer\">\n\t\t\t<div class=\"elementor-spacer-inner\"><\/div>\n\t\t<\/div>\n\t\t\t\t\t\t<\/div>\n\t\t\t\t<\/div>\n\t\t\t\t\t<\/div>\n\t\t<\/div>\n\t\t\t\t\t<\/div>\n\t\t<\/section>\n\t\t\t\t<section class=\"elementor-section elementor-top-section elementor-element elementor-element-378c8ac1 elementor-section-boxed elementor-section-height-default elementor-section-height-default\" data-id=\"378c8ac1\" data-element_type=\"section\" data-e-type=\"section\">\n\t\t\t\t\t\t<div class=\"elementor-container elementor-column-gap-default\">\n\t\t\t\t\t<div class=\"elementor-column elementor-col-100 elementor-top-column elementor-element elementor-element-3019840e\" data-id=\"3019840e\" data-element_type=\"column\" data-e-type=\"column\">\n\t\t\t<div class=\"elementor-widget-wrap elementor-element-populated\">\n\t\t\t\t\t\t<div class=\"elementor-element elementor-element-129678d2 elementor-widget elementor-widget-etheme_animated_headline\" data-id=\"129678d2\" data-element_type=\"widget\" data-e-type=\"widget\" data-settings=\"{&quot;text_style&quot;:&quot;animate&quot;,&quot;animation_type&quot;:&quot;clip&quot;,&quot;animated_text&quot;:&quot;Herzlich willkommen, wir sind bald hier&quot;}\" data-widget_type=\"etheme_animated_headline.default\">\n\t\t\t\t<div class=\"elementor-widget-container\">\n\t\t\t\t\t        \n        <div class=\"etheme-headline-wrapper\">\n            <h2 class=\"etheme-headline etheme-headline-animation-type-clip\" data-style=\"animate\">\n\t\t                        <span class=\"etheme-headline-text-wrapper\">\n                \n\t\t            \n                    <span class=\"etheme-headline-text etheme-headline-text-active\">Herzlich&nbsp;willkommen,&nbsp;wir&nbsp;sind&nbsp;bald&nbsp;hier<\/span>                \n                <\/span>\n                            <\/h2>\n        <\/div>\n        \n\t\t\t\t\t\t<\/div>\n\t\t\t\t<\/div>\n\t\t\t\t\t<\/div>\n\t\t<\/div>\n\t\t\t\t\t<\/div>\n\t\t<\/section>\n\t\t\t\t<section class=\"elementor-section elementor-top-section elementor-element elementor-element-47d90e0d elementor-section-boxed elementor-section-height-default elementor-section-height-default\" data-id=\"47d90e0d\" data-element_type=\"section\" data-e-type=\"section\">\n\t\t\t\t\t\t<div class=\"elementor-container elementor-column-gap-default\">\n\t\t\t\t\t<div class=\"elementor-column elementor-col-100 elementor-top-column elementor-element elementor-element-67cdfa72\" data-id=\"67cdfa72\" data-element_type=\"column\" data-e-type=\"column\">\n\t\t\t<div class=\"elementor-widget-wrap elementor-element-populated\">\n\t\t\t\t\t\t<div class=\"elementor-element elementor-element-70e956a elementor-widget elementor-widget-spacer\" data-id=\"70e956a\" data-element_type=\"widget\" data-e-type=\"widget\" data-widget_type=\"spacer.default\">\n\t\t\t\t<div class=\"elementor-widget-container\">\n\t\t\t\t\t\t\t<div class=\"elementor-spacer\">\n\t\t\t<div class=\"elementor-spacer-inner\"><\/div>\n\t\t<\/div>\n\t\t\t\t\t\t<\/div>\n\t\t\t\t<\/div>\n\t\t\t\t\t<\/div>\n\t\t<\/div>\n\t\t\t\t\t<\/div>\n\t\t<\/section>\n\t\t\t\t<section class=\"elementor-section elementor-top-section elementor-element elementor-element-4a38b854 elementor-section-full_width elementor-section-height-default elementor-section-height-default\" data-id=\"4a38b854\" data-element_type=\"section\" data-e-type=\"section\">\n\t\t\t\t\t\t<div class=\"elementor-container elementor-column-gap-default\">\n\t\t\t\t\t<div class=\"elementor-column elementor-col-100 elementor-top-column elementor-element elementor-element-16d8c06b\" data-id=\"16d8c06b\" data-element_type=\"column\" data-e-type=\"column\">\n\t\t\t<div class=\"elementor-widget-wrap elementor-element-populated\">\n\t\t\t\t\t\t<div class=\"elementor-element elementor-element-25ceb3f8 elementor-widget elementor-widget-image\" data-id=\"25ceb3f8\" data-element_type=\"widget\" data-e-type=\"widget\" data-widget_type=\"image.default\">\n\t\t\t\t<div class=\"elementor-widget-container\">\n\t\t\t\t\t\t\t\t\t\t\t\t\t\t\t\t<a href=\"https:\/\/vasakderi.com\/de\/Produkt\/fruhlingsmantel-echtes-leder-damenjacke-zebramuster\/\">\n\t\t\t\t\t\t\t<img loading=\"lazy\" loading=\"lazy\" decoding=\"async\" width=\"12821\" height=\"4096\" src=\"https:\/\/vasakderi.com\/wp-content\/uploads\/elementor\/thumbs\/xstore-placeholder-qbdon086a6zgadwf6bvjs818301smsiueil696jtk8.png\" class=\"attachment-full size-full wp-image-8248 lazyload lazyload-simple et-lazyload-fadeIn\" alt=\"\" sizes=\"auto, (max-width: 12821px) 100vw, 12821px\" data-src=\"https:\/\/vasakderi.com\/wp-content\/uploads\/2024\/11\/Zarif-ve-Baharlik-Hakiki-Deri-Kadin-Ceketi-Zebra-Desenli-Beyaz-Deri-arka-plan-1-2.webp\" data-srcset=\"https:\/\/vasakderi.com\/wp-content\/uploads\/2024\/11\/Zarif-ve-Baharlik-Hakiki-Deri-Kadin-Ceketi-Zebra-Desenli-Beyaz-Deri-arka-plan-1-2.webp 12821w, https:\/\/vasakderi.com\/wp-content\/uploads\/2024\/11\/Zarif-ve-Baharlik-Hakiki-Deri-Kadin-Ceketi-Zebra-Desenli-Beyaz-Deri-arka-plan-1-2-380x121.webp 380w, https:\/\/vasakderi.com\/wp-content\/uploads\/2024\/11\/Zarif-ve-Baharlik-Hakiki-Deri-Kadin-Ceketi-Zebra-Desenli-Beyaz-Deri-arka-plan-1-2-610x195.webp 610w, https:\/\/vasakderi.com\/wp-content\/uploads\/2024\/11\/Zarif-ve-Baharlik-Hakiki-Deri-Kadin-Ceketi-Zebra-Desenli-Beyaz-Deri-arka-plan-1-2-150x48.webp 150w, https:\/\/vasakderi.com\/wp-content\/uploads\/2024\/11\/Zarif-ve-Baharlik-Hakiki-Deri-Kadin-Ceketi-Zebra-Desenli-Beyaz-Deri-arka-plan-1-2-658x210.webp 658w, https:\/\/vasakderi.com\/wp-content\/uploads\/2024\/11\/Zarif-ve-Baharlik-Hakiki-Deri-Kadin-Ceketi-Zebra-Desenli-Beyaz-Deri-arka-plan-1-2-1536x491.webp 1536w, https:\/\/vasakderi.com\/wp-content\/uploads\/2024\/11\/Zarif-ve-Baharlik-Hakiki-Deri-Kadin-Ceketi-Zebra-Desenli-Beyaz-Deri-arka-plan-1-2-2048x654.webp 2048w, https:\/\/vasakderi.com\/wp-content\/uploads\/2024\/11\/Zarif-ve-Baharlik-Hakiki-Deri-Kadin-Ceketi-Zebra-Desenli-Beyaz-Deri-arka-plan-1-2-685x219.webp 685w, https:\/\/vasakderi.com\/wp-content\/uploads\/2024\/11\/Zarif-ve-Baharlik-Hakiki-Deri-Kadin-Ceketi-Zebra-Desenli-Beyaz-Deri-arka-plan-1-2-2x1.webp 2w, https:\/\/vasakderi.com\/wp-content\/uploads\/2024\/11\/Zarif-ve-Baharlik-Hakiki-Deri-Kadin-Ceketi-Zebra-Desenli-Beyaz-Deri-arka-plan-1-2-10x3.webp 10w\" \/>\t\t\t\t\t\t\t\t<\/a>\n\t\t\t\t\t\t\t\t\t\t\t\t\t\t\t<\/div>\n\t\t\t\t<\/div>\n\t\t\t\t\t<\/div>\n\t\t<\/div>\n\t\t\t\t\t<\/div>\n\t\t<\/section>\n\t\t\t\t<section class=\"elementor-section elementor-top-section elementor-element elementor-element-7f5918a2 elementor-section-content-middle elementor-section-boxed elementor-section-height-default elementor-section-height-default\" data-id=\"7f5918a2\" data-element_type=\"section\" data-e-type=\"section\" data-settings=\"{&quot;background_background&quot;:&quot;classic&quot;}\">\n\t\t\t\t\t\t<div class=\"elementor-container elementor-column-gap-no\">\n\t\t\t\t\t<div class=\"elementor-column elementor-col-50 elementor-top-column elementor-element elementor-element-d3a73b5\" data-id=\"d3a73b5\" data-element_type=\"column\" data-e-type=\"column\">\n\t\t\t<div class=\"elementor-widget-wrap elementor-element-populated\">\n\t\t\t\t\t\t<div class=\"elementor-element elementor-element-a48309b elementor-widget elementor-widget-heading\" data-id=\"a48309b\" data-element_type=\"widget\" data-e-type=\"widget\" data-widget_type=\"heading.default\">\n\t\t\t\t<div class=\"elementor-widget-container\">\n\t\t\t\t\t<h4 class=\"elementor-heading-title elementor-size-default\"><a href=\"https:\/\/vasakderi.com\/magaza\/\"><b>Vasak leather. Jacken\nherstellung\nsunternehmen<\/b><\/a><\/h4>\t\t\t\t<\/div>\n\t\t\t\t<\/div>\n\t\t\t\t\t<\/div>\n\t\t<\/div>\n\t\t\t\t<div class=\"elementor-column elementor-col-50 elementor-top-column elementor-element elementor-element-748c63ee\" data-id=\"748c63ee\" data-element_type=\"column\" data-e-type=\"column\">\n\t\t\t<div class=\"elementor-widget-wrap elementor-element-populated\">\n\t\t\t\t\t\t<div class=\"elementor-element elementor-element-66ee35bc elementor-widget elementor-widget-text-editor\" data-id=\"66ee35bc\" data-element_type=\"widget\" data-e-type=\"widget\" data-widget_type=\"text-editor.default\">\n\t\t\t\t<div class=\"elementor-widget-container\">\n\t\t\t\t\t\t\t\t\t<p>Im Bereich Damenlederjacken spezialisiert, ist Vasak Deri eines der traditionsreichsten Unternehmen der Branche. Mit seinen einzigartigen und modernen Designs, die Qualit\u00e4t und Eleganz vereinen, bietet es eine breite Kollektion von Lederjacken f\u00fcr Frauen an. Vasak Deri strebt in jeder Produktionsphase nach Perfektion und z\u00e4hlt zu den f\u00fchrenden Marken der Branche.<\/p>\t\t\t\t\t\t\t\t<\/div>\n\t\t\t\t<\/div>\n\t\t\t\t\t<\/div>\n\t\t<\/div>\n\t\t\t\t\t<\/div>\n\t\t<\/section>\n\t\t\t\t<\/div>\n\t\t","protected":false},"excerpt":{"rendered":"<p>Wir sind bald hier, alle Produkte werden geladen werden&nbsp;&nbsp;&nbsp;&nbsp;&nbsp;&nbsp;Wir sind bald hier, alle Produkte werden geladen werden&nbsp;&nbsp;&nbsp;&nbsp;&nbsp;&nbsp;Wir sind bald hier, alle Produkte werden geladen werden&nbsp;&nbsp;&nbsp;&nbsp;&nbsp;&nbsp;Wir&#8230;<\/p>\n","protected":false},"author":1,"featured_media":0,"parent":0,"menu_order":0,"comment_status":"closed","ping_status":"closed","template":"elementor_header_footer","meta":{"footnotes":""},"class_list":["post-2809","page","type-page","status-publish","hentry"],"_links":{"self":[{"href":"https:\/\/vasakderi.com\/de\/wp-json\/wp\/v2\/pages\/2809","targetHints":{"allow":["GET"]}}],"collection":[{"href":"https:\/\/vasakderi.com\/de\/wp-json\/wp\/v2\/pages"}],"about":[{"href":"https:\/\/vasakderi.com\/de\/wp-json\/wp\/v2\/types\/page"}],"author":[{"embeddable":true,"href":"https:\/\/vasakderi.com\/de\/wp-json\/wp\/v2\/users\/1"}],"replies":[{"embeddable":true,"href":"https:\/\/vasakderi.com\/de\/wp-json\/wp\/v2\/comments?post=2809"}],"version-history":[{"count":6,"href":"https:\/\/vasakderi.com\/de\/wp-json\/wp\/v2\/pages\/2809\/revisions"}],"predecessor-version":[{"id":8265,"href":"https:\/\/vasakderi.com\/de\/wp-json\/wp\/v2\/pages\/2809\/revisions\/8265"}],"wp:attachment":[{"href":"https:\/\/vasakderi.com\/de\/wp-json\/wp\/v2\/media?parent=2809"}],"curies":[{"name":"wp","href":"https:\/\/api.w.org\/{rel}","templated":true}]}}