{"id":6306,"date":"2023-08-29T14:43:22","date_gmt":"2023-08-29T11:43:22","guid":{"rendered":"https:\/\/vasakderi.com\/urun\/traditionelle-osmanische-muster-farbenfrohe-fruehlings-damenjacke-aus-echtem-leder-duennem-stoff\/"},"modified":"2023-11-04T09:06:58","modified_gmt":"2023-11-04T06:06:58","slug":"traditionelle-osmanische-muster-bunte-echtes-leder-dunner-stoff-fruhlingsmantel-damenjacke","status":"publish","type":"product","link":"https:\/\/vasakderi.com\/de\/Produkt\/traditionelle-osmanische-muster-bunte-echtes-leder-dunner-stoff-fruhlingsmantel-damenjacke\/","title":{"rendered":"Traditionelle osmanische Muster, farbenfrohe Fr\u00fchlings-Damenjacke aus echtem Leder, d\u00fcnnem Stoff"},"content":{"rendered":"<p>Produktbeschreibung<\/p>\n<p>Die Jacke besteht aus Lammleder, dessen Hauptleder zu 100 % aus ECHTEM LEDER besteht und bietet mit seiner 0,2 mm Lederst\u00e4rke ein leichtes und angenehmes Tragegef\u00fchl. Dar\u00fcber hinaus spiegelt diese Jacke, angereichert mit feinen schwarzen T\u00fcll-Jersey-Details, die Kombination aus Moderne und Tradition wider und verleiht Ihrem Stil eine einzigartige historische Note. Es verleiht Ihrem Stil eine historische Note, indem es eine farbenfrohe Kombination mit traditionellen osmanischen Mustern bietet.<\/p>\n<p>Produktinhalt und Funktionen<\/p>\n<p>Produktmerkmale: Fr\u00fchlingsjacke aus Stoff und Ledermischung<\/p>\n<p>Hauptleder: 100 % ECHTES LEDER<\/p>\n<p>Lederart: Lammleder<\/p>\n<p>Lederst\u00e4rke: 0,2 mm<\/p>\n<p>Stoff: feiner T\u00fcll <\/p>\n<p>Stoffdetails: d\u00fcnner schwarzer T\u00fcll-Jersey-Stoff<\/p>\n<p>Form: Standard<\/p>\n<p>Marke: vasak<\/p>\n<p>Kragen: Chanel-Kragen<\/p>\n<p>Muster: Osmanische Muster<\/p>\n<p>Kategorie: Damenjacke<\/p>\n<p>Produkttyp: Jacke<\/p>\n<p>Jahreszeit: Fr\u00fchling<\/p>\n<p>Farbe: Schwarz-Pastellgelb-Stahlblau-Helles Mintgr\u00fcn-Blasser Pfirsich-Dunkles Olivgr\u00fcn-Olivgr\u00fcn<\/p>\n<p>Geschlecht: Frauen\/M\u00e4dchen<\/p>\n","protected":false},"excerpt":{"rendered":"<p>Diese Damenjacke verleiht Ihrem Stil einen historischen Touch, indem sie eine farbenfrohe Kombination mit reichen traditionellen osmanischen Mustern bietet. Jedes Muster ist pr\u00e4zise lasergeschnitten und detailliert. Dar\u00fcber hinaus bietet die Jacke die perfekte Harmonie aus echtem Leder und edlem Stoff.<\/p>\n","protected":false},"featured_media":6789,"comment_status":"open","ping_status":"closed","template":"","meta":[],"etheme_brands":[{"term_id":213,"name":"vasak","slug":"vasak-de","term_group":0,"term_taxonomy_id":213,"taxonomy":"brand","description":"","parent":0,"count":6,"filter":"raw"}],"product_brand":[],"product_cat":[202],"product_tag":[422],"class_list":{"0":"post-6306","1":"product","2":"type-product","3":"status-publish","4":"has-post-thumbnail","6":"brand-vasak-de","7":"product_cat-damenjacke","8":"product_tag-fruhlingslederjacke","9":"pa_beden-2xl-de","10":"pa_beden-3xl-de","11":"pa_beden-4xl-de","12":"pa_beden-5xl-de","13":"pa_beden-l-de","14":"pa_beden-m-de","15":"pa_beden-s-de","16":"pa_beden-xl-de","17":"pa_colors-pastellgelb-stahlblau-helles-mintgrun-blasser-pfirsich-dunkles-olivgrun-olivgrun-de","19":"first","20":"instock","21":"sale","22":"shipping-taxable","23":"purchasable","24":"product-type-variable","25":"has-default-attributes"},"_links":{"self":[{"href":"https:\/\/vasakderi.com\/de\/wp-json\/wp\/v2\/product\/6306","targetHints":{"allow":["GET"]}}],"collection":[{"href":"https:\/\/vasakderi.com\/de\/wp-json\/wp\/v2\/product"}],"about":[{"href":"https:\/\/vasakderi.com\/de\/wp-json\/wp\/v2\/types\/product"}],"replies":[{"embeddable":true,"href":"https:\/\/vasakderi.com\/de\/wp-json\/wp\/v2\/comments?post=6306"}],"wp:featuredmedia":[{"embeddable":true,"href":"https:\/\/vasakderi.com\/de\/wp-json\/wp\/v2\/media\/6789"}],"wp:attachment":[{"href":"https:\/\/vasakderi.com\/de\/wp-json\/wp\/v2\/media?parent=6306"}],"wp:term":[{"taxonomy":"brand","embeddable":true,"href":"https:\/\/vasakderi.com\/de\/wp-json\/wp\/v2\/etheme_brands?post=6306"},{"taxonomy":"product_brand","embeddable":true,"href":"https:\/\/vasakderi.com\/de\/wp-json\/wp\/v2\/product_brand?post=6306"},{"taxonomy":"product_cat","embeddable":true,"href":"https:\/\/vasakderi.com\/de\/wp-json\/wp\/v2\/product_cat?post=6306"},{"taxonomy":"product_tag","embeddable":true,"href":"https:\/\/vasakderi.com\/de\/wp-json\/wp\/v2\/product_tag?post=6306"}],"curies":[{"name":"wp","href":"https:\/\/api.w.org\/{rel}","templated":true}]}}