{"id":6324,"date":"2023-08-29T10:43:50","date_gmt":"2023-08-29T07:43:50","guid":{"rendered":"https:\/\/vasakderi.com\/urun\/schwarze-und-weisse-damenjacke-aus-echtem-leder-mit-duennem-fruehlingsstoff-von-barred\/"},"modified":"2023-08-30T17:53:42","modified_gmt":"2023-08-30T14:53:42","slug":"bar-schwarz-weis-echtes-leder-fruhlingsmantel-dunner-stoff-damenjacke","status":"publish","type":"product","link":"https:\/\/vasakderi.com\/de\/Produkt\/bar-schwarz-weis-echtes-leder-fruhlingsmantel-dunner-stoff-damenjacke\/","title":{"rendered":"Schwarze und wei\u00dfe Damenjacke aus echtem Leder mit d\u00fcnnem Fr\u00fchlingsstoff von Barred"},"content":{"rendered":"<p>Produktbeschreibung<\/p>\n<p>Jacke aus schwarzem und wei\u00dfem, dunklem, d\u00fcnnem Jersey-Stoff mit Federoberteil und Stacheldraht; Es wird aus Lammleder hergestellt, dessen Hauptleder zu 100 % aus ECHTEM LEDER besteht. Die Jacke, die mit ihren feinen T\u00fclldetails einen perfekten Kontrast bildet, bietet dank ihrer 0,2 mm Lederst\u00e4rke ein leichtes und angenehmes Tragegef\u00fchl.<\/p>\n<p>Produktinhalt und Funktionen<\/p>\n<p>Produktmerkmale: Fr\u00fchlingsjacke aus Stoff und Ledermischung<\/p>\n<p>Hauptleder: 100 % ECHTES LEDER<\/p>\n<p>Lederart: Lammleder<\/p>\n<p>Lederst\u00e4rke: 0,2 mm<\/p>\n<p>Stoff: feiner T\u00fcll <\/p>\n<p>Stoffdetails: d\u00fcnner schwarzer T\u00fcll-Jersey-Stoff<\/p>\n<p>Form: Standard<\/p>\n<p>Marke: vasak<\/p>\n<p>Kragen: Chanel-Kragen<\/p>\n<p>Muster: Schwarz und Wei\u00df mit Balken<\/p>\n<p>Kategorie: Damenjacke<\/p>\n<p>Produkttyp: Jacke<\/p>\n<p>Jahreszeit: Fr\u00fchling<\/p>\n<p>Farbe: Schwarz-Wei\u00df<\/p>\n<p>Geschlecht: Frauen\/M\u00e4dchen<\/p>\n","protected":false},"excerpt":{"rendered":"<p>Diese einzigartige Jacke spiegelt die hervorragende Qualit\u00e4t aus 100 % ECHTEM LEDER mit ihrem eleganten Design und dem gestreiften Schwarz-Wei\u00df-Farbkontrast wider. Dar\u00fcber hinaus ist es ideal f\u00fcr die Fr\u00fchlingssaison und besticht durch seine schwarzen Feinjersey-Stoffdetails.<\/p>\n","protected":false},"featured_media":6730,"comment_status":"open","ping_status":"closed","template":"","meta":[],"etheme_brands":[{"term_id":213,"name":"vasak","slug":"vasak-de","term_group":0,"term_taxonomy_id":213,"taxonomy":"brand","description":"","parent":0,"count":6,"filter":"raw"}],"product_brand":[],"product_cat":[202],"product_tag":[426],"class_list":{"0":"post-6324","1":"product","2":"type-product","3":"status-publish","4":"has-post-thumbnail","6":"brand-vasak-de","7":"product_cat-damenjacke","8":"product_tag-fruhlingsjacke","9":"pa_beden-2xl-de","10":"pa_beden-3xl-de","11":"pa_beden-4xl-de","12":"pa_beden-5xl-de","13":"pa_beden-l-de","14":"pa_beden-m-de","15":"pa_beden-s-de","16":"pa_beden-xl-de","17":"pa_colors-schwarz-weiss-de","19":"first","20":"instock","21":"sale","22":"shipping-taxable","23":"purchasable","24":"product-type-variable","25":"has-default-attributes"},"_links":{"self":[{"href":"https:\/\/vasakderi.com\/de\/wp-json\/wp\/v2\/product\/6324","targetHints":{"allow":["GET"]}}],"collection":[{"href":"https:\/\/vasakderi.com\/de\/wp-json\/wp\/v2\/product"}],"about":[{"href":"https:\/\/vasakderi.com\/de\/wp-json\/wp\/v2\/types\/product"}],"replies":[{"embeddable":true,"href":"https:\/\/vasakderi.com\/de\/wp-json\/wp\/v2\/comments?post=6324"}],"wp:featuredmedia":[{"embeddable":true,"href":"https:\/\/vasakderi.com\/de\/wp-json\/wp\/v2\/media\/6730"}],"wp:attachment":[{"href":"https:\/\/vasakderi.com\/de\/wp-json\/wp\/v2\/media?parent=6324"}],"wp:term":[{"taxonomy":"brand","embeddable":true,"href":"https:\/\/vasakderi.com\/de\/wp-json\/wp\/v2\/etheme_brands?post=6324"},{"taxonomy":"product_brand","embeddable":true,"href":"https:\/\/vasakderi.com\/de\/wp-json\/wp\/v2\/product_brand?post=6324"},{"taxonomy":"product_cat","embeddable":true,"href":"https:\/\/vasakderi.com\/de\/wp-json\/wp\/v2\/product_cat?post=6324"},{"taxonomy":"product_tag","embeddable":true,"href":"https:\/\/vasakderi.com\/de\/wp-json\/wp\/v2\/product_tag?post=6324"}],"curies":[{"name":"wp","href":"https:\/\/api.w.org\/{rel}","templated":true}]}}