{"id":6333,"date":"2023-08-26T13:23:40","date_gmt":"2023-08-26T10:23:40","guid":{"rendered":"https:\/\/vasakderi.com\/urun\/suedkorea-mustert-damenjacke-aus-echtem-weissem-leder-mit-fruehlingshaftem-schwarzem-stoff\/"},"modified":"2023-08-30T17:56:41","modified_gmt":"2023-08-30T14:56:41","slug":"sudkoreanische-muster-echtes-weises-leder-damenjacke-fruhlingskleidung-schwarzer-stoff","status":"publish","type":"product","link":"https:\/\/vasakderi.com\/de\/Produkt\/sudkoreanische-muster-echtes-weises-leder-damenjacke-fruhlingskleidung-schwarzer-stoff\/","title":{"rendered":"S\u00fcdkorea mustert Damenjacke aus echtem wei\u00dfem Leder mit fr\u00fchlingshaftem schwarzem Stoff"},"content":{"rendered":"<p>Produktinhalt und Funktionen<\/p>\n<p>Traditionelle s\u00fcdkoreanische gemusterte, modernisierte, mit Laser geschnittene, fr\u00fchlingshafte, schwarze, d\u00fcnne Stoffjacke; Es wurde aus Lammleder hergestellt, dessen Hauptleder zu 100 % aus ECHTEM LEDER besteht. Die Jacke, die mit ihren feinen T\u00fclldetails einen perfekten Kontrast bildet, bietet dank ihrer 0,2 mm Lederst\u00e4rke ein leichtes und angenehmes Tragegef\u00fchl.<br \/>\nLederart: Lammleder<\/p>\n<p>Hauptleder: 100 % ECHTES LEDER<\/p>\n<p>Lederart: Lammleder<\/p>\n<p>Lederst\u00e4rke: 0,2 mm<\/p>\n<p>Stoff: feiner T\u00fcll <\/p>\n<p>Stoffdetails: d\u00fcnner schwarzer T\u00fcll-Jersey-Stoff<\/p>\n<p>Form: Standard<\/p>\n<p>Marke: vasak<\/p>\n<p>Kragen: Chanel-Kragen<\/p>\n<p>Muster: s\u00fcdkoreanische Muster<\/p>\n<p>Kategorie: Damenjacke<\/p>\n<p>Produkttyp: Jacke<\/p>\n<p>Jahreszeit: Herbst<\/p>\n<p>Farbe: Wei\u00df-schwarzes Leder<\/p>\n<p>Geschlecht: Frauen\/M\u00e4dchen<\/p>\n","protected":false},"excerpt":{"rendered":"<p>Diese einzigartige Damenjacke kombiniert die traditionellen Muster S\u00fcdkoreas mit modernem Design und strahlt Qualit\u00e4t aus. Diese Jacke, die durch ihr wei\u00dfes Echtleder auff\u00e4llt, bildet einen perfekten Kontrast zu den feinen schwarzen Stoffdetails.<\/p>\n","protected":false},"featured_media":6827,"comment_status":"open","ping_status":"closed","template":"","meta":[],"etheme_brands":[{"term_id":213,"name":"vasak","slug":"vasak-de","term_group":0,"term_taxonomy_id":213,"taxonomy":"brand","description":"","parent":0,"count":6,"filter":"raw"}],"product_brand":[],"product_cat":[202],"product_tag":[426],"class_list":{"0":"post-6333","1":"product","2":"type-product","3":"status-publish","4":"has-post-thumbnail","6":"brand-vasak-de","7":"product_cat-damenjacke","8":"product_tag-fruhlingsjacke","9":"pa_beden-2xl-de","10":"pa_beden-3xl-de","11":"pa_beden-4xl-de","12":"pa_beden-5xl-de","13":"pa_beden-l-de","14":"pa_beden-m-de","15":"pa_beden-s-de","16":"pa_beden-xl-de","17":"pa_colors-schwarz-weiss-de","19":"first","20":"instock","21":"sale","22":"shipping-taxable","23":"purchasable","24":"product-type-variable","25":"has-default-attributes"},"_links":{"self":[{"href":"https:\/\/vasakderi.com\/de\/wp-json\/wp\/v2\/product\/6333","targetHints":{"allow":["GET"]}}],"collection":[{"href":"https:\/\/vasakderi.com\/de\/wp-json\/wp\/v2\/product"}],"about":[{"href":"https:\/\/vasakderi.com\/de\/wp-json\/wp\/v2\/types\/product"}],"replies":[{"embeddable":true,"href":"https:\/\/vasakderi.com\/de\/wp-json\/wp\/v2\/comments?post=6333"}],"wp:featuredmedia":[{"embeddable":true,"href":"https:\/\/vasakderi.com\/de\/wp-json\/wp\/v2\/media\/6827"}],"wp:attachment":[{"href":"https:\/\/vasakderi.com\/de\/wp-json\/wp\/v2\/media?parent=6333"}],"wp:term":[{"taxonomy":"brand","embeddable":true,"href":"https:\/\/vasakderi.com\/de\/wp-json\/wp\/v2\/etheme_brands?post=6333"},{"taxonomy":"product_brand","embeddable":true,"href":"https:\/\/vasakderi.com\/de\/wp-json\/wp\/v2\/product_brand?post=6333"},{"taxonomy":"product_cat","embeddable":true,"href":"https:\/\/vasakderi.com\/de\/wp-json\/wp\/v2\/product_cat?post=6333"},{"taxonomy":"product_tag","embeddable":true,"href":"https:\/\/vasakderi.com\/de\/wp-json\/wp\/v2\/product_tag?post=6333"}],"curies":[{"name":"wp","href":"https:\/\/api.w.org\/{rel}","templated":true}]}}