{"id":6344,"date":"2023-08-26T12:07:02","date_gmt":"2023-08-26T09:07:02","guid":{"rendered":"https:\/\/vasakderi.com\/urun\/suedkoreanische-muster-echtes-weisses-leder-damenjacke-fruehlingskleidung-schwarzer-stoff\/"},"modified":"2023-08-30T18:01:27","modified_gmt":"2023-08-30T15:01:27","slug":"fruhlingsmantel-echtes-leder-damenjacke-zebramuster","status":"publish","type":"product","link":"https:\/\/vasakderi.com\/de\/Produkt\/fruhlingsmantel-echtes-leder-damenjacke-zebramuster\/","title":{"rendered":"S\u00fcdkoreanische-Muster-echtes-wei\u00dfes-Leder-Damenjacke-Fr\u00fchlingskleidung-schwarzer-Stoff"},"content":{"rendered":"<p>Produktbeschreibung<\/p>\n<p>Die Jacke besteht aus 100 % ECHTEM LEDER als Hauptledermaterial. Per Laserschnitt wird das Mutterleder aus Lammfell gefertigt und mit einem d\u00fcnnen T\u00fcll kombiniert. Per Laserschnitt wird das Mutterleder aus Lammfell gefertigt und mit einem d\u00fcnnen T\u00fcll kombiniert.<\/p>\n<p>Produktinhalt und Funktionen<\/p>\n<p>Produktmerkmale: Fr\u00fchlingsjacke aus Stoff und Ledermischung<\/p>\n<p>Hauptleder: 100 % ECHTES LEDER<\/p>\n<p>Lederart: Lammleder<\/p>\n<p>Lederst\u00e4rke: 0,2 mm<\/p>\n<p>Stoff: feiner T\u00fcll <\/p>\n<p>Stoffdetails: d\u00fcnner schwarzer T\u00fcll-Jersey-Stoff<\/p>\n<p>Form: Standard<\/p>\n<p>Marke: vasak<\/p>\n<p>Kragen: Chanel-Kragen<\/p>\n<p>Muster: Zebra<\/p>\n<p>Kategorie: Damenjacke<\/p>\n<p>Produkttyp: Jacke<\/p>\n<p>Jahreszeit: Fr\u00fchling<\/p>\n<p>Geschlecht: Frauen\/M\u00e4dchen<\/p>\n","protected":false},"excerpt":{"rendered":"<p>Der Komfort der Fr\u00fchlingssaison und der Luxus von echtem Leder vereinen sich. Diese besondere Jacke hat ein elegantes Design und einen einzigartigen Zebradruck.<\/p>\n","protected":false},"featured_media":8869,"comment_status":"open","ping_status":"closed","template":"","meta":[],"etheme_brands":[{"term_id":213,"name":"vasak","slug":"vasak-de","term_group":0,"term_taxonomy_id":213,"taxonomy":"brand","description":"","parent":0,"count":6,"filter":"raw"}],"product_brand":[],"product_cat":[214],"product_tag":[422],"class_list":{"0":"post-6344","1":"product","2":"type-product","3":"status-publish","4":"has-post-thumbnail","6":"brand-vasak-de","7":"product_cat-nicht-kategorisiert","8":"product_tag-fruhlingslederjacke","9":"pa_beden-2xl-de","10":"pa_beden-3xl-de","11":"pa_beden-4xl-de","12":"pa_beden-5xl-de","13":"pa_beden-l-de","14":"pa_beden-m-de","15":"pa_beden-s-de","16":"pa_beden-xl-de","17":"pa_colors-schwarz-weiss-de","19":"first","20":"instock","21":"shipping-taxable","22":"purchasable","23":"product-type-variable","24":"has-default-attributes"},"_links":{"self":[{"href":"https:\/\/vasakderi.com\/de\/wp-json\/wp\/v2\/product\/6344","targetHints":{"allow":["GET"]}}],"collection":[{"href":"https:\/\/vasakderi.com\/de\/wp-json\/wp\/v2\/product"}],"about":[{"href":"https:\/\/vasakderi.com\/de\/wp-json\/wp\/v2\/types\/product"}],"replies":[{"embeddable":true,"href":"https:\/\/vasakderi.com\/de\/wp-json\/wp\/v2\/comments?post=6344"}],"wp:featuredmedia":[{"embeddable":true,"href":"https:\/\/vasakderi.com\/de\/wp-json\/wp\/v2\/media\/8869"}],"wp:attachment":[{"href":"https:\/\/vasakderi.com\/de\/wp-json\/wp\/v2\/media?parent=6344"}],"wp:term":[{"taxonomy":"brand","embeddable":true,"href":"https:\/\/vasakderi.com\/de\/wp-json\/wp\/v2\/etheme_brands?post=6344"},{"taxonomy":"product_brand","embeddable":true,"href":"https:\/\/vasakderi.com\/de\/wp-json\/wp\/v2\/product_brand?post=6344"},{"taxonomy":"product_cat","embeddable":true,"href":"https:\/\/vasakderi.com\/de\/wp-json\/wp\/v2\/product_cat?post=6344"},{"taxonomy":"product_tag","embeddable":true,"href":"https:\/\/vasakderi.com\/de\/wp-json\/wp\/v2\/product_tag?post=6344"}],"curies":[{"name":"wp","href":"https:\/\/api.w.org\/{rel}","templated":true}]}}