{"id":6362,"date":"2023-08-25T15:02:55","date_gmt":"2023-08-25T12:02:55","guid":{"rendered":"https:\/\/vasakderi.com\/urun\/fruehling-duenne-lederjacke-frau-muster\/"},"modified":"2023-08-30T18:08:49","modified_gmt":"2023-08-30T15:08:49","slug":"fruhling-dunne-lederjacke-damen-muster","status":"publish","type":"product","link":"https:\/\/vasakderi.com\/de\/Produkt\/fruhling-dunne-lederjacke-damen-muster\/","title":{"rendered":"Fr\u00fchling d\u00fcnne Lederjacke Frau Muster"},"content":{"rendered":"<p>Produktbeschreibung<\/p>\n<p>Lasergeschnittene Damenjacke aus echtem Leder mit Woman-Muster <\/p>\n<p>Produktinhalt und Funktionen<\/p>\n<p>Hauptleder: 100 % ECHTES LEDER<\/p>\n<p>Lederart: Lammfell<\/p>\n<p>Lederst\u00e4rke: 0,2 mm<\/p>\n<p>Stoffdetails: d\u00fcnner schwarzer T\u00fcll-Jersey-Stoff<\/p>\n<p>Stoff: feiner T\u00fcll <\/p>\n<p>Produktmerkmale: Fr\u00fchlingsjacke aus Stoff und Ledermischung<\/p>\n<p>Form: Standard<\/p>\n<p>Marke: vasak<\/p>\n<p>Kragen: Chanel-Kragen<\/p>\n<p>Muster: Frau<\/p>\n<p>Geschlecht: Frauen\/M\u00e4dchen<\/p>\n<p>Produkttyp: Jacke<\/p>\n","protected":false},"excerpt":{"rendered":"<p>Produktbeschreibung Lasergeschnittene Damenjacke aus echtem Leder mit Woman-Muster Produktinhalt und Funktionen Hauptleder: 100 % ECHTES LEDER Lederart: Lammfell Lederst\u00e4rke: 0,2 mm Stoffdetails: d\u00fcnner schwarzer T\u00fcll-Jersey-Stoff&#8230;<\/p>\n","protected":false},"featured_media":8773,"comment_status":"open","ping_status":"closed","template":"","meta":[],"etheme_brands":[{"term_id":213,"name":"vasak","slug":"vasak-de","term_group":0,"term_taxonomy_id":213,"taxonomy":"brand","description":"","parent":0,"count":6,"filter":"raw"}],"product_brand":[],"product_cat":[214],"product_tag":[426],"class_list":{"0":"post-6362","1":"product","2":"type-product","3":"status-publish","4":"has-post-thumbnail","6":"brand-vasak-de","7":"product_cat-nicht-kategorisiert","8":"product_tag-fruhlingsjacke","9":"pa_beden-2xl-de","10":"pa_beden-3xl-de","11":"pa_beden-4xl-de","12":"pa_beden-5xl-de","13":"pa_beden-l-de","14":"pa_beden-m-de","15":"pa_beden-s-de","16":"pa_beden-xl-de","17":"pa_colors-mink-de","19":"first","20":"instock","21":"shipping-taxable","22":"purchasable","23":"product-type-variable","24":"has-default-attributes"},"_links":{"self":[{"href":"https:\/\/vasakderi.com\/de\/wp-json\/wp\/v2\/product\/6362","targetHints":{"allow":["GET"]}}],"collection":[{"href":"https:\/\/vasakderi.com\/de\/wp-json\/wp\/v2\/product"}],"about":[{"href":"https:\/\/vasakderi.com\/de\/wp-json\/wp\/v2\/types\/product"}],"replies":[{"embeddable":true,"href":"https:\/\/vasakderi.com\/de\/wp-json\/wp\/v2\/comments?post=6362"}],"wp:featuredmedia":[{"embeddable":true,"href":"https:\/\/vasakderi.com\/de\/wp-json\/wp\/v2\/media\/8773"}],"wp:attachment":[{"href":"https:\/\/vasakderi.com\/de\/wp-json\/wp\/v2\/media?parent=6362"}],"wp:term":[{"taxonomy":"brand","embeddable":true,"href":"https:\/\/vasakderi.com\/de\/wp-json\/wp\/v2\/etheme_brands?post=6362"},{"taxonomy":"product_brand","embeddable":true,"href":"https:\/\/vasakderi.com\/de\/wp-json\/wp\/v2\/product_brand?post=6362"},{"taxonomy":"product_cat","embeddable":true,"href":"https:\/\/vasakderi.com\/de\/wp-json\/wp\/v2\/product_cat?post=6362"},{"taxonomy":"product_tag","embeddable":true,"href":"https:\/\/vasakderi.com\/de\/wp-json\/wp\/v2\/product_tag?post=6362"}],"curies":[{"name":"wp","href":"https:\/\/api.w.org\/{rel}","templated":true}]}}