{"id":6216,"date":"2023-08-26T12:07:02","date_gmt":"2023-08-26T09:07:02","guid":{"rendered":"https:\/\/vasakderi.com\/urun\/elegant-and-stylish-spring-genuine-leather-womens-jacket-with-zebra-pattern\/"},"modified":"2023-09-08T17:16:39","modified_gmt":"2023-09-08T14:16:39","slug":"this-special-jacket-has-elegant-design-and-unique-zebra-print","status":"publish","type":"product","link":"https:\/\/vasakderi.com\/en\/product\/this-special-jacket-has-elegant-design-and-unique-zebra-print\/","title":{"rendered":"Elegant and Stylish Spring Genuine Leather Women&#8217;s Jacket with Zebra Pattern"},"content":{"rendered":"<p>Product Description<\/p>\n<p>The jacket is designed using 100% GENUINE LEATHER as the main leather material. With laser cutting, the mother leather is made of lambskin and combined with a thin tulle. With a leather thickness of only 0.2mm, it offers a light and comfortable use.<\/p>\n<p>Product Content and Features<\/p>\n<p>Product Features: spring fabric leather blend jacket<\/p>\n<p>Main leather: 100% GENUINE LEATHER<\/p>\n<p>leather type: Lambskin<\/p>\n<p>leather thickness: 0.2mm<\/p>\n<p>Fabric: thin tulle<\/p>\n<p>Fabric Detail: thin black tulle jersey fabric<\/p>\n<p>Mold: Standard<\/p>\n<p>Brand: vasak<\/p>\n<p>Collar: chanel Collar<\/p>\n<p>Pattern: Zebra<\/p>\n<p>Category: women jacket<\/p>\n<p>Product Type: Jacket<\/p>\n<p>Season: Spring<\/p>\n<p>Gender: Women\/Girls<\/p>\n","protected":false},"excerpt":{"rendered":"<p>The comfort of spring season and the luxury of genuine leather come together. Bu \u00f6zel ceket, zarif tasar\u0131m\u0131 ve \u00f6zg\u00fcn zebra desenli<\/p>\n","protected":false},"featured_media":8870,"comment_status":"open","ping_status":"closed","template":"","meta":[],"etheme_brands":[{"term_id":135,"name":"vasak","slug":"vasak-en","term_group":0,"term_taxonomy_id":135,"taxonomy":"brand","description":"","parent":0,"count":6,"filter":"raw"}],"product_brand":[],"product_cat":[101],"product_tag":[410],"class_list":{"0":"post-6216","1":"product","2":"type-product","3":"status-publish","4":"has-post-thumbnail","6":"brand-vasak-en","7":"product_cat-uncategorized-ru","8":"product_tag-spring-leather-jacket","9":"pa_beden-2xl-en","10":"pa_beden-3xl-en","11":"pa_beden-4xl-en","12":"pa_beden-5xl-en","13":"pa_beden-l-en","14":"pa_beden-m-en","15":"pa_beden-s-en","16":"pa_beden-xl-en","17":"pa_colors-black-white-en","19":"first","20":"instock","21":"shipping-taxable","22":"purchasable","23":"product-type-variable","24":"has-default-attributes"},"_links":{"self":[{"href":"https:\/\/vasakderi.com\/en\/wp-json\/wp\/v2\/product\/6216","targetHints":{"allow":["GET"]}}],"collection":[{"href":"https:\/\/vasakderi.com\/en\/wp-json\/wp\/v2\/product"}],"about":[{"href":"https:\/\/vasakderi.com\/en\/wp-json\/wp\/v2\/types\/product"}],"replies":[{"embeddable":true,"href":"https:\/\/vasakderi.com\/en\/wp-json\/wp\/v2\/comments?post=6216"}],"wp:featuredmedia":[{"embeddable":true,"href":"https:\/\/vasakderi.com\/en\/wp-json\/wp\/v2\/media\/8870"}],"wp:attachment":[{"href":"https:\/\/vasakderi.com\/en\/wp-json\/wp\/v2\/media?parent=6216"}],"wp:term":[{"taxonomy":"brand","embeddable":true,"href":"https:\/\/vasakderi.com\/en\/wp-json\/wp\/v2\/etheme_brands?post=6216"},{"taxonomy":"product_brand","embeddable":true,"href":"https:\/\/vasakderi.com\/en\/wp-json\/wp\/v2\/product_brand?post=6216"},{"taxonomy":"product_cat","embeddable":true,"href":"https:\/\/vasakderi.com\/en\/wp-json\/wp\/v2\/product_cat?post=6216"},{"taxonomy":"product_tag","embeddable":true,"href":"https:\/\/vasakderi.com\/en\/wp-json\/wp\/v2\/product_tag?post=6216"}],"curies":[{"name":"wp","href":"https:\/\/api.w.org\/{rel}","templated":true}]}}