{"id":2811,"date":"2023-06-05T18:22:28","date_gmt":"2023-06-05T15:22:28","guid":{"rendered":"https:\/\/vasakderi.com\/pagina-principal\/"},"modified":"2024-11-16T10:01:07","modified_gmt":"2024-11-16T07:01:07","slug":"pagina-principal","status":"publish","type":"page","link":"https:\/\/vasakderi.com\/es\/","title":{"rendered":"P\u00e1gina principal"},"content":{"rendered":"\t\t<div data-elementor-type=\"wp-page\" data-elementor-id=\"2811\" class=\"elementor elementor-2811 elementor-1346\">\n\t\t\t\t\t\t<section class=\"elementor-section elementor-top-section elementor-element elementor-element-3e6ae29d elementor-section-full_width elementor-section-height-default elementor-section-height-default\" data-id=\"3e6ae29d\" data-element_type=\"section\" data-e-type=\"section\" data-settings=\"{&quot;background_background&quot;:&quot;classic&quot;}\">\n\t\t\t\t\t\t<div class=\"elementor-container elementor-column-gap-default\">\n\t\t\t\t\t<div class=\"elementor-column elementor-col-100 elementor-top-column elementor-element elementor-element-23886f9f\" data-id=\"23886f9f\" data-element_type=\"column\" data-e-type=\"column\">\n\t\t\t<div class=\"elementor-widget-wrap elementor-element-populated\">\n\t\t\t\t\t\t<div class=\"elementor-element elementor-element-75b4ac2d elementor-widget elementor-widget-html\" data-id=\"75b4ac2d\" data-element_type=\"widget\" data-e-type=\"widget\" data-widget_type=\"html.default\">\n\t\t\t\t<div class=\"elementor-widget-container\">\n\t\t\t\t\t<style>\r\n.marquee_container___Cl77 {\r\n  width: 100%;\r\n  overflow: hidden;\r\n}\r\n\r\n.marquee_wrapper__drbcf {\r\n  display: flex;\r\n  justify-content: center;\r\n  animation: marquee 10s linear infinite;\r\n}\r\n\r\n.marquee_textContainer__bjxOK {\r\n  display: inline-block;\r\n  white-space: nowrap;\r\n}\r\n\r\n.marquee_textContainer__bjxOK span {\r\n  color: white;\r\n  font-size: 20px;\r\n}\r\n\r\n@keyframes marquee {\r\n  0% { transform: translateX(50%); }\r\n  100% { transform: translateX(-50%); }\r\n}\r\n<\/style>\r\n\r\n<div class=\"marquee_container___Cl77\">\r\n  <div class=\"marquee_wrapper__drbcf\">\r\n    <div class=\"marquee_textContainer__bjxOK\">\r\n      <span>Estamos aqu\u00ed pronto, todos los productos ser\u00e1n cargados<\/span><span>&nbsp;&nbsp;&nbsp;&nbsp;&nbsp;&nbsp;<span>Estamos aqu\u00ed pronto, todos los productos ser\u00e1n cargados<\/span><span>&nbsp;&nbsp;&nbsp;&nbsp;&nbsp;&nbsp;<span>Estamos aqu\u00ed pronto, todos los productos ser\u00e1n cargados<\/span><span>&nbsp;&nbsp;&nbsp;&nbsp;&nbsp;&nbsp;<span>Estamos aqu\u00ed pronto, todos los productos ser\u00e1n cargados<\/span><span>&nbsp;&nbsp;&nbsp;&nbsp;&nbsp;&nbsp;<span>Estamos aqu\u00ed pronto, todos los productos ser\u00e1n cargados<\/span><span>&nbsp;&nbsp;&nbsp;&nbsp;&nbsp;&nbsp;<span>Estamos aqu\u00ed pronto, todos los productos ser\u00e1n cargados<\/span><span>&nbsp;&nbsp;&nbsp;&nbsp;&nbsp;&nbsp;<span>Estamos aqu\u00ed pronto, todos los productos ser\u00e1n cargados<\/span><span>&nbsp;&nbsp;&nbsp;&nbsp;&nbsp;&nbsp;<span>Estamos aqu\u00ed pronto, todos los productos ser\u00e1n cargados<\/span><span>&nbsp;&nbsp;&nbsp;&nbsp;&nbsp;&nbsp;<span>Estamos aqu\u00ed pronto, todos los productos ser\u00e1n cargados<\/span><span>&nbsp;&nbsp;&nbsp;&nbsp;&nbsp;&nbsp;<span>Estamos aqu\u00ed pronto, todos los productos ser\u00e1n cargados<\/span><span>&nbsp;&nbsp;&nbsp;&nbsp;&nbsp;&nbsp;<span>Estamos aqu\u00ed pronto, todos los productos ser\u00e1n cargados<\/span><span>&nbsp;&nbsp;&nbsp;&nbsp;&nbsp;&nbsp;<span>Estamos aqu\u00ed pronto, todos los productos ser\u00e1n cargados<\/span><span>&nbsp;&nbsp;&nbsp;&nbsp;&nbsp;&nbsp;<span>Estamos aqu\u00ed pronto, todos los productos ser\u00e1n cargados<\/span><span>&nbsp;&nbsp;&nbsp;&nbsp;&nbsp;&nbsp;<span>Estamos aqu\u00ed pronto, todos los productos ser\u00e1n cargados<\/span><span>&nbsp;&nbsp;&nbsp;&nbsp;&nbsp;&nbsp;<span>Estamos aqu\u00ed pronto, todos los productos ser\u00e1n cargados<\/span><span>&nbsp;&nbsp;&nbsp;&nbsp;&nbsp;&nbsp;<span>Estamos aqu\u00ed pronto, todos los productos ser\u00e1n cargados<\/span><span>&nbsp;&nbsp;&nbsp;&nbsp;&nbsp;&nbsp;<span>Estamos aqu\u00ed pronto, todos los productos ser\u00e1n cargados<\/span><span>&nbsp;&nbsp;&nbsp;&nbsp;&nbsp;&nbsp;<span>Estamos aqu\u00ed pronto, todos los productos ser\u00e1n cargados<\/span><span>&nbsp;&nbsp;&nbsp;&nbsp;&nbsp;&nbsp;<span>Estamos aqu\u00ed pronto, todos los productos ser\u00e1n cargados<\/span><span>&nbsp;&nbsp;&nbsp;&nbsp;&nbsp;&nbsp;<span>Estamos aqu\u00ed pronto, todos los productos ser\u00e1n cargados<\/span><span>&nbsp;&nbsp;&nbsp;&nbsp;&nbsp;&nbsp;<span>Estamos aqu\u00ed pronto, todos los productos ser\u00e1n cargados<\/span><span>&nbsp;&nbsp;&nbsp;&nbsp;&nbsp;&nbsp;<span>Estamos aqu\u00ed pronto, todos los productos ser\u00e1n cargados<\/span><span>&nbsp;&nbsp;&nbsp;&nbsp;&nbsp;&nbsp;<span>Estamos aqu\u00ed pronto, todos los productos ser\u00e1n cargados<\/span><span>&nbsp;&nbsp;&nbsp;&nbsp;&nbsp;&nbsp;<span>Estamos aqu\u00ed pronto, todos los productos ser\u00e1n cargados<\/span><span>&nbsp;&nbsp;&nbsp;&nbsp;&nbsp;&nbsp;<span>Estamos aqu\u00ed pronto, todos los productos ser\u00e1n cargados<\/span><span>&nbsp;&nbsp;&nbsp;&nbsp;&nbsp;&nbsp;<span>Estamos aqu\u00ed pronto, todos los productos ser\u00e1n cargados<\/span><span>&nbsp;&nbsp;&nbsp;&nbsp;&nbsp;&nbsp;<span>Estamos aqu\u00ed pronto, todos los productos ser\u00e1n cargados<\/span><span>&nbsp;&nbsp;&nbsp;&nbsp;&nbsp;&nbsp;<span>Estamos aqu\u00ed pronto, todos los productos ser\u00e1n cargados<\/span><span>&nbsp;&nbsp;&nbsp;&nbsp;&nbsp;&nbsp;<span>Estamos aqu\u00ed pronto, todos los productos ser\u00e1n cargados<\/span><span>&nbsp;&nbsp;&nbsp;&nbsp;&nbsp;&nbsp;<span>Estamos aqu\u00ed pronto, todos los productos ser\u00e1n cargados<\/span><span>&nbsp;&nbsp;&nbsp;&nbsp;&nbsp;&nbsp;<span>Estamos aqu\u00ed pronto, todos los productos ser\u00e1n cargados<\/span><span>&nbsp;&nbsp;&nbsp;&nbsp;&nbsp;&nbsp;<span>Estamos aqu\u00ed pronto, todos los productos ser\u00e1n cargados<\/span><span>&nbsp;&nbsp;&nbsp;&nbsp;&nbsp;&nbsp;<span>Estamos aqu\u00ed pronto, todos los productos ser\u00e1n cargados<\/span><span>&nbsp;&nbsp;&nbsp;&nbsp;&nbsp;&nbsp;<span>Estamos aqu\u00ed pronto, todos los productos ser\u00e1n cargados<\/span><span>&nbsp;&nbsp;&nbsp;&nbsp;&nbsp;&nbsp;<span>Estamos aqu\u00ed pronto, todos los productos ser\u00e1n cargados<\/span><span>&nbsp;&nbsp;&nbsp;&nbsp;&nbsp;&nbsp;<span>Estamos aqu\u00ed pronto, todos los productos ser\u00e1n cargados<\/span><span>&nbsp;&nbsp;&nbsp;&nbsp;&nbsp;&nbsp;<span>Estamos aqu\u00ed pronto, todos los productos ser\u00e1n cargados<\/span><span>&nbsp;&nbsp;&nbsp;&nbsp;&nbsp;&nbsp;<span>Estamos aqu\u00ed pronto, todos los productos ser\u00e1n cargados<\/span><span>&nbsp;&nbsp;&nbsp;&nbsp;&nbsp;&nbsp;<span>Estamos aqu\u00ed pronto, todos los productos ser\u00e1n cargados<\/span><span>&nbsp;&nbsp;&nbsp;&nbsp;&nbsp;&nbsp;<span>Estamos aqu\u00ed pronto, todos los productos ser\u00e1n cargados<\/span><span>&nbsp;&nbsp;&nbsp;&nbsp;&nbsp;&nbsp;<span>Estamos aqu\u00ed pronto, todos los productos ser\u00e1n cargados<\/span><span>&nbsp;&nbsp;&nbsp;&nbsp;&nbsp;&nbsp;<span>Estamos aqu\u00ed pronto, todos los productos ser\u00e1n cargados<\/span><span>&nbsp;&nbsp;&nbsp;&nbsp;&nbsp;&nbsp;<span>Estamos aqu\u00ed pronto, todos los productos ser\u00e1n cargados<\/span><span>&nbsp;&nbsp;&nbsp;&nbsp;&nbsp;&nbsp;<span>Estamos aqu\u00ed pronto, todos los productos ser\u00e1n cargados<\/span><span>&nbsp;&nbsp;&nbsp;&nbsp;&nbsp;&nbsp;<span>Estamos aqu\u00ed pronto, todos los productos ser\u00e1n cargados<\/span><span>&nbsp;&nbsp;&nbsp;&nbsp;&nbsp;&nbsp;<span>Estamos aqu\u00ed pronto, todos los productos ser\u00e1n cargados<\/span><span>&nbsp;&nbsp;&nbsp;&nbsp;&nbsp;&nbsp;<span>Estamos aqu\u00ed pronto, todos los productos ser\u00e1n cargados<\/span><span>&nbsp;&nbsp;&nbsp;&nbsp;&nbsp;&nbsp;<span>Estamos aqu\u00ed pronto, todos los productos ser\u00e1n cargados<\/span><span>&nbsp;&nbsp;&nbsp;&nbsp;&nbsp;&nbsp;<span>Estamos aqu\u00ed pronto, todos los productos ser\u00e1n cargados<\/span><span>&nbsp;&nbsp;&nbsp;&nbsp;&nbsp;&nbsp;<span>Estamos aqu\u00ed pronto, todos los productos ser\u00e1n cargados<\/span><span>&nbsp;&nbsp;&nbsp;&nbsp;&nbsp;&nbsp;<span>Estamos aqu\u00ed pronto, todos los productos ser\u00e1n cargados<\/span><span>&nbsp;&nbsp;&nbsp;&nbsp;&nbsp;&nbsp;<span>Estamos aqu\u00ed pronto, todos los productos ser\u00e1n cargados<\/span><span>&nbsp;&nbsp;&nbsp;&nbsp;&nbsp;&nbsp;<span>Estamos aqu\u00ed pronto, todos los productos ser\u00e1n cargados<\/span><span>&nbsp;&nbsp;&nbsp;&nbsp;&nbsp;&nbsp;<span>Estamos aqu\u00ed pronto, todos los productos ser\u00e1n cargados<\/span><span>&nbsp;&nbsp;&nbsp;&nbsp;&nbsp;&nbsp;<span>Estamos aqu\u00ed pronto, todos los productos ser\u00e1n cargados<\/span><span>&nbsp;&nbsp;&nbsp;&nbsp;&nbsp;&nbsp;<span>Estamos aqu\u00ed pronto, todos los productos ser\u00e1n cargados<\/span><span>&nbsp;&nbsp;&nbsp;&nbsp;&nbsp;&nbsp;<span>Estamos aqu\u00ed pronto, todos los productos ser\u00e1n cargados<\/span><span>&nbsp;&nbsp;&nbsp;&nbsp;&nbsp;&nbsp;<span>Estamos aqu\u00ed pronto, todos los productos ser\u00e1n cargados<\/span><span>&nbsp;&nbsp;&nbsp;&nbsp;&nbsp;&nbsp;<span>Estamos aqu\u00ed pronto, todos los productos ser\u00e1n cargados<\/span><span>&nbsp;&nbsp;&nbsp;&nbsp;&nbsp;&nbsp;<span>Estamos aqu\u00ed pronto, todos los productos ser\u00e1n cargados<\/span><span>&nbsp;&nbsp;&nbsp;&nbsp;&nbsp;&nbsp;<span>Estamos aqu\u00ed pronto, todos los productos ser\u00e1n cargados<\/span><span>&nbsp;&nbsp;&nbsp;&nbsp;&nbsp;&nbsp;<span>Estamos aqu\u00ed pronto, todos los productos ser\u00e1n cargados<\/span><span>&nbsp;&nbsp;&nbsp;&nbsp;&nbsp;&nbsp;<span>Estamos aqu\u00ed pronto, todos los productos ser\u00e1n cargados<\/span><span>&nbsp;&nbsp;&nbsp;&nbsp;&nbsp;&nbsp;<span>Estamos aqu\u00ed pronto, todos los productos ser\u00e1n cargados<\/span><span>&nbsp;&nbsp;&nbsp;&nbsp;&nbsp;&nbsp;<span>Estamos aqu\u00ed pronto, todos los productos ser\u00e1n cargados<\/span><span>&nbsp;&nbsp;&nbsp;&nbsp;&nbsp;&nbsp;<span>Estamos aqu\u00ed pronto, todos los productos ser\u00e1n cargados<\/span><span>&nbsp;&nbsp;&nbsp;&nbsp;&nbsp;&nbsp;<span>Estamos aqu\u00ed pronto, todos los productos ser\u00e1n cargados<\/span><span>&nbsp;&nbsp;&nbsp;&nbsp;&nbsp;&nbsp;<span>Estamos aqu\u00ed pronto, todos los productos ser\u00e1n cargados<\/span><span>&nbsp;&nbsp;&nbsp;&nbsp;&nbsp;&nbsp;<span>Estamos aqu\u00ed pronto, todos los productos ser\u00e1n cargados<\/span><span>&nbsp;&nbsp;&nbsp;&nbsp;&nbsp;&nbsp;<span>Estamos aqu\u00ed pronto, todos los productos ser\u00e1n cargados<\/span><span>&nbsp;&nbsp;&nbsp;&nbsp;&nbsp;&nbsp;<span>Estamos aqu\u00ed pronto, todos los productos ser\u00e1n cargados<\/span><span>&nbsp;&nbsp;&nbsp;&nbsp;&nbsp;&nbsp;<span>Estamos aqu\u00ed pronto, todos los productos ser\u00e1n cargados<\/span><span>&nbsp;&nbsp;&nbsp;&nbsp;&nbsp;&nbsp;<span>Estamos aqu\u00ed pronto, todos los productos ser\u00e1n cargados<\/span><span>&nbsp;&nbsp;&nbsp;&nbsp;&nbsp;&nbsp;<span>Estamos aqu\u00ed pronto, todos los productos ser\u00e1n cargados<\/span><span>&nbsp;&nbsp;&nbsp;&nbsp;&nbsp;&nbsp;<span>Estamos aqu\u00ed pronto, todos los productos ser\u00e1n cargados<\/span><span>&nbsp;&nbsp;&nbsp;&nbsp;&nbsp;&nbsp;<span>Estamos aqu\u00ed pronto, todos los productos ser\u00e1n cargados<\/span><span>&nbsp;&nbsp;&nbsp;&nbsp;&nbsp;&nbsp;<span>Estamos aqu\u00ed pronto, todos los productos ser\u00e1n cargados<\/span><span>&nbsp;&nbsp;&nbsp;&nbsp;&nbsp;&nbsp;<span>Estamos aqu\u00ed pronto, todos los productos ser\u00e1n cargados<\/span><span>&nbsp;&nbsp;&nbsp;&nbsp;&nbsp;&nbsp;<span>Estamos aqu\u00ed pronto, todos los productos ser\u00e1n cargados<\/span><span>&nbsp;&nbsp;&nbsp;&nbsp;&nbsp;&nbsp;<span>Estamos aqu\u00ed pronto, todos los productos ser\u00e1n cargados<\/span><span>&nbsp;&nbsp;&nbsp;&nbsp;&nbsp;&nbsp;<span>Estamos aqu\u00ed pronto, todos los productos ser\u00e1n cargados<\/span><span>&nbsp;&nbsp;&nbsp;&nbsp;&nbsp;&nbsp;<span>Estamos aqu\u00ed pronto, todos los productos ser\u00e1n cargados<\/span><span>&nbsp;&nbsp;&nbsp;&nbsp;&nbsp;&nbsp;<span>Estamos aqu\u00ed pronto, todos los productos ser\u00e1n cargados<\/span><span>&nbsp;&nbsp;&nbsp;&nbsp;&nbsp;&nbsp;<span>Estamos aqu\u00ed pronto, todos los productos ser\u00e1n cargados<\/span><span>&nbsp;&nbsp;&nbsp;&nbsp;&nbsp;&nbsp;<span>Estamos aqu\u00ed pronto, todos los productos ser\u00e1n cargados<\/span><span>&nbsp;&nbsp;&nbsp;&nbsp;&nbsp;&nbsp;<span>Estamos aqu\u00ed pronto, todos los productos ser\u00e1n cargados<\/span><span>&nbsp;&nbsp;&nbsp;&nbsp;&nbsp;&nbsp;<span>Estamos aqu\u00ed pronto, todos los productos ser\u00e1n cargados<\/span><span>&nbsp;&nbsp;&nbsp;&nbsp;&nbsp;&nbsp;<span>Estamos aqu\u00ed pronto, todos los productos ser\u00e1n cargados<\/span><span>&nbsp;&nbsp;&nbsp;&nbsp;&nbsp;&nbsp;<span>Estamos aqu\u00ed pronto, todos los productos ser\u00e1n cargados<\/span><span>&nbsp;&nbsp;&nbsp;&nbsp;&nbsp;&nbsp;<span>Estamos aqu\u00ed pronto, todos los productos ser\u00e1n cargados<\/span><span>&nbsp;&nbsp;&nbsp;&nbsp;&nbsp;&nbsp;<span>Estamos aqu\u00ed pronto, todos los productos ser\u00e1n cargados<\/span><span>&nbsp;&nbsp;&nbsp;&nbsp;&nbsp;&nbsp;<span>Estamos aqu\u00ed pronto, todos los productos ser\u00e1n cargados<\/span><span>&nbsp;&nbsp;&nbsp;&nbsp;&nbsp;&nbsp;<span>Estamos aqu\u00ed pronto, todos los productos ser\u00e1n cargados<\/span><span>&nbsp;&nbsp;&nbsp;&nbsp;&nbsp;&nbsp;<span>Estamos aqu\u00ed pronto, todos los productos ser\u00e1n cargados<\/span><span>&nbsp;&nbsp;&nbsp;&nbsp;&nbsp;&nbsp;<span>Estamos aqu\u00ed pronto, todos los productos ser\u00e1n cargados<\/span><span>&nbsp;&nbsp;&nbsp;&nbsp;&nbsp;&nbsp;<span>Estamos aqu\u00ed pronto, todos los productos ser\u00e1n cargados<\/span><span>&nbsp;&nbsp;&nbsp;&nbsp;&nbsp;&nbsp;<span>Estamos aqu\u00ed pronto, todos los productos ser\u00e1n cargados<\/span><span>&nbsp;&nbsp;&nbsp;&nbsp;&nbsp;&nbsp;<span>Estamos aqu\u00ed pronto, todos los productos ser\u00e1n cargados<\/span><span>&nbsp;&nbsp;&nbsp;&nbsp;&nbsp;&nbsp;<span>Estamos aqu\u00ed pronto, todos los productos ser\u00e1n cargados<\/span><span>&nbsp;&nbsp;&nbsp;&nbsp;&nbsp;&nbsp;<span>Estamos aqu\u00ed pronto, todos los productos ser\u00e1n cargados<\/span><span>&nbsp;&nbsp;&nbsp;&nbsp;&nbsp;&nbsp;<span>Estamos aqu\u00ed pronto, todos los productos ser\u00e1n cargados<\/span><span>&nbsp;&nbsp;&nbsp;&nbsp;&nbsp;&nbsp;<span>Estamos aqu\u00ed pronto, todos los productos ser\u00e1n cargados<\/span><span>&nbsp;&nbsp;&nbsp;&nbsp;&nbsp;&nbsp;<span>Estamos aqu\u00ed pronto, todos los productos ser\u00e1n cargados<\/span><span>&nbsp;&nbsp;&nbsp;&nbsp;&nbsp;&nbsp;<span>Estamos aqu\u00ed pronto, todos los productos ser\u00e1n cargados<\/span><span>&nbsp;&nbsp;&nbsp;&nbsp;&nbsp;&nbsp;<span>Estamos aqu\u00ed pronto, todos los productos ser\u00e1n cargados<\/span><span>&nbsp;&nbsp;&nbsp;&nbsp;&nbsp;&nbsp;<span>Estamos aqu\u00ed pronto, todos los productos ser\u00e1n cargados<\/span><span>&nbsp;&nbsp;&nbsp;&nbsp;&nbsp;&nbsp;<span>Estamos aqu\u00ed pronto, todos los productos ser\u00e1n cargados<\/span><span>&nbsp;&nbsp;&nbsp;&nbsp;&nbsp;&nbsp;<span>Estamos aqu\u00ed pronto, todos los productos ser\u00e1n cargados<\/span><span>&nbsp;&nbsp;&nbsp;&nbsp;&nbsp;&nbsp;<span>Estamos aqu\u00ed pronto, todos los productos ser\u00e1n cargados<\/span><span>&nbsp;&nbsp;&nbsp;&nbsp;&nbsp;&nbsp;<span>Estamos aqu\u00ed pronto, todos los productos ser\u00e1n cargados<\/span><span>&nbsp;&nbsp;&nbsp;&nbsp;&nbsp;&nbsp;<span>Estamos aqu\u00ed pronto, todos los productos ser\u00e1n cargados<\/span><span>&nbsp;&nbsp;&nbsp;&nbsp;&nbsp;&nbsp;<span>Estamos aqu\u00ed pronto, todos los productos ser\u00e1n cargados<\/span><span>&nbsp;&nbsp;&nbsp;&nbsp;&nbsp;&nbsp;<span>\r\n      <!-- Di\u011fer span etiketlerini buraya ekleyebilirsiniz -->\r\n    <\/div>\r\n  <\/div>\r\n  <\/div>\t\t\t\t<\/div>\n\t\t\t\t<\/div>\n\t\t\t\t\t<\/div>\n\t\t<\/div>\n\t\t\t\t\t<\/div>\n\t\t<\/section>\n\t\t\t\t<section class=\"elementor-section elementor-top-section elementor-element elementor-element-2ec1b2c5 elementor-section-boxed elementor-section-height-default elementor-section-height-default\" data-id=\"2ec1b2c5\" data-element_type=\"section\" data-e-type=\"section\">\n\t\t\t\t\t\t<div class=\"elementor-container elementor-column-gap-default\">\n\t\t\t\t\t<div class=\"elementor-column elementor-col-100 elementor-top-column elementor-element elementor-element-3d0efed\" data-id=\"3d0efed\" data-element_type=\"column\" data-e-type=\"column\">\n\t\t\t<div class=\"elementor-widget-wrap elementor-element-populated\">\n\t\t\t\t\t\t<div class=\"elementor-element elementor-element-759a2f9d elementor-widget elementor-widget-spacer\" data-id=\"759a2f9d\" data-element_type=\"widget\" data-e-type=\"widget\" data-widget_type=\"spacer.default\">\n\t\t\t\t<div class=\"elementor-widget-container\">\n\t\t\t\t\t\t\t<div class=\"elementor-spacer\">\n\t\t\t<div class=\"elementor-spacer-inner\"><\/div>\n\t\t<\/div>\n\t\t\t\t\t\t<\/div>\n\t\t\t\t<\/div>\n\t\t\t\t\t<\/div>\n\t\t<\/div>\n\t\t\t\t\t<\/div>\n\t\t<\/section>\n\t\t\t\t<section class=\"elementor-section elementor-top-section elementor-element elementor-element-5c3c43ef elementor-section-boxed elementor-section-height-default elementor-section-height-default\" data-id=\"5c3c43ef\" data-element_type=\"section\" data-e-type=\"section\">\n\t\t\t\t\t\t<div class=\"elementor-container elementor-column-gap-default\">\n\t\t\t\t\t<div class=\"elementor-column elementor-col-100 elementor-top-column elementor-element elementor-element-4652ad0c\" data-id=\"4652ad0c\" data-element_type=\"column\" data-e-type=\"column\">\n\t\t\t<div class=\"elementor-widget-wrap elementor-element-populated\">\n\t\t\t\t\t\t<div class=\"elementor-element elementor-element-7839a1c4 elementor-widget elementor-widget-etheme_animated_headline\" data-id=\"7839a1c4\" data-element_type=\"widget\" data-e-type=\"widget\" data-settings=\"{&quot;text_style&quot;:&quot;animate&quot;,&quot;animation_type&quot;:&quot;clip&quot;,&quot;animated_text&quot;:&quot;Welcome, estamos llegando pronto&quot;}\" data-widget_type=\"etheme_animated_headline.default\">\n\t\t\t\t<div class=\"elementor-widget-container\">\n\t\t\t\t\t        \n        <div class=\"etheme-headline-wrapper\">\n            <h2 class=\"etheme-headline etheme-headline-animation-type-clip\" data-style=\"animate\">\n\t\t                        <span class=\"etheme-headline-text-wrapper\">\n                \n\t\t            \n                    <span class=\"etheme-headline-text etheme-headline-text-active\">Welcome,&nbsp;estamos&nbsp;llegando&nbsp;pronto<\/span>                \n                <\/span>\n                            <\/h2>\n        <\/div>\n        \n\t\t\t\t\t\t<\/div>\n\t\t\t\t<\/div>\n\t\t\t\t\t<\/div>\n\t\t<\/div>\n\t\t\t\t\t<\/div>\n\t\t<\/section>\n\t\t\t\t<section class=\"elementor-section elementor-top-section elementor-element elementor-element-2b7fc4da elementor-section-boxed elementor-section-height-default elementor-section-height-default\" data-id=\"2b7fc4da\" data-element_type=\"section\" data-e-type=\"section\">\n\t\t\t\t\t\t<div class=\"elementor-container elementor-column-gap-default\">\n\t\t\t\t\t<div class=\"elementor-column elementor-col-100 elementor-top-column elementor-element elementor-element-68367d49\" data-id=\"68367d49\" data-element_type=\"column\" data-e-type=\"column\">\n\t\t\t<div class=\"elementor-widget-wrap elementor-element-populated\">\n\t\t\t\t\t\t<div class=\"elementor-element elementor-element-6644e3aa elementor-widget elementor-widget-spacer\" data-id=\"6644e3aa\" data-element_type=\"widget\" data-e-type=\"widget\" data-widget_type=\"spacer.default\">\n\t\t\t\t<div class=\"elementor-widget-container\">\n\t\t\t\t\t\t\t<div class=\"elementor-spacer\">\n\t\t\t<div class=\"elementor-spacer-inner\"><\/div>\n\t\t<\/div>\n\t\t\t\t\t\t<\/div>\n\t\t\t\t<\/div>\n\t\t\t\t\t<\/div>\n\t\t<\/div>\n\t\t\t\t\t<\/div>\n\t\t<\/section>\n\t\t\t\t<section class=\"elementor-section elementor-top-section elementor-element elementor-element-69724e03 elementor-section-full_width elementor-section-height-default elementor-section-height-default\" data-id=\"69724e03\" data-element_type=\"section\" data-e-type=\"section\">\n\t\t\t\t\t\t<div class=\"elementor-container elementor-column-gap-default\">\n\t\t\t\t\t<div class=\"elementor-column elementor-col-100 elementor-top-column elementor-element elementor-element-21a76ae3\" data-id=\"21a76ae3\" data-element_type=\"column\" data-e-type=\"column\">\n\t\t\t<div class=\"elementor-widget-wrap elementor-element-populated\">\n\t\t\t\t\t\t<div class=\"elementor-element elementor-element-76dd587b elementor-widget elementor-widget-image\" data-id=\"76dd587b\" data-element_type=\"widget\" data-e-type=\"widget\" data-widget_type=\"image.default\">\n\t\t\t\t<div class=\"elementor-widget-container\">\n\t\t\t\t\t\t\t\t\t\t\t\t\t\t\t\t<a href=\"https:\/\/vasakderi.com\/es\/producto\/abrigo-primavera-chaqueta-mujer-cuero-genuino-estampado-cebra\/\">\n\t\t\t\t\t\t\t<img loading=\"lazy\" loading=\"lazy\" decoding=\"async\" width=\"12821\" height=\"4096\" src=\"https:\/\/vasakderi.com\/wp-content\/uploads\/elementor\/thumbs\/xstore-placeholder-qbdon086a6zgadwf6bvjs818301smsiueil696jtk8.png\" class=\"attachment-full size-full wp-image-8213 lazyload lazyload-simple et-lazyload-fadeIn\" alt=\"\" sizes=\"auto, (max-width: 12821px) 100vw, 12821px\" data-src=\"https:\/\/vasakderi.com\/wp-content\/uploads\/2024\/11\/Zarif-ve-Baharlik-Hakiki-Deri-Kadin-Ceketi-Zebra-Desenli-Beyaz-Deri-arka-plan-1-1.webp\" data-srcset=\"https:\/\/vasakderi.com\/wp-content\/uploads\/2024\/11\/Zarif-ve-Baharlik-Hakiki-Deri-Kadin-Ceketi-Zebra-Desenli-Beyaz-Deri-arka-plan-1-1.webp 12821w, https:\/\/vasakderi.com\/wp-content\/uploads\/2024\/11\/Zarif-ve-Baharlik-Hakiki-Deri-Kadin-Ceketi-Zebra-Desenli-Beyaz-Deri-arka-plan-1-1-380x121.webp 380w, https:\/\/vasakderi.com\/wp-content\/uploads\/2024\/11\/Zarif-ve-Baharlik-Hakiki-Deri-Kadin-Ceketi-Zebra-Desenli-Beyaz-Deri-arka-plan-1-1-610x195.webp 610w, https:\/\/vasakderi.com\/wp-content\/uploads\/2024\/11\/Zarif-ve-Baharlik-Hakiki-Deri-Kadin-Ceketi-Zebra-Desenli-Beyaz-Deri-arka-plan-1-1-150x48.webp 150w, https:\/\/vasakderi.com\/wp-content\/uploads\/2024\/11\/Zarif-ve-Baharlik-Hakiki-Deri-Kadin-Ceketi-Zebra-Desenli-Beyaz-Deri-arka-plan-1-1-658x210.webp 658w, https:\/\/vasakderi.com\/wp-content\/uploads\/2024\/11\/Zarif-ve-Baharlik-Hakiki-Deri-Kadin-Ceketi-Zebra-Desenli-Beyaz-Deri-arka-plan-1-1-1536x491.webp 1536w, https:\/\/vasakderi.com\/wp-content\/uploads\/2024\/11\/Zarif-ve-Baharlik-Hakiki-Deri-Kadin-Ceketi-Zebra-Desenli-Beyaz-Deri-arka-plan-1-1-2048x654.webp 2048w, https:\/\/vasakderi.com\/wp-content\/uploads\/2024\/11\/Zarif-ve-Baharlik-Hakiki-Deri-Kadin-Ceketi-Zebra-Desenli-Beyaz-Deri-arka-plan-1-1-685x219.webp 685w, https:\/\/vasakderi.com\/wp-content\/uploads\/2024\/11\/Zarif-ve-Baharlik-Hakiki-Deri-Kadin-Ceketi-Zebra-Desenli-Beyaz-Deri-arka-plan-1-1-2x1.webp 2w, https:\/\/vasakderi.com\/wp-content\/uploads\/2024\/11\/Zarif-ve-Baharlik-Hakiki-Deri-Kadin-Ceketi-Zebra-Desenli-Beyaz-Deri-arka-plan-1-1-10x3.webp 10w\" \/>\t\t\t\t\t\t\t\t<\/a>\n\t\t\t\t\t\t\t\t\t\t\t\t\t\t\t<\/div>\n\t\t\t\t<\/div>\n\t\t\t\t\t<\/div>\n\t\t<\/div>\n\t\t\t\t\t<\/div>\n\t\t<\/section>\n\t\t\t\t<section class=\"elementor-section elementor-top-section elementor-element elementor-element-7f6756d2 elementor-section-content-middle elementor-section-boxed elementor-section-height-default elementor-section-height-default\" data-id=\"7f6756d2\" data-element_type=\"section\" data-e-type=\"section\" data-settings=\"{&quot;background_background&quot;:&quot;classic&quot;}\">\n\t\t\t\t\t\t<div class=\"elementor-container elementor-column-gap-no\">\n\t\t\t\t\t<div class=\"elementor-column elementor-col-50 elementor-top-column elementor-element elementor-element-346fdf90\" data-id=\"346fdf90\" data-element_type=\"column\" data-e-type=\"column\">\n\t\t\t<div class=\"elementor-widget-wrap elementor-element-populated\">\n\t\t\t\t\t\t<div class=\"elementor-element elementor-element-61e1cf2c elementor-widget elementor-widget-heading\" data-id=\"61e1cf2c\" data-element_type=\"widget\" data-e-type=\"widget\" data-widget_type=\"heading.default\">\n\t\t\t\t<div class=\"elementor-widget-container\">\n\t\t\t\t\t<h4 class=\"elementor-heading-title elementor-size-default\"><a href=\"https:\/\/vasakderi.com\/magaza\/\"><b>Vasak Leather. Empresa fabricante de chaquetas de cuero<\/b><\/a><\/h4>\t\t\t\t<\/div>\n\t\t\t\t<\/div>\n\t\t\t\t\t<\/div>\n\t\t<\/div>\n\t\t\t\t<div class=\"elementor-column elementor-col-50 elementor-top-column elementor-element elementor-element-78448f7c\" data-id=\"78448f7c\" data-element_type=\"column\" data-e-type=\"column\">\n\t\t\t<div class=\"elementor-widget-wrap elementor-element-populated\">\n\t\t\t\t\t\t<div class=\"elementor-element elementor-element-5012a468 elementor-widget elementor-widget-text-editor\" data-id=\"5012a468\" data-element_type=\"widget\" data-e-type=\"widget\" data-widget_type=\"text-editor.default\">\n\t\t\t\t<div class=\"elementor-widget-container\">\n\t\t\t\t\t\t\t\t\t<p>Vasak Leather est\u00e1 especializada en chaquetas de cuero para mujer y es una de las empresas manufactureras m\u00e1s consolidadas en la industria. Con dise\u00f1os originales y modernos que combinan calidad y elegancia, ofrece una amplia colecci\u00f3n de chaquetas de cuero para mujeres. Vasak Leather, que se enfoca en la excelencia en cada etapa de la producci\u00f3n, se encuentra entre las principales marcas del sector<\/p>\t\t\t\t\t\t\t\t<\/div>\n\t\t\t\t<\/div>\n\t\t\t\t\t<\/div>\n\t\t<\/div>\n\t\t\t\t\t<\/div>\n\t\t<\/section>\n\t\t\t\t<\/div>\n\t\t","protected":false},"excerpt":{"rendered":"<p>Estamos aqu\u00ed pronto, todos los productos ser\u00e1n cargados&nbsp;&nbsp;&nbsp;&nbsp;&nbsp;&nbsp;Estamos aqu\u00ed pronto, todos los productos ser\u00e1n cargados&nbsp;&nbsp;&nbsp;&nbsp;&nbsp;&nbsp;Estamos aqu\u00ed pronto, todos los productos ser\u00e1n cargados&nbsp;&nbsp;&nbsp;&nbsp;&nbsp;&nbsp;Estamos aqu\u00ed pronto, todos&#8230;<\/p>\n","protected":false},"author":1,"featured_media":0,"parent":0,"menu_order":0,"comment_status":"closed","ping_status":"closed","template":"elementor_header_footer","meta":{"footnotes":""},"class_list":["post-2811","page","type-page","status-publish","hentry"],"_links":{"self":[{"href":"https:\/\/vasakderi.com\/es\/wp-json\/wp\/v2\/pages\/2811","targetHints":{"allow":["GET"]}}],"collection":[{"href":"https:\/\/vasakderi.com\/es\/wp-json\/wp\/v2\/pages"}],"about":[{"href":"https:\/\/vasakderi.com\/es\/wp-json\/wp\/v2\/types\/page"}],"author":[{"embeddable":true,"href":"https:\/\/vasakderi.com\/es\/wp-json\/wp\/v2\/users\/1"}],"replies":[{"embeddable":true,"href":"https:\/\/vasakderi.com\/es\/wp-json\/wp\/v2\/comments?post=2811"}],"version-history":[{"count":21,"href":"https:\/\/vasakderi.com\/es\/wp-json\/wp\/v2\/pages\/2811\/revisions"}],"predecessor-version":[{"id":8306,"href":"https:\/\/vasakderi.com\/es\/wp-json\/wp\/v2\/pages\/2811\/revisions\/8306"}],"wp:attachment":[{"href":"https:\/\/vasakderi.com\/es\/wp-json\/wp\/v2\/media?parent=2811"}],"curies":[{"name":"wp","href":"https:\/\/api.w.org\/{rel}","templated":true}]}}