{"id":4453,"date":"2023-08-04T11:19:45","date_gmt":"2023-08-04T08:19:45","guid":{"rendered":"https:\/\/vasakderi.com\/comunicacion\/"},"modified":"2023-08-21T14:55:32","modified_gmt":"2023-08-21T11:55:32","slug":"contacto","status":"publish","type":"page","link":"https:\/\/vasakderi.com\/es\/contacto\/","title":{"rendered":"contacto"},"content":{"rendered":"\t\t<div data-elementor-type=\"wp-page\" data-elementor-id=\"4453\" class=\"elementor elementor-4453 elementor-4340\">\n\t\t\t\t\t\t<section class=\"elementor-section elementor-top-section elementor-element elementor-element-5128608e elementor-section-content-middle elementor-section-boxed elementor-section-height-default elementor-section-height-default\" data-id=\"5128608e\" data-element_type=\"section\" data-e-type=\"section\">\n\t\t\t\t\t\t<div class=\"elementor-container elementor-column-gap-no\">\n\t\t\t\t\t<div class=\"elementor-column elementor-col-50 elementor-top-column elementor-element elementor-element-7e004ab7\" data-id=\"7e004ab7\" data-element_type=\"column\" data-e-type=\"column\" data-settings=\"{&quot;background_background&quot;:&quot;classic&quot;}\">\n\t\t\t<div class=\"elementor-widget-wrap elementor-element-populated\">\n\t\t\t\t\t\t<div class=\"elementor-element elementor-element-ca0e795 elementor-widget elementor-widget-heading\" data-id=\"ca0e795\" data-element_type=\"widget\" data-e-type=\"widget\" data-widget_type=\"heading.default\">\n\t\t\t\t<div class=\"elementor-widget-container\">\n\t\t\t\t\t<h2 class=\"elementor-heading-title elementor-size-default\">Informaci\u00f3n del contacto<\/h2>\t\t\t\t<\/div>\n\t\t\t\t<\/div>\n\t\t\t\t<div class=\"elementor-element elementor-element-19ccd93e elementor-align-left elementor-widget elementor-widget-etheme_icon_box\" data-id=\"19ccd93e\" data-element_type=\"widget\" data-e-type=\"widget\" data-settings=\"{&quot;icon_type&quot;:&quot;icon&quot;}\" data-widget_type=\"etheme_icon_box.default\">\n\t\t\t\t<div class=\"elementor-widget-container\">\n\t\t\t\t\t\t\t\t<div class=\"etheme-icon-box etheme-icon-box-icon-position-left\">\n        \n                            \n                <div class=\"etheme-icon-box-icon etheme-icon-box-icon-type-icon\">\n        \n                <i aria-hidden=\"true\" class=\"et-icon et-shop\"><\/i>        \n                <\/div>\n            \n                <div class=\"etheme-icon-box-content\">\n\t\t\n                                        \n                                            <h3 class=\"etheme-icon-box-title\">\n                            <span>Direcci\u00f3n 1<\/span>\n                        <\/h3>\n                    \t\t\n                    \n                            \n                <\/div>\n\t\t\t<\/div>\n\t\t\t\t\t\t<\/div>\n\t\t\t\t<\/div>\n\t\t\t\t<div class=\"elementor-element elementor-element-efe8f49 elementor-widget elementor-widget-text-editor\" data-id=\"efe8f49\" data-element_type=\"widget\" data-e-type=\"widget\" data-widget_type=\"text-editor.default\">\n\t\t\t\t<div class=\"elementor-widget-container\">\n\t\t\t\t\t\t\t\t\t<p>Yenido\u011fan, Z\u00fcbeyde Han\u0131m Cd. No:104, 34020 Zeytinburnu\/\u0130stanbul<\/p>\n\t\t\t\t\t\t\t\t<\/div>\n\t\t\t\t<\/div>\n\t\t\t\t<div class=\"elementor-element elementor-element-3a7aec2 elementor-align-left elementor-widget elementor-widget-etheme_icon_box\" data-id=\"3a7aec2\" data-element_type=\"widget\" data-e-type=\"widget\" data-settings=\"{&quot;icon_type&quot;:&quot;icon&quot;}\" data-widget_type=\"etheme_icon_box.default\">\n\t\t\t\t<div class=\"elementor-widget-container\">\n\t\t\t\t\t\t\t\t<div class=\"etheme-icon-box etheme-icon-box-icon-position-left\">\n        \n                            \n                <div class=\"etheme-icon-box-icon etheme-icon-box-icon-type-icon\">\n        \n                <i aria-hidden=\"true\" class=\"et-icon et-shop\"><\/i>        \n                <\/div>\n            \n                <div class=\"etheme-icon-box-content\">\n\t\t\n                                        \n                                            <h3 class=\"etheme-icon-box-title\">\n                            <span>Direcci\u00f3n 2<\/span>\n                        <\/h3>\n                    \t\t\n                    \n                            \n                <\/div>\n\t\t\t<\/div>\n\t\t\t\t\t\t<\/div>\n\t\t\t\t<\/div>\n\t\t\t\t<div class=\"elementor-element elementor-element-564fe8cd elementor-widget elementor-widget-text-editor\" data-id=\"564fe8cd\" data-element_type=\"widget\" data-e-type=\"widget\" data-widget_type=\"text-editor.default\">\n\t\t\t\t<div class=\"elementor-widget-container\">\n\t\t\t\t\t\t\t\t\t<p>\u0130zmir Etiler Mahallesi, 1268 Sokak, No:2 Kat :2, M\u00fcrselpa\u015fa Blv. Konak<\/p>\n\t\t\t\t\t\t\t\t<\/div>\n\t\t\t\t<\/div>\n\t\t\t\t<div class=\"elementor-element elementor-element-1738331d elementor-align-left elementor-widget elementor-widget-etheme_icon_box\" data-id=\"1738331d\" data-element_type=\"widget\" data-e-type=\"widget\" data-settings=\"{&quot;icon_type&quot;:&quot;icon&quot;}\" data-widget_type=\"etheme_icon_box.default\">\n\t\t\t\t<div class=\"elementor-widget-container\">\n\t\t\t\t\t\t\t\t<div class=\"etheme-icon-box etheme-icon-box-icon-position-left\">\n        \n                            \n                <div class=\"etheme-icon-box-icon etheme-icon-box-icon-type-icon\">\n        \n                <i aria-hidden=\"true\" class=\"et-icon et-phone-call\"><\/i>        \n                <\/div>\n            \n                <div class=\"etheme-icon-box-content\">\n\t\t\n                                        \n                                            <h3 class=\"etheme-icon-box-title\">\n                            <span>tel\u00e9fono<\/span>\n                        <\/h3>\n                    \t\t\n                    \n                            \n                <\/div>\n\t\t\t<\/div>\n\t\t\t\t\t\t<\/div>\n\t\t\t\t<\/div>\n\t\t\t\t<div class=\"elementor-element elementor-element-26541207 elementor-widget elementor-widget-text-editor\" data-id=\"26541207\" data-element_type=\"widget\" data-e-type=\"widget\" data-widget_type=\"text-editor.default\">\n\t\t\t\t<div class=\"elementor-widget-container\">\n\t\t\t\t\t\t\t\t\t<p>+9 0555 8998 185<\/p>\n\t\t\t\t\t\t\t\t<\/div>\n\t\t\t\t<\/div>\n\t\t\t\t<div class=\"elementor-element elementor-element-94df320 elementor-widget elementor-widget-etheme_icon_box\" data-id=\"94df320\" data-element_type=\"widget\" data-e-type=\"widget\" data-settings=\"{&quot;icon_type&quot;:&quot;icon&quot;}\" data-widget_type=\"etheme_icon_box.default\">\n\t\t\t\t<div class=\"elementor-widget-container\">\n\t\t\t\t\t\t\t\t<div class=\"etheme-icon-box etheme-icon-box-icon-position-left\">\n        \n                            \n                <div class=\"etheme-icon-box-icon etheme-icon-box-icon-type-icon\">\n        \n                <i aria-hidden=\"true\" class=\"et-icon et-message\"><\/i>        \n                <\/div>\n            \n                <div class=\"etheme-icon-box-content\">\n\t\t\n                                        \n                                            <h3 class=\"etheme-icon-box-title\">\n                            <span>E posta<\/span>\n                        <\/h3>\n                    \t\t\n                    \n                            \n                <\/div>\n\t\t\t<\/div>\n\t\t\t\t\t\t<\/div>\n\t\t\t\t<\/div>\n\t\t\t\t<div class=\"elementor-element elementor-element-238da04 elementor-widget elementor-widget-text-editor\" data-id=\"238da04\" data-element_type=\"widget\" data-e-type=\"widget\" data-widget_type=\"text-editor.default\">\n\t\t\t\t<div class=\"elementor-widget-container\">\n\t\t\t\t\t\t\t\t\t<p><span class=\"header-title username\">info@vasakderi.com<\/span><\/p>\n\t\t\t\t\t\t\t\t<\/div>\n\t\t\t\t<\/div>\n\t\t\t\t<div class=\"elementor-element elementor-element-1016c803 elementor-widget elementor-widget-etheme-follow\" data-id=\"1016c803\" data-element_type=\"widget\" data-e-type=\"widget\" data-widget_type=\"etheme-follow.default\">\n\t\t\t\t<div class=\"elementor-widget-container\">\n\t\t\t\t\t\n        <div class=\"et-follow-buttons buttons-size-normal justify-content- icons-filled follow-260\">\n\n                                    <a href=\"#\" class=\"follow-facebook\" target=\"_blank\" rel=\"nofollow\">\n                            <i class=\"et-icon et-facebook\"><\/i>\n                                                            <span class=\"screen-reader-text\">Facebook<\/span>\n                                                    <\/a>\n                                            <a href=\"#\" class=\"follow-instagram\" target=\"_blank\" rel=\"nofollow\">\n                            <i class=\"et-icon et-instagram\"><\/i>\n                                                            <span class=\"screen-reader-text\">Instagram<\/span>\n                                                    <\/a>\n                                            <a href=\"https:\/\/wa.me\/+905558998185\" class=\"follow-whatsapp\" target=\"_blank\" rel=\"nofollow noopener\">\n                            <i class=\"et-icon et-whatsapp\"><\/i>\n                                                            <span class=\"screen-reader-text\">Whatsapp<\/span>\n                                                    <\/a>\n                                            <a href=\"https:\/\/mail.google.com\/mail\/u\/0\/#inbox?compose=NZVHGBlpKVTGzwSShclHhkqBdPkZHhXDrpwqxCJwwwjqPhxpKmFJmmKTZMkHNCwxsrRXHg\" class=\"follow-email\" target=\"_blank\" rel=\"nofollow noopener\">\n                            <i class=\"et-icon et-message\"><\/i>\n                                                            <span class=\"screen-reader-text\">Email<\/span>\n                                                    <\/a>\n                    \n        <\/div>\n\n        \t\t\t\t<\/div>\n\t\t\t\t<\/div>\n\t\t\t\t\t<\/div>\n\t\t<\/div>\n\t\t\t\t<div class=\"elementor-column elementor-col-50 elementor-top-column elementor-element elementor-element-45eacc57\" data-id=\"45eacc57\" data-element_type=\"column\" data-e-type=\"column\" data-settings=\"{&quot;background_background&quot;:&quot;classic&quot;}\">\n\t\t\t<div class=\"elementor-widget-wrap elementor-element-populated\">\n\t\t\t\t\t\t<div class=\"elementor-element elementor-element-39094163 elementor-widget elementor-widget-heading\" data-id=\"39094163\" data-element_type=\"widget\" data-e-type=\"widget\" data-widget_type=\"heading.default\">\n\t\t\t\t<div class=\"elementor-widget-container\">\n\t\t\t\t\t<h2 class=\"elementor-heading-title elementor-size-default\">Formulario de contacto<\/h2>\t\t\t\t<\/div>\n\t\t\t\t<\/div>\n\t\t\t\t<div class=\"elementor-element elementor-element-359bba4d elementor-widget elementor-widget-text-editor\" data-id=\"359bba4d\" data-element_type=\"widget\" data-e-type=\"widget\" data-widget_type=\"text-editor.default\">\n\t\t\t\t<div class=\"elementor-widget-container\">\n\t\t\t\t\t\t\t\t\t<p>Para contactarlo, por favor complete su informaci\u00f3n de contacto.<\/p>\n\t\t\t\t\t\t\t\t<\/div>\n\t\t\t\t<\/div>\n\t\t\t\t<div class=\"elementor-element elementor-element-757814e4 etheme-contact-form-7-button-custom elementor-widget elementor-widget-et-contact-form-7\" data-id=\"757814e4\" data-element_type=\"widget\" data-e-type=\"widget\" data-widget_type=\"et-contact-form-7.default\">\n\t\t\t\t<div class=\"elementor-widget-container\">\n\t\t\t\t\t                <div class=\"pp-contact-form etheme-contact-form-7 placeholder-show etheme-custom-radio-checkbox\">\n                                        \n<div class=\"wpcf7 no-js\" id=\"wpcf7-f4452-o1\" lang=\"es-ES\" dir=\"ltr\" data-wpcf7-id=\"4452\">\n<div class=\"screen-reader-response\"><p role=\"status\" aria-live=\"polite\" aria-atomic=\"true\"><\/p> <ul><\/ul><\/div>\n<form action=\"\/es\/wp-json\/wp\/v2\/pages\/4453#wpcf7-f4452-o1\" method=\"post\" class=\"wpcf7-form init\" aria-label=\"Formulario de contacto\" novalidate=\"novalidate\" data-status=\"init\">\n<fieldset class=\"hidden-fields-container\"><input type=\"hidden\" name=\"_wpcf7\" value=\"4452\" \/><input type=\"hidden\" name=\"_wpcf7_version\" value=\"6.1.5\" \/><input type=\"hidden\" name=\"_wpcf7_locale\" value=\"es_ES\" \/><input type=\"hidden\" name=\"_wpcf7_unit_tag\" value=\"wpcf7-f4452-o1\" \/><input type=\"hidden\" name=\"_wpcf7_container_post\" value=\"0\" \/><input type=\"hidden\" name=\"_wpcf7_posted_data_hash\" value=\"\" \/>\n<\/fieldset>\n<p><label> Su nombre<br \/>\n<span class=\"wpcf7-form-control-wrap\" data-name=\"your-name\"><input size=\"40\" maxlength=\"400\" class=\"wpcf7-form-control wpcf7-text wpcf7-validates-as-required\" autocomplete=\"name\" aria-required=\"true\" aria-invalid=\"false\" value=\"\" type=\"text\" name=\"your-name\" \/><\/span> <\/label>\n<\/p>\n<p><label> Direcci\u00f3n de correo electr\u00f3nico<br \/>\n<span class=\"wpcf7-form-control-wrap\" data-name=\"your-email\"><input size=\"40\" maxlength=\"400\" class=\"wpcf7-form-control wpcf7-email wpcf7-validates-as-required wpcf7-text wpcf7-validates-as-email\" autocomplete=\"email\" aria-required=\"true\" aria-invalid=\"false\" value=\"\" type=\"email\" name=\"your-email\" \/><\/span> <\/label>\n<\/p>\n<p><label> n\u00famero de tel\u00e9fono<br \/>\n<span class=\"wpcf7-form-control-wrap\" data-name=\"tel-23\"><input size=\"40\" maxlength=\"400\" class=\"wpcf7-form-control wpcf7-tel wpcf7-validates-as-required wpcf7-text wpcf7-validates-as-tel\" aria-required=\"true\" aria-invalid=\"false\" placeholder=\"+34 941 8271469\" value=\"\" type=\"tel\" name=\"tel-23\" \/><\/span><\/label>\n<\/p>\n<p><label> Tu mensaje (opcional)<br \/>\n<span class=\"wpcf7-form-control-wrap\" data-name=\"your-message\"><textarea cols=\"40\" rows=\"10\" maxlength=\"2000\" class=\"wpcf7-form-control wpcf7-textarea\" aria-invalid=\"false\" name=\"your-message\"><\/textarea><\/span> <\/label><br \/>\n<input class=\"wpcf7-form-control wpcf7-submit has-spinner\" type=\"submit\" value=\"G\u00f6nder\" \/>\n<\/p><div class=\"wpcf7-response-output\" aria-hidden=\"true\"><\/div>\n<\/form>\n<\/div>\n                <\/div>\n                \t\t\t\t<\/div>\n\t\t\t\t<\/div>\n\t\t\t\t\t<\/div>\n\t\t<\/div>\n\t\t\t\t\t<\/div>\n\t\t<\/section>\n\t\t\t\t<\/div>\n\t\t","protected":false},"excerpt":{"rendered":"<p>Informaci\u00f3n del contacto Direcci\u00f3n 1 Yenido\u011fan, Z\u00fcbeyde Han\u0131m Cd. No:104, 34020 Zeytinburnu\/\u0130stanbul Direcci\u00f3n 2 \u0130zmir Etiler Mahallesi, 1268 Sokak, No:2 Kat :2, M\u00fcrselpa\u015fa Blv. Konak&#8230;<\/p>\n","protected":false},"author":1,"featured_media":0,"parent":0,"menu_order":0,"comment_status":"closed","ping_status":"closed","template":"","meta":{"footnotes":""},"class_list":["post-4453","page","type-page","status-publish","hentry"],"_links":{"self":[{"href":"https:\/\/vasakderi.com\/es\/wp-json\/wp\/v2\/pages\/4453","targetHints":{"allow":["GET"]}}],"collection":[{"href":"https:\/\/vasakderi.com\/es\/wp-json\/wp\/v2\/pages"}],"about":[{"href":"https:\/\/vasakderi.com\/es\/wp-json\/wp\/v2\/types\/page"}],"author":[{"embeddable":true,"href":"https:\/\/vasakderi.com\/es\/wp-json\/wp\/v2\/users\/1"}],"replies":[{"embeddable":true,"href":"https:\/\/vasakderi.com\/es\/wp-json\/wp\/v2\/comments?post=4453"}],"version-history":[{"count":0,"href":"https:\/\/vasakderi.com\/es\/wp-json\/wp\/v2\/pages\/4453\/revisions"}],"wp:attachment":[{"href":"https:\/\/vasakderi.com\/es\/wp-json\/wp\/v2\/media?parent=4453"}],"curies":[{"name":"wp","href":"https:\/\/api.w.org\/{rel}","templated":true}]}}