{"id":8488,"date":"2023-02-25T23:29:03","date_gmt":"2023-02-25T20:29:03","guid":{"rendered":"https:\/\/vasakderi.com\/politica-de-privacidad\/"},"modified":"2025-07-30T17:16:06","modified_gmt":"2025-07-30T14:16:06","slug":"politica-de-privacidad","status":"publish","type":"page","link":"https:\/\/vasakderi.com\/es\/politica-de-privacidad\/","title":{"rendered":"Pol\u00edtica de privacidad"},"content":{"rendered":"\n<p><strong>Pol\u00edtica de privacidad<\/strong><\/p>\n\n<p><em>Fecha de la \u00faltima actualizaci\u00f3n: [2023.9.5]<\/em><\/p>\n\n<p>Como Va\u015fak Deri, nos preocupamos por la privacidad de nuestros clientes y, a trav\u00e9s de esta pol\u00edtica especial de privacidad (\u00abPol\u00edtica\u00bb), nos comprometemos a proporcionarte informaci\u00f3n detallada sobre c\u00f3mo recopilamos, utilizamos, compartimos y protegemos tu informaci\u00f3n personal. Al utilizar nuestro sitio web, se considera que aceptas esta Pol\u00edtica y los t\u00e9rminos y condiciones relacionados. <\/p>\n\n<p><strong>1. Qu\u00e9 informaci\u00f3n recogemos<\/strong><\/p>\n\n<p>a. <strong>Informaci\u00f3n personal:<\/strong> Podemos recopilar informaci\u00f3n identificativa como nombre, edad, direcci\u00f3n, correo electr\u00f3nico, n\u00famero de tel\u00e9fono. Esta informaci\u00f3n es la que introduces cuando te registras o utilizas nuestro sitio. <\/p>\n\n<p>b. <strong>Informaci\u00f3n de pago:<\/strong> Los datos de tu tarjeta de cr\u00e9dito solicitados en la p\u00e1gina de pago no se guardan en ning\u00fan caso en los servidores de Va\u015fak Deri ni de las empresas que le prestan servicios, con el fin de mantener al m\u00e1ximo nivel la seguridad de nuestros valiosos clientes que compran en el sitio. De este modo, todas las transacciones de pago tienen lugar entre el banco y tu ordenador a trav\u00e9s de la interfaz del sitio web de [Nombre de la empresa]. Se gestiona mediante procesadores de pago seguros utilizados durante el proceso de pago. Esto significa que tu informaci\u00f3n financiera personal se procesa y almacena de forma segura.   <\/p>\n\n<p>c. <strong>Cookies:<\/strong> A trav\u00e9s de las cookies, podemos identificar tu dispositivo y navegador web. Para m\u00e1s informaci\u00f3n, consulta nuestra Pol\u00edtica de Cookies. <\/p>\n\n<p><strong>2. C\u00f3mo se utiliza tu informaci\u00f3n<\/strong><\/p>\n\n<p>Utilizamos tu informaci\u00f3n personal para los siguientes fines:<\/p>\n\n<ul class=\"wp-block-list\">\n<li>Procesar tus pedidos y prestarte servicio.<\/li>\n\n\n\n<li>Enviarte actualizaciones y ofertas especiales.<\/li>\n\n\n\n<li>Analizar la informaci\u00f3n para mejorar y personalizar la experiencia del usuario de nuestro sitio web.<\/li>\n<\/ul>\n\n<p><strong>3. Intercambio de informaci\u00f3n<\/strong><\/p>\n\n<p>S\u00f3lo podemos compartir tu informaci\u00f3n personal en las siguientes situaciones:<\/p>\n\n<ul class=\"wp-block-list\">\n<li>Para entregar tus pedidos en colaboraci\u00f3n con nuestros proveedores de servicios (por ejemplo, empresas de mensajer\u00eda).<\/li>\n\n\n\n<li>Para cumplir requisitos legales o proteger los derechos y activos de nuestra empresa.<\/li>\n<\/ul>\n\n<p><strong>4. Derecho a la intimidad<\/strong><\/p>\n\n<p>Tienes derecho a tener control sobre tu informaci\u00f3n personal. Tienes derecho a revisar, corregir o eliminar tu informaci\u00f3n. Tambi\u00e9n puedes cancelar nuestras comunicaciones por correo electr\u00f3nico en cualquier momento.  <\/p>\n\n<p><strong>5. Compatibilidad internacional<\/strong><\/p>\n\n<p>Desarrollamos nuestra actividad de acuerdo con las normas internacionales y, cuando transferimos datos personales al extranjero, lo hacemos con las medidas de seguridad adecuadas.<\/p>\n\n<p>Esta pol\u00edtica proporciona informaci\u00f3n detallada sobre c\u00f3mo se procesa tu informaci\u00f3n personal. Para m\u00e1s detalles, puedes consultar nuestra Pol\u00edtica de Privacidad. <\/p>\n\n<p>Podemos actualizar esta pol\u00edtica de vez en cuando. Te notificaremos cualquier cambio e indicaremos la fecha de la pol\u00edtica modificada. <\/p>\n\n<p><strong>Datos de contacto<\/strong><\/p>\n\n<p>[Piel de lince]  <\/p>\n\n<p>Direcci\u00f3n: [Compras dentro de la tienda<a href=\"https:\/\/www.google.com\/search?sca_esv=562741715&amp;rlz=1C1YTUH_trTR1068TR1068&amp;sxsrf=AB5stBjy864ZmbmloNKMHDq6loTRgWnwzw:1693919622625&amp;q=va%C5%9Fak+konak+adres&amp;ludocid=9867669921911288071&amp;sa=X&amp;sqi=2&amp;ved=2ahUKEwicuomrxpOBAxUXgP0HHbD0C0AQ6BN6BAhTEAI\" target=\"_blank\" rel=\"noopener\">.Direcci\u00f3n<\/a>: Etiler Mahallesi, 1268 Sokak, No:2 Kat :2, M\u00fcrselpa\u015fa Blv., 35240 Konak].<\/p>\n\n<p>  Correo electr\u00f3nico: [info@vasakderi.com<a rel=\"noreferrer noopener\" href=\"https:\/\/vasakderi.com\/es\/contacto\/#\" target=\"_blank\"><\/a>]  <\/p>\n\n<p>TEL : [(0212) 445 07 29 -30]<\/p>\n","protected":false},"excerpt":{"rendered":"<p>Pol\u00edtica de privacidad Fecha de la \u00faltima actualizaci\u00f3n: [2023.9.5] Como Va\u015fak Deri, nos preocupamos por la privacidad de nuestros clientes y, a trav\u00e9s de esta&#8230;<\/p>\n","protected":false},"author":1,"featured_media":0,"parent":0,"menu_order":0,"comment_status":"closed","ping_status":"open","template":"","meta":{"footnotes":""},"class_list":["post-8488","page","type-page","status-publish","hentry"],"_links":{"self":[{"href":"https:\/\/vasakderi.com\/es\/wp-json\/wp\/v2\/pages\/8488","targetHints":{"allow":["GET"]}}],"collection":[{"href":"https:\/\/vasakderi.com\/es\/wp-json\/wp\/v2\/pages"}],"about":[{"href":"https:\/\/vasakderi.com\/es\/wp-json\/wp\/v2\/types\/page"}],"author":[{"embeddable":true,"href":"https:\/\/vasakderi.com\/es\/wp-json\/wp\/v2\/users\/1"}],"replies":[{"embeddable":true,"href":"https:\/\/vasakderi.com\/es\/wp-json\/wp\/v2\/comments?post=8488"}],"version-history":[{"count":1,"href":"https:\/\/vasakderi.com\/es\/wp-json\/wp\/v2\/pages\/8488\/revisions"}],"predecessor-version":[{"id":8490,"href":"https:\/\/vasakderi.com\/es\/wp-json\/wp\/v2\/pages\/8488\/revisions\/8490"}],"wp:attachment":[{"href":"https:\/\/vasakderi.com\/es\/wp-json\/wp\/v2\/media?parent=8488"}],"curies":[{"name":"wp","href":"https:\/\/api.w.org\/{rel}","templated":true}]}}