{"id":6543,"date":"2023-08-29T14:43:22","date_gmt":"2023-08-29T11:43:22","guid":{"rendered":"https:\/\/vasakderi.com\/urun\/chaqueta-de-mujer-de-primavera-de-tela-fina-de-cuero-genuino-colorido-con-patrones-otomanos-tradicionales\/"},"modified":"2023-11-04T09:06:59","modified_gmt":"2023-11-04T06:06:59","slug":"chaqueta-de-mujer-abrigo-de-primavera-de-tela-fina-de-cuero-genuino-colorido-con-patrones-otomanos-tradicionales","status":"publish","type":"product","link":"https:\/\/vasakderi.com\/es\/producto\/chaqueta-de-mujer-abrigo-de-primavera-de-tela-fina-de-cuero-genuino-colorido-con-patrones-otomanos-tradicionales\/","title":{"rendered":"Chaqueta de mujer de primavera de tela fina de cuero genuino colorido con patrones otomanos tradicionales"},"content":{"rendered":"<p>Descripci\u00f3n del Producto<\/p>\n<p>La chaqueta est\u00e1 hecha de piel de cordero, cuyo cuero principal es 100% CUERO AUT\u00c9NTICO, y ofrece una experiencia de uso ligera y c\u00f3moda con su grosor de cuero de 0,2 mm. Adem\u00e1s, esta chaqueta, enriquecida con finos detalles de tejido de punto de tul negro, refleja la combinaci\u00f3n de lo moderno y lo tradicional, a\u00f1adiendo un toque hist\u00f3rico \u00fanico a tu estilo. Agrega un toque hist\u00f3rico a su estilo al ofrecer una combinaci\u00f3n colorida con patrones otomanos tradicionales.<\/p>\n<p>Contenido y caracter\u00edsticas del producto<\/p>\n<p>Caracter\u00edsticas del producto: chaqueta de mezcla de cuero y tela de primavera<\/p>\n<p>Piel principal: 100% CUERO GENUINO<\/p>\n<p>tipo de cuero: Piel de cordero<\/p>\n<p>espesor del cuero: 0,2 mm<\/p>\n<p>Tela: tul fino <\/p>\n<p>Detalle de la tela: tejido fino de punto de tul negro<\/p>\n<p>Molde: Est\u00e1ndar<\/p>\n<p>Marca: vasak<\/p>\n<p>Cuello: cuello chanel<\/p>\n<p>Patr\u00f3n: Patrones otomanos<\/p>\n<p>Categor\u00eda: chaqueta de mujer<\/p>\n<p>Tipo de producto: Chaqueta<\/p>\n<p>Temporada: Primavera<\/p>\n<p>Color: negro-Amarillo pastel-Azul acero-Verde menta claro-Melocot\u00f3n p\u00e1lido-Oliva oscuro-Oliva mon\u00f3tono<\/p>\n<p>G\u00e9nero: Mujeres\/Ni\u00f1as<\/p>\n","protected":false},"excerpt":{"rendered":"<p>Esta chaqueta para mujer a\u00f1ade un toque hist\u00f3rico a tu estilo al ofrecer una combinaci\u00f3n colorida con ricos patrones otomanos tradicionales. Cada patr\u00f3n se detalla con precisi\u00f3n mediante corte por l\u00e1ser. Adem\u00e1s, la chaqueta ofrece la armon\u00eda perfecta entre cuero aut\u00e9ntico y tejidos finos.<\/p>\n","protected":false},"featured_media":6792,"comment_status":"open","ping_status":"closed","template":"","meta":[],"etheme_brands":[{"term_id":302,"name":"vasak","slug":"vasak-es","term_group":0,"term_taxonomy_id":302,"taxonomy":"brand","description":"","parent":0,"count":6,"filter":"raw"}],"product_brand":[],"product_cat":[305],"product_tag":[440],"class_list":{"0":"post-6543","1":"product","2":"type-product","3":"status-publish","4":"has-post-thumbnail","6":"brand-vasak-es","7":"product_cat-chaqueta-de-mujeres","8":"product_tag-chaqueta-de-cuero-de-primavera","9":"pa_beden-2xl-es","10":"pa_beden-3xl-es","11":"pa_beden-4xl-es","12":"pa_beden-5xl-es","13":"pa_beden-l-es","14":"pa_beden-m-es","15":"pa_beden-s-es","16":"pa_beden-xl-es","17":"pa_colors-amarillo-pastel-azul-acero-verde-menta-claro-melocoton-palido-verde-oliva-oscuro-oliva-monotono-es","19":"first","20":"instock","21":"sale","22":"shipping-taxable","23":"purchasable","24":"product-type-variable","25":"has-default-attributes"},"_links":{"self":[{"href":"https:\/\/vasakderi.com\/es\/wp-json\/wp\/v2\/product\/6543","targetHints":{"allow":["GET"]}}],"collection":[{"href":"https:\/\/vasakderi.com\/es\/wp-json\/wp\/v2\/product"}],"about":[{"href":"https:\/\/vasakderi.com\/es\/wp-json\/wp\/v2\/types\/product"}],"replies":[{"embeddable":true,"href":"https:\/\/vasakderi.com\/es\/wp-json\/wp\/v2\/comments?post=6543"}],"wp:featuredmedia":[{"embeddable":true,"href":"https:\/\/vasakderi.com\/es\/wp-json\/wp\/v2\/media\/6792"}],"wp:attachment":[{"href":"https:\/\/vasakderi.com\/es\/wp-json\/wp\/v2\/media?parent=6543"}],"wp:term":[{"taxonomy":"brand","embeddable":true,"href":"https:\/\/vasakderi.com\/es\/wp-json\/wp\/v2\/etheme_brands?post=6543"},{"taxonomy":"product_brand","embeddable":true,"href":"https:\/\/vasakderi.com\/es\/wp-json\/wp\/v2\/product_brand?post=6543"},{"taxonomy":"product_cat","embeddable":true,"href":"https:\/\/vasakderi.com\/es\/wp-json\/wp\/v2\/product_cat?post=6543"},{"taxonomy":"product_tag","embeddable":true,"href":"https:\/\/vasakderi.com\/es\/wp-json\/wp\/v2\/product_tag?post=6543"}],"curies":[{"name":"wp","href":"https:\/\/api.w.org\/{rel}","templated":true}]}}