{"id":6561,"date":"2023-08-29T10:43:50","date_gmt":"2023-08-29T07:43:50","guid":{"rendered":"https:\/\/vasakderi.com\/urun\/chaqueta-de-mujer-de-tela-fina-de-primavera-de-cuero-genuino-blanco-y-negro-barrado\/"},"modified":"2023-08-30T17:55:05","modified_gmt":"2023-08-30T14:55:05","slug":"chaqueta-de-mujer-tejido-fino-abrigo-primavera-cuero-genuino-blanco-negro-barred","status":"publish","type":"product","link":"https:\/\/vasakderi.com\/es\/producto\/chaqueta-de-mujer-tejido-fino-abrigo-primavera-cuero-genuino-blanco-negro-barred\/","title":{"rendered":"Chaqueta de mujer de tela fina de primavera de cuero genuino blanco y negro barrado"},"content":{"rendered":"<p>Descripci\u00f3n del Producto<\/p>\n<p>Barred Black and White color oscuro uste primavera chaqueta de tela de jersey fino negro; Fue elaborado con piel de cordero cuyo cuero principal es 100% CUERO GENUINO. La chaqueta, que contrasta perfectamente con sus finos detalles de tul, ofrece una experiencia de uso ligera y c\u00f3moda gracias a su grosor de cuero de 0,2 mm.<\/p>\n<p>Contenido y caracter\u00edsticas del producto<\/p>\n<p>Caracter\u00edsticas del producto: chaqueta de mezcla de cuero y tela de primavera<\/p>\n<p>Piel principal: 100% CUERO GENUINO<\/p>\n<p>tipo de cuero: Piel de cordero<\/p>\n<p>espesor del cuero: 0,2 mm<\/p>\n<p>Tela: tul fino <\/p>\n<p>Detalle de la tela: tejido fino de punto de tul negro<\/p>\n<p>Molde: Est\u00e1ndar<\/p>\n<p>Marca: vasak<\/p>\n<p>Cuello: cuello chanel<\/p>\n<p>Patr\u00f3n: A rayas Blanco Negro<\/p>\n<p>Categor\u00eda: chaqueta de mujer<\/p>\n<p>Tipo de producto: Chaqueta<\/p>\n<p>Temporada: Primavera<\/p>\n<p>Color: negro-blanco<\/p>\n<p>G\u00e9nero: Mujeres\/Ni\u00f1as<\/p>\n","protected":false},"excerpt":{"rendered":"<p>Esta chaqueta \u00fanica, hecha 100% de CUERO AUT\u00c9NTICO, refleja una calidad superior con su dise\u00f1o elegante y el contraste de color a rayas en blanco y negro. Adem\u00e1s, es ideal para la temporada de primavera y destaca por sus detalles en tejido de punto fino negro.<\/p>\n","protected":false},"featured_media":6733,"comment_status":"open","ping_status":"closed","template":"","meta":[],"etheme_brands":[{"term_id":302,"name":"vasak","slug":"vasak-es","term_group":0,"term_taxonomy_id":302,"taxonomy":"brand","description":"","parent":0,"count":6,"filter":"raw"}],"product_brand":[],"product_cat":[305],"product_tag":[444],"class_list":{"0":"post-6561","1":"product","2":"type-product","3":"status-publish","4":"has-post-thumbnail","6":"brand-vasak-es","7":"product_cat-chaqueta-de-mujeres","8":"product_tag-chaqueta-de-primavera","9":"pa_beden-2xl-es","10":"pa_beden-3xl-es","11":"pa_beden-4xl-es","12":"pa_beden-5xl-es","13":"pa_beden-l-es","14":"pa_beden-m-es","15":"pa_beden-s-es","16":"pa_beden-xl-es","17":"pa_colors-blanco-negro-es","19":"first","20":"instock","21":"sale","22":"shipping-taxable","23":"purchasable","24":"product-type-variable","25":"has-default-attributes"},"_links":{"self":[{"href":"https:\/\/vasakderi.com\/es\/wp-json\/wp\/v2\/product\/6561","targetHints":{"allow":["GET"]}}],"collection":[{"href":"https:\/\/vasakderi.com\/es\/wp-json\/wp\/v2\/product"}],"about":[{"href":"https:\/\/vasakderi.com\/es\/wp-json\/wp\/v2\/types\/product"}],"replies":[{"embeddable":true,"href":"https:\/\/vasakderi.com\/es\/wp-json\/wp\/v2\/comments?post=6561"}],"wp:featuredmedia":[{"embeddable":true,"href":"https:\/\/vasakderi.com\/es\/wp-json\/wp\/v2\/media\/6733"}],"wp:attachment":[{"href":"https:\/\/vasakderi.com\/es\/wp-json\/wp\/v2\/media?parent=6561"}],"wp:term":[{"taxonomy":"brand","embeddable":true,"href":"https:\/\/vasakderi.com\/es\/wp-json\/wp\/v2\/etheme_brands?post=6561"},{"taxonomy":"product_brand","embeddable":true,"href":"https:\/\/vasakderi.com\/es\/wp-json\/wp\/v2\/product_brand?post=6561"},{"taxonomy":"product_cat","embeddable":true,"href":"https:\/\/vasakderi.com\/es\/wp-json\/wp\/v2\/product_cat?post=6561"},{"taxonomy":"product_tag","embeddable":true,"href":"https:\/\/vasakderi.com\/es\/wp-json\/wp\/v2\/product_tag?post=6561"}],"curies":[{"name":"wp","href":"https:\/\/api.w.org\/{rel}","templated":true}]}}