{"id":6571,"date":"2023-08-25T15:02:55","date_gmt":"2023-08-25T12:02:55","guid":{"rendered":"https:\/\/vasakderi.com\/urun\/patron-de-chaqueta-de-cuero-fina-de-primavera-para-mujer\/"},"modified":"2023-08-30T18:10:32","modified_gmt":"2023-08-30T15:10:32","slug":"abrigo-primavera-chaqueta-fina-de-cuero-mujer-estampado","status":"publish","type":"product","link":"https:\/\/vasakderi.com\/es\/producto\/abrigo-primavera-chaqueta-fina-de-cuero-mujer-estampado\/","title":{"rendered":"Patr\u00f3n de chaqueta de cuero fina de primavera para mujer"},"content":{"rendered":"<p>Descripci\u00f3n del Producto<\/p>\n<p>Chaqueta de mujer en piel aut\u00e9ntica cortada a l\u00e1ser con estampado Woman <\/p>\n<p>Contenido y caracter\u00edsticas del producto<\/p>\n<p>Piel principal: 100% CUERO GENUINO<\/p>\n<p>tipo de cuero: piel de cordero<\/p>\n<p>espesor de la piel: 0,2 mm<\/p>\n<p>Detalle de la tela: tejido fino de punto de tul negro<\/p>\n<p>Tela: tul fino <\/p>\n<p>Caracter\u00edsticas del producto: chaqueta de mezcla de cuero y tela de primavera<\/p>\n<p>Molde: Est\u00e1ndar<\/p>\n<p>Marca: vasak<\/p>\n<p>Cuello: cuello chanel<\/p>\n<p>Patr\u00f3n: Mujer<\/p>\n<p>G\u00e9nero: Mujeres\/Ni\u00f1as<\/p>\n<p>Tipo de producto: Chaqueta<\/p>\n","protected":false},"excerpt":{"rendered":"<p>Descripci\u00f3n del Producto Chaqueta de mujer en piel aut\u00e9ntica cortada a l\u00e1ser con estampado Woman Contenido y caracter\u00edsticas del producto Piel principal: 100% CUERO GENUINO&#8230;<\/p>\n","protected":false},"featured_media":8775,"comment_status":"open","ping_status":"closed","template":"","meta":[],"etheme_brands":[{"term_id":302,"name":"vasak","slug":"vasak-es","term_group":0,"term_taxonomy_id":302,"taxonomy":"brand","description":"","parent":0,"count":6,"filter":"raw"}],"product_brand":[],"product_cat":[306],"product_tag":[444],"class_list":{"0":"post-6571","1":"product","2":"type-product","3":"status-publish","4":"has-post-thumbnail","6":"brand-vasak-es","7":"product_cat-sin-categorizar","8":"product_tag-chaqueta-de-primavera","9":"pa_beden-2xl-es","10":"pa_beden-3xl-es","11":"pa_beden-4xl-es","12":"pa_beden-5xl-es","13":"pa_beden-l-es","14":"pa_beden-m-es","15":"pa_beden-s-es","16":"pa_beden-xl-es","17":"pa_colors-vison-es","19":"first","20":"instock","21":"shipping-taxable","22":"purchasable","23":"product-type-variable","24":"has-default-attributes"},"_links":{"self":[{"href":"https:\/\/vasakderi.com\/es\/wp-json\/wp\/v2\/product\/6571","targetHints":{"allow":["GET"]}}],"collection":[{"href":"https:\/\/vasakderi.com\/es\/wp-json\/wp\/v2\/product"}],"about":[{"href":"https:\/\/vasakderi.com\/es\/wp-json\/wp\/v2\/types\/product"}],"replies":[{"embeddable":true,"href":"https:\/\/vasakderi.com\/es\/wp-json\/wp\/v2\/comments?post=6571"}],"wp:featuredmedia":[{"embeddable":true,"href":"https:\/\/vasakderi.com\/es\/wp-json\/wp\/v2\/media\/8775"}],"wp:attachment":[{"href":"https:\/\/vasakderi.com\/es\/wp-json\/wp\/v2\/media?parent=6571"}],"wp:term":[{"taxonomy":"brand","embeddable":true,"href":"https:\/\/vasakderi.com\/es\/wp-json\/wp\/v2\/etheme_brands?post=6571"},{"taxonomy":"product_brand","embeddable":true,"href":"https:\/\/vasakderi.com\/es\/wp-json\/wp\/v2\/product_brand?post=6571"},{"taxonomy":"product_cat","embeddable":true,"href":"https:\/\/vasakderi.com\/es\/wp-json\/wp\/v2\/product_cat?post=6571"},{"taxonomy":"product_tag","embeddable":true,"href":"https:\/\/vasakderi.com\/es\/wp-json\/wp\/v2\/product_tag?post=6571"}],"curies":[{"name":"wp","href":"https:\/\/api.w.org\/{rel}","templated":true}]}}