{"id":6595,"date":"2023-08-26T13:23:40","date_gmt":"2023-08-26T10:23:40","guid":{"rendered":"https:\/\/vasakderi.com\/urun\/chaqueta-de-mujer-de-cuero-blanco-autentico-con-disenos-de-corea-del-sur-con-tela-negra-de-primavera\/"},"modified":"2023-08-30T17:58:28","modified_gmt":"2023-08-30T14:58:28","slug":"esta-chaqueta-que-llama-la-atencion-por-su-piel-autentica-blanca-crea-un-contraste-perfecto-con-los-finos-detalles-de-tela-negra","status":"publish","type":"product","link":"https:\/\/vasakderi.com\/es\/producto\/esta-chaqueta-que-llama-la-atencion-por-su-piel-autentica-blanca-crea-un-contraste-perfecto-con-los-finos-detalles-de-tela-negra\/","title":{"rendered":"Chaqueta de mujer de cuero blanco aut\u00e9ntico con dise\u00f1os de Corea del Sur con tela negra de primavera"},"content":{"rendered":"<p>Contenido y caracter\u00edsticas del producto<\/p>\n<p>Chaqueta de tela fina negra primaveral con estampado tradicional surcoreano, modernizada con corte l\u00e1ser; Fue elaborado con piel de cordero cuyo cuero principal es 100% CUERO GENUINO. La chaqueta, que contrasta perfectamente con sus finos detalles de tul, ofrece una experiencia de uso ligera y c\u00f3moda gracias a su grosor de cuero de 0,2 mm.<br \/>\ntipo de cuero: Piel de cordero<\/p>\n<p>Piel principal: 100% CUERO GENUINO<\/p>\n<p>tipo de cuero: Piel de cordero<\/p>\n<p>espesor de la piel: 0,2 mm<\/p>\n<p>Tela: tul fino <\/p>\n<p>Detalle de la tela: tejido fino de punto de tul negro<\/p>\n<p>Molde: Est\u00e1ndar<\/p>\n<p>Marca: vasak<\/p>\n<p>Cuello: cuello chanel<\/p>\n<p>Patr\u00f3n: Patrones de Corea del Sur<\/p>\n<p>Categor\u00eda: chaqueta de mujer<\/p>\n<p>Tipo de producto: Chaqueta<\/p>\n<p>Temporada: Oto\u00f1o<\/p>\n<p>Color: Cuero blanco-negro<\/p>\n<p>G\u00e9nero: Mujeres\/Ni\u00f1as<\/p>\n","protected":false},"excerpt":{"rendered":"<p>Esta chaqueta \u00fanica para mujer combina los patrones tradicionales de Corea del Sur con un dise\u00f1o moderno, lo que le permite reflejar calidad. Esta chaqueta, que llama la atenci\u00f3n por su piel aut\u00e9ntica blanca, crea un contraste perfecto con los finos detalles de tela negra.<\/p>\n","protected":false},"featured_media":6830,"comment_status":"open","ping_status":"closed","template":"","meta":[],"etheme_brands":[{"term_id":302,"name":"vasak","slug":"vasak-es","term_group":0,"term_taxonomy_id":302,"taxonomy":"brand","description":"","parent":0,"count":6,"filter":"raw"}],"product_brand":[],"product_cat":[305],"product_tag":[444],"class_list":{"0":"post-6595","1":"product","2":"type-product","3":"status-publish","4":"has-post-thumbnail","6":"brand-vasak-es","7":"product_cat-chaqueta-de-mujeres","8":"product_tag-chaqueta-de-primavera","9":"pa_beden-2xl-es","10":"pa_beden-3xl-es","11":"pa_beden-4xl-es","12":"pa_beden-5xl-es","13":"pa_beden-l-es","14":"pa_beden-m-es","15":"pa_beden-s-es","16":"pa_beden-xl-es","17":"pa_colors-blanco-negro-es","19":"first","20":"instock","21":"sale","22":"shipping-taxable","23":"purchasable","24":"product-type-variable","25":"has-default-attributes"},"_links":{"self":[{"href":"https:\/\/vasakderi.com\/es\/wp-json\/wp\/v2\/product\/6595","targetHints":{"allow":["GET"]}}],"collection":[{"href":"https:\/\/vasakderi.com\/es\/wp-json\/wp\/v2\/product"}],"about":[{"href":"https:\/\/vasakderi.com\/es\/wp-json\/wp\/v2\/types\/product"}],"replies":[{"embeddable":true,"href":"https:\/\/vasakderi.com\/es\/wp-json\/wp\/v2\/comments?post=6595"}],"wp:featuredmedia":[{"embeddable":true,"href":"https:\/\/vasakderi.com\/es\/wp-json\/wp\/v2\/media\/6830"}],"wp:attachment":[{"href":"https:\/\/vasakderi.com\/es\/wp-json\/wp\/v2\/media?parent=6595"}],"wp:term":[{"taxonomy":"brand","embeddable":true,"href":"https:\/\/vasakderi.com\/es\/wp-json\/wp\/v2\/etheme_brands?post=6595"},{"taxonomy":"product_brand","embeddable":true,"href":"https:\/\/vasakderi.com\/es\/wp-json\/wp\/v2\/product_brand?post=6595"},{"taxonomy":"product_cat","embeddable":true,"href":"https:\/\/vasakderi.com\/es\/wp-json\/wp\/v2\/product_cat?post=6595"},{"taxonomy":"product_tag","embeddable":true,"href":"https:\/\/vasakderi.com\/es\/wp-json\/wp\/v2\/product_tag?post=6595"}],"curies":[{"name":"wp","href":"https:\/\/api.w.org\/{rel}","templated":true}]}}