{"id":6604,"date":"2023-08-26T12:07:02","date_gmt":"2023-08-26T09:07:02","guid":{"rendered":"https:\/\/vasakderi.com\/urun\/chaqueta-de-mujer-de-cuero-genuino-de-primavera-elegante-y-con-estilo-con-patron-de-cebra\/"},"modified":"2023-08-30T18:04:02","modified_gmt":"2023-08-30T15:04:02","slug":"abrigo-primavera-chaqueta-mujer-cuero-genuino-estampado-cebra","status":"publish","type":"product","link":"https:\/\/vasakderi.com\/es\/producto\/abrigo-primavera-chaqueta-mujer-cuero-genuino-estampado-cebra\/","title":{"rendered":"Chaqueta de mujer de cuero genuino de primavera elegante y con estilo con patr\u00f3n de cebra"},"content":{"rendered":"<p>Descripci\u00f3n del Producto<\/p>\n<p>La chaqueta est\u00e1 dise\u00f1ada utilizando 100% CUERO AUT\u00c9NTICO como material principal de cuero. Con corte l\u00e1ser, la piel madre est\u00e1 confeccionada en piel de cordero y combinada con un fino tul. Con un grosor de cuero de tan solo 0,2 mm, ofrece un uso ligero y c\u00f3modo.<\/p>\n<p>Contenido y caracter\u00edsticas del producto<\/p>\n<p>Caracter\u00edsticas del producto: chaqueta de mezcla de cuero y tela de primavera<\/p>\n<p>Piel principal: 100% CUERO GENUINO<\/p>\n<p>tipo de cuero: Piel de cordero<\/p>\n<p>espesor de la piel: 0,2 mm<\/p>\n<p>Tela: tul fino <\/p>\n<p>Detalle de la tela: tejido fino de punto de tul negro<\/p>\n<p>Molde: Est\u00e1ndar<\/p>\n<p>Marca: vasak<\/p>\n<p>Cuello: cuello chanel<\/p>\n<p>Patr\u00f3n: cebra<\/p>\n<p>Categor\u00eda: chaqueta de mujer<\/p>\n<p>Tipo de producto: Chaqueta<\/p>\n<p>Temporada: Primavera<\/p>\n<p>G\u00e9nero: Mujeres\/Ni\u00f1as<\/p>\n","protected":false},"excerpt":{"rendered":"<p>La comodidad de la temporada de primavera y el lujo del cuero genuino se unen. Esta chaqueta especial tiene un dise\u00f1o elegante y un estampado de cebra \u00fanico.<\/p>\n","protected":false},"featured_media":8871,"comment_status":"open","ping_status":"closed","template":"","meta":[],"etheme_brands":[{"term_id":302,"name":"vasak","slug":"vasak-es","term_group":0,"term_taxonomy_id":302,"taxonomy":"brand","description":"","parent":0,"count":6,"filter":"raw"}],"product_brand":[],"product_cat":[306],"product_tag":[440],"class_list":{"0":"post-6604","1":"product","2":"type-product","3":"status-publish","4":"has-post-thumbnail","6":"brand-vasak-es","7":"product_cat-sin-categorizar","8":"product_tag-chaqueta-de-cuero-de-primavera","9":"pa_beden-2xl-es","10":"pa_beden-3xl-es","11":"pa_beden-4xl-es","12":"pa_beden-5xl-es","13":"pa_beden-l-es","14":"pa_beden-m-es","15":"pa_beden-s-es","16":"pa_beden-xl-es","17":"pa_colors-blanco-negro-es","19":"first","20":"instock","21":"shipping-taxable","22":"purchasable","23":"product-type-variable","24":"has-default-attributes"},"_links":{"self":[{"href":"https:\/\/vasakderi.com\/es\/wp-json\/wp\/v2\/product\/6604","targetHints":{"allow":["GET"]}}],"collection":[{"href":"https:\/\/vasakderi.com\/es\/wp-json\/wp\/v2\/product"}],"about":[{"href":"https:\/\/vasakderi.com\/es\/wp-json\/wp\/v2\/types\/product"}],"replies":[{"embeddable":true,"href":"https:\/\/vasakderi.com\/es\/wp-json\/wp\/v2\/comments?post=6604"}],"wp:featuredmedia":[{"embeddable":true,"href":"https:\/\/vasakderi.com\/es\/wp-json\/wp\/v2\/media\/8871"}],"wp:attachment":[{"href":"https:\/\/vasakderi.com\/es\/wp-json\/wp\/v2\/media?parent=6604"}],"wp:term":[{"taxonomy":"brand","embeddable":true,"href":"https:\/\/vasakderi.com\/es\/wp-json\/wp\/v2\/etheme_brands?post=6604"},{"taxonomy":"product_brand","embeddable":true,"href":"https:\/\/vasakderi.com\/es\/wp-json\/wp\/v2\/product_brand?post=6604"},{"taxonomy":"product_cat","embeddable":true,"href":"https:\/\/vasakderi.com\/es\/wp-json\/wp\/v2\/product_cat?post=6604"},{"taxonomy":"product_tag","embeddable":true,"href":"https:\/\/vasakderi.com\/es\/wp-json\/wp\/v2\/product_tag?post=6604"}],"curies":[{"name":"wp","href":"https:\/\/api.w.org\/{rel}","templated":true}]}}