{"id":2808,"date":"2023-06-05T18:22:28","date_gmt":"2023-06-05T15:22:28","guid":{"rendered":"https:\/\/vasakderi.com\/page-daccueil\/"},"modified":"2024-11-16T09:46:21","modified_gmt":"2024-11-16T06:46:21","slug":"page-daccueil","status":"publish","type":"page","link":"https:\/\/vasakderi.com\/fr\/","title":{"rendered":"Page d&rsquo;accueil"},"content":{"rendered":"\t\t<div data-elementor-type=\"wp-page\" data-elementor-id=\"2808\" class=\"elementor elementor-2808 elementor-1346\">\n\t\t\t\t\t\t<section class=\"elementor-section elementor-top-section elementor-element elementor-element-51b4a9b4 elementor-section-full_width elementor-section-height-default elementor-section-height-default\" data-id=\"51b4a9b4\" data-element_type=\"section\" data-e-type=\"section\" data-settings=\"{&quot;background_background&quot;:&quot;classic&quot;}\">\n\t\t\t\t\t\t<div class=\"elementor-container elementor-column-gap-default\">\n\t\t\t\t\t<div class=\"elementor-column elementor-col-100 elementor-top-column elementor-element elementor-element-97c8c60\" data-id=\"97c8c60\" data-element_type=\"column\" data-e-type=\"column\">\n\t\t\t<div class=\"elementor-widget-wrap elementor-element-populated\">\n\t\t\t\t\t\t<div class=\"elementor-element elementor-element-2d9edbe5 elementor-widget elementor-widget-html\" data-id=\"2d9edbe5\" data-element_type=\"widget\" data-e-type=\"widget\" data-widget_type=\"html.default\">\n\t\t\t\t<div class=\"elementor-widget-container\">\n\t\t\t\t\t<style>\n.marquee_container___Cl77 {\n  width: 100%;\n  overflow: hidden;\n}\n\n.marquee_wrapper__drbcf {\n  display: flex;\n  justify-content: center;\n  animation: marquee 10s linear infinite;\n}\n\n.marquee_textContainer__bjxOK {\n  display: inline-block;\n  white-space: nowrap;\n}\n\n.marquee_textContainer__bjxOK span {\n  color: white;\n  font-size: 20px;\n}\n\n@keyframes marquee {\n  0% { transform: translateX(50%); }\n  100% { transform: translateX(-50%); }\n}\n<\/style>\n\n<div class=\"marquee_container___Cl77\">\n  <div class=\"marquee_wrapper__drbcf\">\n    <div class=\"marquee_textContainer__bjxOK\">\n      <span>Nous sommes ici bient\u00f4t Tous les produits seront t\u00e9l\u00e9charg\u00e9s<\/span><span>&nbsp;&nbsp;&nbsp;&nbsp;&nbsp;&nbsp;<span>Nous sommes ici bient\u00f4t Tous les produits seront t\u00e9l\u00e9charg\u00e9s<\/span><span>&nbsp;&nbsp;&nbsp;&nbsp;&nbsp;&nbsp;Nous sommes ici bient\u00f4t Tous les produits seront t\u00e9l\u00e9charg\u00e9s<\/span><span>&nbsp;&nbsp;&nbsp;&nbsp;&nbsp;&nbsp;<span>Nous sommes ici bient\u00f4t Tous les produits seront t\u00e9l\u00e9charg\u00e9s<\/span><span>&nbsp;&nbsp;&nbsp;&nbsp;&nbsp;&nbsp;Nous sommes ici bient\u00f4t Tous les produits seront t\u00e9l\u00e9charg\u00e9s<\/span><span>&nbsp;&nbsp;&nbsp;&nbsp;&nbsp;&nbsp;<span>Nous sommes ici bient\u00f4t Tous les produits seront t\u00e9l\u00e9charg\u00e9s<\/span><span>&nbsp;&nbsp;&nbsp;&nbsp;&nbsp;&nbsp;<span>Nous sommes ici bient\u00f4t Tous les produits seront t\u00e9l\u00e9charg\u00e9s<\/span><span>&nbsp;&nbsp;&nbsp;&nbsp;&nbsp;&nbsp;Nous sommes ici bient\u00f4t Tous les produits seront t\u00e9l\u00e9charg\u00e9s<\/span><span>&nbsp;&nbsp;&nbsp;&nbsp;&nbsp;&nbsp;<span>Nous sommes ici bient\u00f4t Tous les produits seront t\u00e9l\u00e9charg\u00e9s<\/span><span>&nbsp;&nbsp;&nbsp;&nbsp;&nbsp;&nbsp;Nous sommes ici bient\u00f4t Tous les produits seront t\u00e9l\u00e9charg\u00e9s<\/span><span>&nbsp;&nbsp;&nbsp;&nbsp;&nbsp;&nbsp;<span>Nous sommes ici bient\u00f4t Tous les produits seront t\u00e9l\u00e9charg\u00e9s<\/span><span>&nbsp;&nbsp;&nbsp;&nbsp;&nbsp;&nbsp;<span>Nous sommes ici bient\u00f4t Tous les produits seront t\u00e9l\u00e9charg\u00e9s<\/span><span>&nbsp;&nbsp;&nbsp;&nbsp;&nbsp;&nbsp;Nous sommes ici bient\u00f4t Tous les produits seront t\u00e9l\u00e9charg\u00e9s<\/span><span>&nbsp;&nbsp;&nbsp;&nbsp;&nbsp;&nbsp;<span>Nous sommes ici bient\u00f4t Tous les produits seront t\u00e9l\u00e9charg\u00e9s<\/span><span>&nbsp;&nbsp;&nbsp;&nbsp;&nbsp;&nbsp;Nous sommes ici bient\u00f4t Tous les produits seront t\u00e9l\u00e9charg\u00e9s<\/span><span>&nbsp;&nbsp;&nbsp;&nbsp;&nbsp;&nbsp;<span>Nous sommes ici bient\u00f4t Tous les produits seront t\u00e9l\u00e9charg\u00e9s<\/span><span>&nbsp;&nbsp;&nbsp;&nbsp;&nbsp;&nbsp;<span>Nous sommes ici bient\u00f4t Tous les produits seront t\u00e9l\u00e9charg\u00e9s<\/span><span>&nbsp;&nbsp;&nbsp;&nbsp;&nbsp;&nbsp;Nous sommes ici bient\u00f4t Tous les produits seront t\u00e9l\u00e9charg\u00e9s<\/span><span>&nbsp;&nbsp;&nbsp;&nbsp;&nbsp;&nbsp;<span>Nous sommes ici bient\u00f4t Tous les produits seront t\u00e9l\u00e9charg\u00e9s<\/span><span>&nbsp;&nbsp;&nbsp;&nbsp;&nbsp;&nbsp;Nous sommes ici bient\u00f4t Tous les produits seront t\u00e9l\u00e9charg\u00e9s<\/span><span>&nbsp;&nbsp;&nbsp;&nbsp;&nbsp;&nbsp;<span>Nous sommes ici bient\u00f4t Tous les produits seront t\u00e9l\u00e9charg\u00e9s<\/span><span>&nbsp;&nbsp;&nbsp;&nbsp;&nbsp;&nbsp;<span>Nous sommes ici bient\u00f4t Tous les produits seront t\u00e9l\u00e9charg\u00e9s<\/span><span>&nbsp;&nbsp;&nbsp;&nbsp;&nbsp;&nbsp;Nous sommes ici bient\u00f4t Tous les produits seront t\u00e9l\u00e9charg\u00e9s<\/span><span>&nbsp;&nbsp;&nbsp;&nbsp;&nbsp;&nbsp;<span>Nous sommes ici bient\u00f4t Tous les produits seront t\u00e9l\u00e9charg\u00e9s<\/span><span>&nbsp;&nbsp;&nbsp;&nbsp;&nbsp;&nbsp;Nous sommes ici bient\u00f4t Tous les produits seront t\u00e9l\u00e9charg\u00e9s<\/span><span>&nbsp;&nbsp;&nbsp;&nbsp;&nbsp;&nbsp;<span>Nous sommes ici bient\u00f4t Tous les produits seront t\u00e9l\u00e9charg\u00e9s<\/span><span>&nbsp;&nbsp;&nbsp;&nbsp;&nbsp;&nbsp;<span>Nous sommes ici bient\u00f4t Tous les produits seront t\u00e9l\u00e9charg\u00e9s<\/span><span>&nbsp;&nbsp;&nbsp;&nbsp;&nbsp;&nbsp;Nous sommes ici bient\u00f4t Tous les produits seront t\u00e9l\u00e9charg\u00e9s<\/span><span>&nbsp;&nbsp;&nbsp;&nbsp;&nbsp;&nbsp;<span>Nous sommes ici bient\u00f4t Tous les produits seront t\u00e9l\u00e9charg\u00e9s<\/span><span>&nbsp;&nbsp;&nbsp;&nbsp;&nbsp;&nbsp;Nous sommes ici bient\u00f4t Tous les produits seront t\u00e9l\u00e9charg\u00e9s<\/span><span>&nbsp;&nbsp;&nbsp;&nbsp;&nbsp;&nbsp;<span>Nous sommes ici bient\u00f4t Tous les produits seront t\u00e9l\u00e9charg\u00e9s<\/span><span>&nbsp;&nbsp;&nbsp;&nbsp;&nbsp;&nbsp;<span>Nous sommes ici bient\u00f4t Tous les produits seront t\u00e9l\u00e9charg\u00e9s<\/span><span>&nbsp;&nbsp;&nbsp;&nbsp;&nbsp;&nbsp;Nous sommes ici bient\u00f4t Tous les produits seront t\u00e9l\u00e9charg\u00e9s<\/span><span>&nbsp;&nbsp;&nbsp;&nbsp;&nbsp;&nbsp;<span>Nous sommes ici bient\u00f4t Tous les produits seront t\u00e9l\u00e9charg\u00e9s<\/span><span>&nbsp;&nbsp;&nbsp;&nbsp;&nbsp;&nbsp;Nous sommes ici bient\u00f4t Tous les produits seront t\u00e9l\u00e9charg\u00e9s<\/span><span>&nbsp;&nbsp;&nbsp;&nbsp;&nbsp;&nbsp;<span>Nous sommes ici bient\u00f4t Tous les produits seront t\u00e9l\u00e9charg\u00e9s<\/span><span>&nbsp;&nbsp;&nbsp;&nbsp;&nbsp;&nbsp;<span>Nous sommes ici bient\u00f4t Tous les produits seront t\u00e9l\u00e9charg\u00e9s<\/span><span>&nbsp;&nbsp;&nbsp;&nbsp;&nbsp;&nbsp;Nous sommes ici bient\u00f4t Tous les produits seront t\u00e9l\u00e9charg\u00e9s<\/span><span>&nbsp;&nbsp;&nbsp;&nbsp;&nbsp;&nbsp;<span>Nous sommes ici bient\u00f4t Tous les produits seront t\u00e9l\u00e9charg\u00e9s<\/span><span>&nbsp;&nbsp;&nbsp;&nbsp;&nbsp;&nbsp;Nous sommes ici bient\u00f4t Tous les produits seront t\u00e9l\u00e9charg\u00e9s<\/span><span>&nbsp;&nbsp;&nbsp;&nbsp;&nbsp;&nbsp;<span>Nous sommes ici bient\u00f4t Tous les produits seront t\u00e9l\u00e9charg\u00e9s<\/span><span>&nbsp;&nbsp;&nbsp;&nbsp;&nbsp;&nbsp;<span>Nous sommes ici bient\u00f4t Tous les produits seront t\u00e9l\u00e9charg\u00e9s<\/span><span>&nbsp;&nbsp;&nbsp;&nbsp;&nbsp;&nbsp;Nous sommes ici bient\u00f4t Tous les produits seront t\u00e9l\u00e9charg\u00e9s<\/span><span>&nbsp;&nbsp;&nbsp;&nbsp;&nbsp;&nbsp;<span>Nous sommes ici bient\u00f4t Tous les produits seront t\u00e9l\u00e9charg\u00e9s<\/span><span>&nbsp;&nbsp;&nbsp;&nbsp;&nbsp;&nbsp;Nous sommes ici bient\u00f4t Tous les produits seront t\u00e9l\u00e9charg\u00e9s<\/span><span>&nbsp;&nbsp;&nbsp;&nbsp;&nbsp;&nbsp;<span>Nous sommes ici bient\u00f4t Tous les produits seront t\u00e9l\u00e9charg\u00e9s<\/span><span>&nbsp;&nbsp;&nbsp;&nbsp;&nbsp;&nbsp;<span>Nous sommes ici bient\u00f4t Tous les produits seront t\u00e9l\u00e9charg\u00e9s<\/span><span>&nbsp;&nbsp;&nbsp;&nbsp;&nbsp;&nbsp;Nous sommes ici bient\u00f4t Tous les produits seront t\u00e9l\u00e9charg\u00e9s<\/span><span>&nbsp;&nbsp;&nbsp;&nbsp;&nbsp;&nbsp;<span>Nous sommes ici bient\u00f4t Tous les produits seront t\u00e9l\u00e9charg\u00e9s<\/span><span>&nbsp;&nbsp;&nbsp;&nbsp;&nbsp;&nbsp;Nous sommes ici bient\u00f4t Tous les produits seront t\u00e9l\u00e9charg\u00e9s<\/span><span>&nbsp;&nbsp;&nbsp;&nbsp;&nbsp;&nbsp;<span>Nous sommes ici bient\u00f4t Tous les produits seront t\u00e9l\u00e9charg\u00e9s<\/span><span>&nbsp;&nbsp;&nbsp;&nbsp;&nbsp;&nbsp;<span>Nous sommes ici bient\u00f4t Tous les produits seront t\u00e9l\u00e9charg\u00e9s<\/span><span>&nbsp;&nbsp;&nbsp;&nbsp;&nbsp;&nbsp;Nous sommes ici bient\u00f4t Tous les produits seront t\u00e9l\u00e9charg\u00e9s<\/span><span>&nbsp;&nbsp;&nbsp;&nbsp;&nbsp;&nbsp;<span>Nous sommes ici bient\u00f4t Tous les produits seront t\u00e9l\u00e9charg\u00e9s<\/span><span>&nbsp;&nbsp;&nbsp;&nbsp;&nbsp;&nbsp;Nous sommes ici bient\u00f4t Tous les produits seront t\u00e9l\u00e9charg\u00e9s<\/span><span>&nbsp;&nbsp;&nbsp;&nbsp;&nbsp;&nbsp;<span>Nous sommes ici bient\u00f4t Tous les produits seront t\u00e9l\u00e9charg\u00e9s<\/span><span>&nbsp;&nbsp;&nbsp;&nbsp;&nbsp;&nbsp;<span>Nous sommes ici bient\u00f4t Tous les produits seront t\u00e9l\u00e9charg\u00e9s<\/span><span>&nbsp;&nbsp;&nbsp;&nbsp;&nbsp;&nbsp;Nous sommes ici bient\u00f4t Tous les produits seront t\u00e9l\u00e9charg\u00e9s<\/span><span>&nbsp;&nbsp;&nbsp;&nbsp;&nbsp;&nbsp;<span>Nous sommes ici bient\u00f4t Tous les produits seront t\u00e9l\u00e9charg\u00e9s<\/span><span>&nbsp;&nbsp;&nbsp;&nbsp;&nbsp;&nbsp;Nous sommes ici bient\u00f4t Tous les produits seront t\u00e9l\u00e9charg\u00e9s<\/span><span>&nbsp;&nbsp;&nbsp;&nbsp;&nbsp;&nbsp;<span>Nous sommes ici bient\u00f4t Tous les produits seront t\u00e9l\u00e9charg\u00e9s<\/span><span>&nbsp;&nbsp;&nbsp;&nbsp;&nbsp;&nbsp;<span>Nous sommes ici bient\u00f4t Tous les produits seront t\u00e9l\u00e9charg\u00e9s<\/span><span>&nbsp;&nbsp;&nbsp;&nbsp;&nbsp;&nbsp;Nous sommes ici bient\u00f4t Tous les produits seront t\u00e9l\u00e9charg\u00e9s<\/span><span>&nbsp;&nbsp;&nbsp;&nbsp;&nbsp;&nbsp;<span>Nous sommes ici bient\u00f4t Tous les produits seront t\u00e9l\u00e9charg\u00e9s<\/span><span>&nbsp;&nbsp;&nbsp;&nbsp;&nbsp;&nbsp;Nous sommes ici bient\u00f4t Tous les produits seront t\u00e9l\u00e9charg\u00e9s<\/span><span>&nbsp;&nbsp;&nbsp;&nbsp;&nbsp;&nbsp;<span>Nous sommes ici bient\u00f4t Tous les produits seront t\u00e9l\u00e9charg\u00e9s<\/span><span>&nbsp;&nbsp;&nbsp;&nbsp;&nbsp;&nbsp;<span>Nous sommes ici bient\u00f4t Tous les produits seront t\u00e9l\u00e9charg\u00e9s<\/span><span>&nbsp;&nbsp;&nbsp;&nbsp;&nbsp;&nbsp;Nous sommes ici bient\u00f4t Tous les produits seront t\u00e9l\u00e9charg\u00e9s<\/span><span>&nbsp;&nbsp;&nbsp;&nbsp;&nbsp;&nbsp;<span>Nous sommes ici bient\u00f4t Tous les produits seront t\u00e9l\u00e9charg\u00e9s<\/span><span>&nbsp;&nbsp;&nbsp;&nbsp;&nbsp;&nbsp;Nous sommes ici bient\u00f4t Tous les produits seront t\u00e9l\u00e9charg\u00e9s<\/span><span>&nbsp;&nbsp;&nbsp;&nbsp;&nbsp;&nbsp;<span>Nous sommes ici bient\u00f4t Tous les produits seront t\u00e9l\u00e9charg\u00e9s<\/span><span>&nbsp;&nbsp;&nbsp;&nbsp;&nbsp;&nbsp;<span>Nous sommes ici bient\u00f4t Tous les produits seront t\u00e9l\u00e9charg\u00e9s<\/span><span>&nbsp;&nbsp;&nbsp;&nbsp;&nbsp;&nbsp;Nous sommes ici bient\u00f4t Tous les produits seront t\u00e9l\u00e9charg\u00e9s<\/span><span>&nbsp;&nbsp;&nbsp;&nbsp;&nbsp;&nbsp;<span>Nous sommes ici bient\u00f4t Tous les produits seront t\u00e9l\u00e9charg\u00e9s<\/span><span>&nbsp;&nbsp;&nbsp;&nbsp;&nbsp;&nbsp;Nous sommes ici bient\u00f4t Tous les produits seront t\u00e9l\u00e9charg\u00e9s<\/span><span>&nbsp;&nbsp;&nbsp;&nbsp;&nbsp;&nbsp;<span>Nous sommes ici bient\u00f4t Tous les produits seront t\u00e9l\u00e9charg\u00e9s<\/span><span>&nbsp;&nbsp;&nbsp;&nbsp;&nbsp;&nbsp;<span>Nous sommes ici bient\u00f4t Tous les produits seront t\u00e9l\u00e9charg\u00e9s<\/span><span>&nbsp;&nbsp;&nbsp;&nbsp;&nbsp;&nbsp;Nous sommes ici bient\u00f4t Tous les produits seront t\u00e9l\u00e9charg\u00e9s<\/span><span>&nbsp;&nbsp;&nbsp;&nbsp;&nbsp;&nbsp;<span>Nous sommes ici bient\u00f4t Tous les produits seront t\u00e9l\u00e9charg\u00e9s<\/span><span>&nbsp;&nbsp;&nbsp;&nbsp;&nbsp;&nbsp;Nous sommes ici bient\u00f4t Tous les produits seront t\u00e9l\u00e9charg\u00e9s<\/span><span>&nbsp;&nbsp;&nbsp;&nbsp;&nbsp;&nbsp;<span><\/span><span>&nbsp;&nbsp;&nbsp;&nbsp;&nbsp;&nbsp;\n      <\/span>&nbsp;<span>\n      <!-- Di\u011fer span etiketlerini buraya ekleyebilirsiniz -->\n    <\/div>\n  <\/div>\n  <\/div>\t\t\t\t<\/div>\n\t\t\t\t<\/div>\n\t\t\t\t\t<\/div>\n\t\t<\/div>\n\t\t\t\t\t<\/div>\n\t\t<\/section>\n\t\t\t\t<section class=\"elementor-section elementor-top-section elementor-element elementor-element-4ffc77ef elementor-section-boxed elementor-section-height-default elementor-section-height-default\" data-id=\"4ffc77ef\" data-element_type=\"section\" data-e-type=\"section\">\n\t\t\t\t\t\t<div class=\"elementor-container elementor-column-gap-default\">\n\t\t\t\t\t<div class=\"elementor-column elementor-col-100 elementor-top-column elementor-element elementor-element-2318e8e5\" data-id=\"2318e8e5\" data-element_type=\"column\" data-e-type=\"column\">\n\t\t\t<div class=\"elementor-widget-wrap elementor-element-populated\">\n\t\t\t\t\t\t<div class=\"elementor-element elementor-element-f64d98f elementor-widget elementor-widget-spacer\" data-id=\"f64d98f\" data-element_type=\"widget\" data-e-type=\"widget\" data-widget_type=\"spacer.default\">\n\t\t\t\t<div class=\"elementor-widget-container\">\n\t\t\t\t\t\t\t<div class=\"elementor-spacer\">\n\t\t\t<div class=\"elementor-spacer-inner\"><\/div>\n\t\t<\/div>\n\t\t\t\t\t\t<\/div>\n\t\t\t\t<\/div>\n\t\t\t\t\t<\/div>\n\t\t<\/div>\n\t\t\t\t\t<\/div>\n\t\t<\/section>\n\t\t\t\t<section class=\"elementor-section elementor-top-section elementor-element elementor-element-3aed1759 elementor-section-boxed elementor-section-height-default elementor-section-height-default\" data-id=\"3aed1759\" data-element_type=\"section\" data-e-type=\"section\">\n\t\t\t\t\t\t<div class=\"elementor-container elementor-column-gap-default\">\n\t\t\t\t\t<div class=\"elementor-column elementor-col-100 elementor-top-column elementor-element elementor-element-9e5ad21\" data-id=\"9e5ad21\" data-element_type=\"column\" data-e-type=\"column\">\n\t\t\t<div class=\"elementor-widget-wrap elementor-element-populated\">\n\t\t\t\t\t\t<div class=\"elementor-element elementor-element-60b90313 elementor-widget elementor-widget-etheme_animated_headline\" data-id=\"60b90313\" data-element_type=\"widget\" data-e-type=\"widget\" data-settings=\"{&quot;text_style&quot;:&quot;animate&quot;,&quot;animation_type&quot;:&quot;clip&quot;,&quot;animated_text&quot;:&quot;Bienvenue Bient\\u00f4t disponible&quot;}\" data-widget_type=\"etheme_animated_headline.default\">\n\t\t\t\t<div class=\"elementor-widget-container\">\n\t\t\t\t\t        \n        <div class=\"etheme-headline-wrapper\">\n            <h2 class=\"etheme-headline etheme-headline-animation-type-clip\" data-style=\"animate\">\n\t\t                        <span class=\"etheme-headline-text-wrapper\">\n                \n\t\t            \n                    <span class=\"etheme-headline-text etheme-headline-text-active\">Bienvenue&nbsp;Bient\u00f4t&nbsp;disponible<\/span>                \n                <\/span>\n                            <\/h2>\n        <\/div>\n        \n\t\t\t\t\t\t<\/div>\n\t\t\t\t<\/div>\n\t\t\t\t\t<\/div>\n\t\t<\/div>\n\t\t\t\t\t<\/div>\n\t\t<\/section>\n\t\t\t\t<section class=\"elementor-section elementor-top-section elementor-element elementor-element-267237c9 elementor-section-boxed elementor-section-height-default elementor-section-height-default\" data-id=\"267237c9\" data-element_type=\"section\" data-e-type=\"section\">\n\t\t\t\t\t\t<div class=\"elementor-container elementor-column-gap-default\">\n\t\t\t\t\t<div class=\"elementor-column elementor-col-100 elementor-top-column elementor-element elementor-element-2edc37d8\" data-id=\"2edc37d8\" data-element_type=\"column\" data-e-type=\"column\">\n\t\t\t<div class=\"elementor-widget-wrap elementor-element-populated\">\n\t\t\t\t\t\t<div class=\"elementor-element elementor-element-6915ee41 elementor-widget elementor-widget-spacer\" data-id=\"6915ee41\" data-element_type=\"widget\" data-e-type=\"widget\" data-widget_type=\"spacer.default\">\n\t\t\t\t<div class=\"elementor-widget-container\">\n\t\t\t\t\t\t\t<div class=\"elementor-spacer\">\n\t\t\t<div class=\"elementor-spacer-inner\"><\/div>\n\t\t<\/div>\n\t\t\t\t\t\t<\/div>\n\t\t\t\t<\/div>\n\t\t\t\t\t<\/div>\n\t\t<\/div>\n\t\t\t\t\t<\/div>\n\t\t<\/section>\n\t\t\t\t<section class=\"elementor-section elementor-top-section elementor-element elementor-element-6168728f elementor-section-full_width elementor-section-height-default elementor-section-height-default\" data-id=\"6168728f\" data-element_type=\"section\" data-e-type=\"section\">\n\t\t\t\t\t\t<div class=\"elementor-container elementor-column-gap-default\">\n\t\t\t\t\t<div class=\"elementor-column elementor-col-100 elementor-top-column elementor-element elementor-element-1af29ed\" data-id=\"1af29ed\" data-element_type=\"column\" data-e-type=\"column\">\n\t\t\t<div class=\"elementor-widget-wrap elementor-element-populated\">\n\t\t\t\t\t\t<div class=\"elementor-element elementor-element-3e4b8baa elementor-widget elementor-widget-image\" data-id=\"3e4b8baa\" data-element_type=\"widget\" data-e-type=\"widget\" data-widget_type=\"image.default\">\n\t\t\t\t<div class=\"elementor-widget-container\">\n\t\t\t\t\t\t\t\t\t\t\t\t\t\t\t\t<a href=\"https:\/\/vasakderi.com\/fr\/produit\/manteau-de-printemps-cuir-veritable-veste-femme-a-motif-zebre\/\">\n\t\t\t\t\t\t\t<img loading=\"lazy\" loading=\"lazy\" decoding=\"async\" width=\"12821\" height=\"4096\" src=\"https:\/\/vasakderi.com\/wp-content\/uploads\/2024\/11\/Zarif-ve-Baharlik-Hakiki-Deri-Kadin-Ceketi-Zebra-Desenli-Beyaz-Deri-arka-plan-1-1.webp\" class=\"attachment-full size-full wp-image-8209\" alt=\"\" srcset=\"https:\/\/vasakderi.com\/wp-content\/uploads\/2024\/11\/Zarif-ve-Baharlik-Hakiki-Deri-Kadin-Ceketi-Zebra-Desenli-Beyaz-Deri-arka-plan-1-1.webp 12821w, https:\/\/vasakderi.com\/wp-content\/uploads\/2024\/11\/Zarif-ve-Baharlik-Hakiki-Deri-Kadin-Ceketi-Zebra-Desenli-Beyaz-Deri-arka-plan-1-1-380x121.webp 380w, https:\/\/vasakderi.com\/wp-content\/uploads\/2024\/11\/Zarif-ve-Baharlik-Hakiki-Deri-Kadin-Ceketi-Zebra-Desenli-Beyaz-Deri-arka-plan-1-1-610x195.webp 610w, https:\/\/vasakderi.com\/wp-content\/uploads\/2024\/11\/Zarif-ve-Baharlik-Hakiki-Deri-Kadin-Ceketi-Zebra-Desenli-Beyaz-Deri-arka-plan-1-1-150x48.webp 150w, https:\/\/vasakderi.com\/wp-content\/uploads\/2024\/11\/Zarif-ve-Baharlik-Hakiki-Deri-Kadin-Ceketi-Zebra-Desenli-Beyaz-Deri-arka-plan-1-1-658x210.webp 658w, https:\/\/vasakderi.com\/wp-content\/uploads\/2024\/11\/Zarif-ve-Baharlik-Hakiki-Deri-Kadin-Ceketi-Zebra-Desenli-Beyaz-Deri-arka-plan-1-1-1536x491.webp 1536w, https:\/\/vasakderi.com\/wp-content\/uploads\/2024\/11\/Zarif-ve-Baharlik-Hakiki-Deri-Kadin-Ceketi-Zebra-Desenli-Beyaz-Deri-arka-plan-1-1-2048x654.webp 2048w, https:\/\/vasakderi.com\/wp-content\/uploads\/2024\/11\/Zarif-ve-Baharlik-Hakiki-Deri-Kadin-Ceketi-Zebra-Desenli-Beyaz-Deri-arka-plan-1-1-685x219.webp 685w, https:\/\/vasakderi.com\/wp-content\/uploads\/2024\/11\/Zarif-ve-Baharlik-Hakiki-Deri-Kadin-Ceketi-Zebra-Desenli-Beyaz-Deri-arka-plan-1-1-2x1.webp 2w, https:\/\/vasakderi.com\/wp-content\/uploads\/2024\/11\/Zarif-ve-Baharlik-Hakiki-Deri-Kadin-Ceketi-Zebra-Desenli-Beyaz-Deri-arka-plan-1-1-10x3.webp 10w\" sizes=\"auto, (max-width: 12821px) 100vw, 12821px\" \/>\t\t\t\t\t\t\t\t<\/a>\n\t\t\t\t\t\t\t\t\t\t\t\t\t\t\t<\/div>\n\t\t\t\t<\/div>\n\t\t\t\t\t<\/div>\n\t\t<\/div>\n\t\t\t\t\t<\/div>\n\t\t<\/section>\n\t\t\t\t<section class=\"elementor-section elementor-top-section elementor-element elementor-element-65949ae9 elementor-section-content-middle elementor-section-boxed elementor-section-height-default elementor-section-height-default\" data-id=\"65949ae9\" data-element_type=\"section\" data-e-type=\"section\" data-settings=\"{&quot;background_background&quot;:&quot;classic&quot;}\">\n\t\t\t\t\t\t<div class=\"elementor-container elementor-column-gap-no\">\n\t\t\t\t\t<div class=\"elementor-column elementor-col-50 elementor-top-column elementor-element elementor-element-1687047c\" data-id=\"1687047c\" data-element_type=\"column\" data-e-type=\"column\">\n\t\t\t<div class=\"elementor-widget-wrap elementor-element-populated\">\n\t\t\t\t\t\t<div class=\"elementor-element elementor-element-a8e549e elementor-widget elementor-widget-heading\" data-id=\"a8e549e\" data-element_type=\"widget\" data-e-type=\"widget\" data-widget_type=\"heading.default\">\n\t\t\t\t<div class=\"elementor-widget-container\">\n\t\t\t\t\t<h4 class=\"elementor-heading-title elementor-size-default\"><a href=\"https:\/\/vasakderi.com\/magaza\/\"><b>Vasak leather - Fabricant de Vestes<\/b><\/a><\/h4>\t\t\t\t<\/div>\n\t\t\t\t<\/div>\n\t\t\t\t\t<\/div>\n\t\t<\/div>\n\t\t\t\t<div class=\"elementor-column elementor-col-50 elementor-top-column elementor-element elementor-element-3003c6fe\" data-id=\"3003c6fe\" data-element_type=\"column\" data-e-type=\"column\">\n\t\t\t<div class=\"elementor-widget-wrap elementor-element-populated\">\n\t\t\t\t\t\t<div class=\"elementor-element elementor-element-24c156df elementor-widget elementor-widget-text-editor\" data-id=\"24c156df\" data-element_type=\"widget\" data-e-type=\"widget\" data-widget_type=\"text-editor.default\">\n\t\t\t\t<div class=\"elementor-widget-container\">\n\t\t\t\t\t\t\t\t\t<p>Sp\u00e9cialis\u00e9e dans le domaine des vestes en cuir pour femmes, Vasak Deri est l&rsquo;une des entreprises les plus anciennes et \u00e9tablies du secteur. Avec ses designs uniques et modernes qui allient qualit\u00e9 et \u00e9l\u00e9gance, elle propose une large collection de vestes en cuir pour femmes. Vasak Deri vise l&rsquo;excellence \u00e0 chaque \u00e9tape de la production et figure parmi les marques leaders du secteur.<\/p>\t\t\t\t\t\t\t\t<\/div>\n\t\t\t\t<\/div>\n\t\t\t\t\t<\/div>\n\t\t<\/div>\n\t\t\t\t\t<\/div>\n\t\t<\/section>\n\t\t\t\t<\/div>\n\t\t","protected":false},"excerpt":{"rendered":"<p>Nous sommes ici bient\u00f4t Tous les produits seront t\u00e9l\u00e9charg\u00e9s&nbsp;&nbsp;&nbsp;&nbsp;&nbsp;&nbsp;Nous sommes ici bient\u00f4t Tous les produits seront t\u00e9l\u00e9charg\u00e9s&nbsp;&nbsp;&nbsp;&nbsp;&nbsp;&nbsp;Nous sommes ici bient\u00f4t Tous les produits seront t\u00e9l\u00e9charg\u00e9s&nbsp;&nbsp;&nbsp;&nbsp;&nbsp;&nbsp;Nous&#8230;<\/p>\n","protected":false},"author":1,"featured_media":0,"parent":0,"menu_order":0,"comment_status":"closed","ping_status":"closed","template":"elementor_header_footer","meta":{"footnotes":""},"class_list":["post-2808","page","type-page","status-publish","hentry"],"_links":{"self":[{"href":"https:\/\/vasakderi.com\/fr\/wp-json\/wp\/v2\/pages\/2808","targetHints":{"allow":["GET"]}}],"collection":[{"href":"https:\/\/vasakderi.com\/fr\/wp-json\/wp\/v2\/pages"}],"about":[{"href":"https:\/\/vasakderi.com\/fr\/wp-json\/wp\/v2\/types\/page"}],"author":[{"embeddable":true,"href":"https:\/\/vasakderi.com\/fr\/wp-json\/wp\/v2\/users\/1"}],"replies":[{"embeddable":true,"href":"https:\/\/vasakderi.com\/fr\/wp-json\/wp\/v2\/comments?post=2808"}],"version-history":[{"count":3,"href":"https:\/\/vasakderi.com\/fr\/wp-json\/wp\/v2\/pages\/2808\/revisions"}],"predecessor-version":[{"id":8247,"href":"https:\/\/vasakderi.com\/fr\/wp-json\/wp\/v2\/pages\/2808\/revisions\/8247"}],"wp:attachment":[{"href":"https:\/\/vasakderi.com\/fr\/wp-json\/wp\/v2\/media?parent=2808"}],"curies":[{"name":"wp","href":"https:\/\/api.w.org\/{rel}","templated":true}]}}