{"id":6243,"date":"2023-08-29T14:43:22","date_gmt":"2023-08-29T11:43:22","guid":{"rendered":"https:\/\/vasakderi.com\/urun\/veste-de-printemps-en-cuir-veritable-colore-pour-femmes-motifs-ottoman-traditionnels-tissu-fin\/"},"modified":"2023-11-04T09:06:58","modified_gmt":"2023-11-04T06:06:58","slug":"motifs-ottomans-traditionnels-colores-cuir-veritable-tissu-fin-manteau-de-printemps-veste-femme","status":"publish","type":"product","link":"https:\/\/vasakderi.com\/fr\/produit\/motifs-ottomans-traditionnels-colores-cuir-veritable-tissu-fin-manteau-de-printemps-veste-femme\/","title":{"rendered":"Veste de printemps en cuir v\u00e9ritable color\u00e9 pour femmes, motifs Ottoman traditionnels, tissu fin"},"content":{"rendered":"<p>Description du produit<\/p>\n<p>La veste est en cuir d&rsquo;agneau, dont le cuir principal est 100% CUIR V\u00c9RITABLE, et offre un port l\u00e9ger et confortable avec son \u00e9paisseur de cuir de 0,2 mm. De plus, cette veste, enrichie de fins d\u00e9tails en jersey de tulle noir, refl\u00e8te la combinaison du moderne et du traditionnel, ajoutant une touche historique unique \u00e0 votre style. Il ajoute une touche historique \u00e0 votre style en offrant une combinaison color\u00e9e avec des motifs ottomans traditionnels.<\/p>\n<p>Contenu et fonctionnalit\u00e9s du produit<\/p>\n<p>Caract\u00e9ristiques du produit: veste en m\u00e9lange de cuir et tissu printanier<\/p>\n<p>Cuir principal : 100 % CUIR V\u00c9RITABLE<\/p>\n<p>type de cuir : Agneau<\/p>\n<p>\u00e9paisseur du cuir : 0,2 mm<\/p>\n<p>Tissu : tulle fin <\/p>\n<p>D\u00e9tail tissu : tissu jersey tulle fin noir<\/p>\n<p>Moule : Norme<\/p>\n<p>Marque : vasak<\/p>\n<p>Col: Col chanel<\/p>\n<p>Mod\u00e8le : Motifs ottomans<\/p>\n<p>Cat\u00e9gorie : Veste femme<\/p>\n<p>Type de produit: Veste<\/p>\n<p>Saison : Printemps<\/p>\n<p>Couleur: noir-jaune pastel-bleu acier-vert menthe clair-p\u00eache p\u00e2le-olive fonc\u00e9e-olive terne<\/p>\n<p>Genre : femmes\/filles<\/p>\n","protected":false},"excerpt":{"rendered":"<p>Cette veste pour femme ajoute une touche historique \u00e0 votre style en offrant une combinaison color\u00e9e avec de riches motifs ottomans traditionnels. Chaque motif est d\u00e9taill\u00e9 avec pr\u00e9cision par d\u00e9coupe laser. De plus, la veste offre l&rsquo;harmonie parfaite entre le cuir v\u00e9ritable et le tissu raffin\u00e9.<\/p>\n","protected":false},"featured_media":6788,"comment_status":"open","ping_status":"closed","template":"","meta":[],"etheme_brands":[{"term_id":296,"name":"vasak","slug":"vasak-fr","term_group":0,"term_taxonomy_id":296,"taxonomy":"brand","description":"","parent":0,"count":6,"filter":"raw"}],"product_brand":[],"product_cat":[303],"product_tag":[416],"class_list":{"0":"post-6243","1":"product","2":"type-product","3":"status-publish","4":"has-post-thumbnail","6":"brand-vasak-fr","7":"product_cat-veste-femme-fr","8":"product_tag-veste-en-cuir-de-printemps","9":"pa_beden-2xl-fr","10":"pa_beden-3xl-fr","11":"pa_beden-4xl-fr","12":"pa_beden-5xl-fr","13":"pa_beden-l-fr","14":"pa_beden-m-fr","15":"pa_beden-s-fr","16":"pa_beden-xl-fr","17":"pa_colors-jaune-pastel-bleu-acier-vert-menthe-clair-peche-pale-vert-olive-fonce-olive-terne-fr","19":"first","20":"instock","21":"sale","22":"shipping-taxable","23":"purchasable","24":"product-type-variable","25":"has-default-attributes"},"_links":{"self":[{"href":"https:\/\/vasakderi.com\/fr\/wp-json\/wp\/v2\/product\/6243","targetHints":{"allow":["GET"]}}],"collection":[{"href":"https:\/\/vasakderi.com\/fr\/wp-json\/wp\/v2\/product"}],"about":[{"href":"https:\/\/vasakderi.com\/fr\/wp-json\/wp\/v2\/types\/product"}],"replies":[{"embeddable":true,"href":"https:\/\/vasakderi.com\/fr\/wp-json\/wp\/v2\/comments?post=6243"}],"wp:featuredmedia":[{"embeddable":true,"href":"https:\/\/vasakderi.com\/fr\/wp-json\/wp\/v2\/media\/6788"}],"wp:attachment":[{"href":"https:\/\/vasakderi.com\/fr\/wp-json\/wp\/v2\/media?parent=6243"}],"wp:term":[{"taxonomy":"brand","embeddable":true,"href":"https:\/\/vasakderi.com\/fr\/wp-json\/wp\/v2\/etheme_brands?post=6243"},{"taxonomy":"product_brand","embeddable":true,"href":"https:\/\/vasakderi.com\/fr\/wp-json\/wp\/v2\/product_brand?post=6243"},{"taxonomy":"product_cat","embeddable":true,"href":"https:\/\/vasakderi.com\/fr\/wp-json\/wp\/v2\/product_cat?post=6243"},{"taxonomy":"product_tag","embeddable":true,"href":"https:\/\/vasakderi.com\/fr\/wp-json\/wp\/v2\/product_tag?post=6243"}],"curies":[{"name":"wp","href":"https:\/\/api.w.org\/{rel}","templated":true}]}}