{"id":6261,"date":"2023-08-29T10:43:50","date_gmt":"2023-08-29T07:43:50","guid":{"rendered":"https:\/\/vasakderi.com\/urun\/veste-de-printemps-en-cuir-veritable-noir-et-blanc-pour-femmes-tissu-fin-barre\/"},"modified":"2023-08-30T17:52:49","modified_gmt":"2023-08-30T14:52:49","slug":"cubuklu-siyah-beyaz-hakiki-deri-baharlik-ince-kumasli-kadin-ceketi","status":"publish","type":"product","link":"https:\/\/vasakderi.com\/fr\/produit\/cubuklu-siyah-beyaz-hakiki-deri-baharlik-ince-kumasli-kadin-ceketi\/","title":{"rendered":"Veste de printemps en cuir v\u00e9ritable noir et blanc pour femmes, tissu fin, barr\u00e9"},"content":{"rendered":"<p>Description du produit<\/p>\n<p>Veste en tissu jersey fin noir et blanc barr\u00e9 de couleur fonc\u00e9e au printemps; Il a \u00e9t\u00e9 r\u00e9alis\u00e9 en cuir d&rsquo;agneau dont le cuir principal est 100% CUIR V\u00c9RITABLE. La veste, qui contraste parfaitement avec ses fins d\u00e9tails en tulle, offre un port\u00e9 l\u00e9ger et confortable gr\u00e2ce \u00e0 son \u00e9paisseur de cuir de 0,2 mm.<\/p>\n<p>Contenu et fonctionnalit\u00e9s du produit<\/p>\n<p>Caract\u00e9ristiques du produit: veste en m\u00e9lange de cuir et tissu printanier<\/p>\n<p>Cuir principal : 100 % CUIR V\u00c9RITABLE<\/p>\n<p>type de cuir : Agneau<\/p>\n<p>\u00e9paisseur du cuir : 0,2 mm<\/p>\n<p>Tissu : tulle fin <\/p>\n<p>D\u00e9tail tissu : tissu jersey tulle fin noir<\/p>\n<p>Moule : Norme<\/p>\n<p>Marque : vasak<\/p>\n<p>Col: Col chanel<\/p>\n<p>Motif : noir et blanc avec barres.<\/p>\n<p>Cat\u00e9gorie : Veste femme<\/p>\n<p>Type de produit: Veste<\/p>\n<p>Saison : Printemps<\/p>\n<p>Couleur: noir-blanc<\/p>\n<p>Genre : femmes\/filles<\/p>\n","protected":false},"excerpt":{"rendered":"<p>Cette veste unique refl\u00e8te la qualit\u00e9 sup\u00e9rieure du CUIR 100% V\u00c9RITABLE avec son design \u00e9l\u00e9gant et son contraste de couleurs barr\u00e9 noir et blanc. De plus, il est id\u00e9al pour la saison printani\u00e8re et se d\u00e9marque par ses d\u00e9tails en jersey fin noir.<\/p>\n","protected":false},"featured_media":6729,"comment_status":"open","ping_status":"closed","template":"","meta":[],"etheme_brands":[{"term_id":296,"name":"vasak","slug":"vasak-fr","term_group":0,"term_taxonomy_id":296,"taxonomy":"brand","description":"","parent":0,"count":6,"filter":"raw"}],"product_brand":[],"product_cat":[303],"product_tag":[420],"class_list":{"0":"post-6261","1":"product","2":"type-product","3":"status-publish","4":"has-post-thumbnail","6":"brand-vasak-fr","7":"product_cat-veste-femme-fr","8":"product_tag-veste-de-printemps","9":"pa_beden-2xl-fr","10":"pa_beden-3xl-fr","11":"pa_beden-4xl-fr","12":"pa_beden-5xl-fr","13":"pa_beden-l-fr","14":"pa_beden-m-fr","15":"pa_beden-s-fr","16":"pa_beden-xl-fr","17":"pa_colors-noir-blanc-fr","19":"first","20":"instock","21":"sale","22":"shipping-taxable","23":"purchasable","24":"product-type-variable","25":"has-default-attributes"},"_links":{"self":[{"href":"https:\/\/vasakderi.com\/fr\/wp-json\/wp\/v2\/product\/6261","targetHints":{"allow":["GET"]}}],"collection":[{"href":"https:\/\/vasakderi.com\/fr\/wp-json\/wp\/v2\/product"}],"about":[{"href":"https:\/\/vasakderi.com\/fr\/wp-json\/wp\/v2\/types\/product"}],"replies":[{"embeddable":true,"href":"https:\/\/vasakderi.com\/fr\/wp-json\/wp\/v2\/comments?post=6261"}],"wp:featuredmedia":[{"embeddable":true,"href":"https:\/\/vasakderi.com\/fr\/wp-json\/wp\/v2\/media\/6729"}],"wp:attachment":[{"href":"https:\/\/vasakderi.com\/fr\/wp-json\/wp\/v2\/media?parent=6261"}],"wp:term":[{"taxonomy":"brand","embeddable":true,"href":"https:\/\/vasakderi.com\/fr\/wp-json\/wp\/v2\/etheme_brands?post=6261"},{"taxonomy":"product_brand","embeddable":true,"href":"https:\/\/vasakderi.com\/fr\/wp-json\/wp\/v2\/product_brand?post=6261"},{"taxonomy":"product_cat","embeddable":true,"href":"https:\/\/vasakderi.com\/fr\/wp-json\/wp\/v2\/product_cat?post=6261"},{"taxonomy":"product_tag","embeddable":true,"href":"https:\/\/vasakderi.com\/fr\/wp-json\/wp\/v2\/product_tag?post=6261"}],"curies":[{"name":"wp","href":"https:\/\/api.w.org\/{rel}","templated":true}]}}