{"id":6279,"date":"2023-08-26T13:23:40","date_gmt":"2023-08-26T10:23:40","guid":{"rendered":"https:\/\/vasakderi.com\/urun\/veste-en-cuir-veritable-blanc-pour-femmes-modeles-sud-coreens-avec-tissu-noir-de-printemps\/"},"modified":"2023-08-30T17:56:09","modified_gmt":"2023-08-30T14:56:09","slug":"motifs-sud-coreens-veritable-cuir-blanc-veste-femme-vetements-de-printemps-tissu-noir","status":"publish","type":"product","link":"https:\/\/vasakderi.com\/fr\/produit\/motifs-sud-coreens-veritable-cuir-blanc-veste-femme-vetements-de-printemps-tissu-noir\/","title":{"rendered":"Veste en cuir v\u00e9ritable blanc pour femmes, mod\u00e8les sud-cor\u00e9ens, avec tissu noir de printemps"},"content":{"rendered":"<p>Contenu et fonctionnalit\u00e9s du produit<\/p>\n<p>Veste en tissu fin noir \u00e0 motifs sud-cor\u00e9ens traditionnels, modernis\u00e9e avec d\u00e9coupe au laser ; Il a \u00e9t\u00e9 r\u00e9alis\u00e9 en cuir d&rsquo;agneau dont le cuir principal est 100% CUIR V\u00c9RITABLE. La veste, qui contraste parfaitement avec ses fins d\u00e9tails en tulle, offre un port\u00e9 l\u00e9ger et confortable gr\u00e2ce \u00e0 son \u00e9paisseur de cuir de 0,2 mm.<br \/>\ntype de cuir : Agneau<\/p>\n<p>Cuir principal : 100 % CUIR V\u00c9RITABLE<\/p>\n<p>type de cuir : Agneau<\/p>\n<p>\u00e9paisseur du cuir : 0,2 mm<\/p>\n<p>Tissu : tulle fin <\/p>\n<p>D\u00e9tail tissu : tissu jersey tulle fin noir<\/p>\n<p>Moule : Norme<\/p>\n<p>Marque : vasak<\/p>\n<p>Col: Col chanel<\/p>\n<p>Mod\u00e8le : Mod\u00e8les de Cor\u00e9e du Sud<\/p>\n<p>Cat\u00e9gorie : Veste femme<\/p>\n<p>Type de produit: Veste<\/p>\n<p>Saison : Automne<\/p>\n<p>Couleur : Cuir blanc-noir<\/p>\n<p>Genre : femmes\/filles<\/p>\n","protected":false},"excerpt":{"rendered":"<p>Cette veste unique pour femme combine les motifs traditionnels de la Cor\u00e9e du Sud avec un design moderne, vous permettant de refl\u00e9ter la qualit\u00e9. Cette veste qui se d\u00e9marque par son cuir v\u00e9ritable blanc cr\u00e9e un contraste parfait avec ses d\u00e9tails en tissu fin noir.<\/p>\n","protected":false},"featured_media":6826,"comment_status":"open","ping_status":"closed","template":"","meta":[],"etheme_brands":[{"term_id":296,"name":"vasak","slug":"vasak-fr","term_group":0,"term_taxonomy_id":296,"taxonomy":"brand","description":"","parent":0,"count":6,"filter":"raw"}],"product_brand":[],"product_cat":[303],"product_tag":[420],"class_list":{"0":"post-6279","1":"product","2":"type-product","3":"status-publish","4":"has-post-thumbnail","6":"brand-vasak-fr","7":"product_cat-veste-femme-fr","8":"product_tag-veste-de-printemps","9":"pa_beden-2xl-fr","10":"pa_beden-3xl-fr","11":"pa_beden-4xl-fr","12":"pa_beden-5xl-fr","13":"pa_beden-l-fr","14":"pa_beden-m-fr","15":"pa_beden-s-fr","16":"pa_beden-xl-fr","17":"pa_colors-noir-blanc-fr","19":"first","20":"instock","21":"sale","22":"shipping-taxable","23":"purchasable","24":"product-type-variable","25":"has-default-attributes"},"_links":{"self":[{"href":"https:\/\/vasakderi.com\/fr\/wp-json\/wp\/v2\/product\/6279","targetHints":{"allow":["GET"]}}],"collection":[{"href":"https:\/\/vasakderi.com\/fr\/wp-json\/wp\/v2\/product"}],"about":[{"href":"https:\/\/vasakderi.com\/fr\/wp-json\/wp\/v2\/types\/product"}],"replies":[{"embeddable":true,"href":"https:\/\/vasakderi.com\/fr\/wp-json\/wp\/v2\/comments?post=6279"}],"wp:featuredmedia":[{"embeddable":true,"href":"https:\/\/vasakderi.com\/fr\/wp-json\/wp\/v2\/media\/6826"}],"wp:attachment":[{"href":"https:\/\/vasakderi.com\/fr\/wp-json\/wp\/v2\/media?parent=6279"}],"wp:term":[{"taxonomy":"brand","embeddable":true,"href":"https:\/\/vasakderi.com\/fr\/wp-json\/wp\/v2\/etheme_brands?post=6279"},{"taxonomy":"product_brand","embeddable":true,"href":"https:\/\/vasakderi.com\/fr\/wp-json\/wp\/v2\/product_brand?post=6279"},{"taxonomy":"product_cat","embeddable":true,"href":"https:\/\/vasakderi.com\/fr\/wp-json\/wp\/v2\/product_cat?post=6279"},{"taxonomy":"product_tag","embeddable":true,"href":"https:\/\/vasakderi.com\/fr\/wp-json\/wp\/v2\/product_tag?post=6279"}],"curies":[{"name":"wp","href":"https:\/\/api.w.org\/{rel}","templated":true}]}}