{"id":6297,"date":"2023-08-25T15:02:55","date_gmt":"2023-08-25T12:02:55","guid":{"rendered":"https:\/\/vasakderi.com\/urun\/patron-femme-veste-cuir-mince-printemps\/"},"modified":"2023-08-30T18:08:10","modified_gmt":"2023-08-30T15:08:10","slug":"manteau-de-printemps-veste-en-cuir-mince-motif-femme","status":"publish","type":"product","link":"https:\/\/vasakderi.com\/fr\/produit\/manteau-de-printemps-veste-en-cuir-mince-motif-femme\/","title":{"rendered":"Patron Femme Veste Cuir Mince Printemps"},"content":{"rendered":"<p>Description du produit<\/p>\n<p>Veste femme en cuir v\u00e9ritable d\u00e9coup\u00e9e au laser avec motif Femme <\/p>\n<p>Contenu et fonctionnalit\u00e9s du produit<\/p>\n<p>Cuir principal : 100 % CUIR V\u00c9RITABLE<\/p>\n<p>type de cuir : cuir d&rsquo;agneau<\/p>\n<p>\u00e9paisseur du cuir : 0,2 mm<\/p>\n<p>D\u00e9tail tissu : tissu jersey tulle fin noir<\/p>\n<p>Tissu : tulle fin <\/p>\n<p>Caract\u00e9ristiques du produit: veste en m\u00e9lange de cuir et tissu printanier<\/p>\n<p>Moule : Norme<\/p>\n<p>Marque : vasak<\/p>\n<p>Col: Col chanel<\/p>\n<p>Mod\u00e8le: Femme<\/p>\n<p>Genre : femmes\/filles<\/p>\n<p>Type de produit: Veste<\/p>\n","protected":false},"excerpt":{"rendered":"<p>Description du produit Veste femme en cuir v\u00e9ritable d\u00e9coup\u00e9e au laser avec motif Femme Contenu et fonctionnalit\u00e9s du produit Cuir principal : 100 % CUIR&#8230;<\/p>\n","protected":false},"featured_media":8776,"comment_status":"open","ping_status":"closed","template":"","meta":[],"etheme_brands":[{"term_id":296,"name":"vasak","slug":"vasak-fr","term_group":0,"term_taxonomy_id":296,"taxonomy":"brand","description":"","parent":0,"count":6,"filter":"raw"}],"product_brand":[],"product_cat":[304],"product_tag":[420],"class_list":{"0":"post-6297","1":"product","2":"type-product","3":"status-publish","4":"has-post-thumbnail","6":"brand-vasak-fr","7":"product_cat-veste-femme","8":"product_tag-veste-de-printemps","9":"pa_beden-2xl-fr","10":"pa_beden-3xl-fr","11":"pa_beden-4xl-fr","12":"pa_beden-5xl-fr","13":"pa_beden-l-fr","14":"pa_beden-m-fr","15":"pa_beden-s-fr","16":"pa_beden-xl-fr","17":"pa_colors-vizon-fr","19":"first","20":"instock","21":"shipping-taxable","22":"purchasable","23":"product-type-variable","24":"has-default-attributes"},"_links":{"self":[{"href":"https:\/\/vasakderi.com\/fr\/wp-json\/wp\/v2\/product\/6297","targetHints":{"allow":["GET"]}}],"collection":[{"href":"https:\/\/vasakderi.com\/fr\/wp-json\/wp\/v2\/product"}],"about":[{"href":"https:\/\/vasakderi.com\/fr\/wp-json\/wp\/v2\/types\/product"}],"replies":[{"embeddable":true,"href":"https:\/\/vasakderi.com\/fr\/wp-json\/wp\/v2\/comments?post=6297"}],"wp:featuredmedia":[{"embeddable":true,"href":"https:\/\/vasakderi.com\/fr\/wp-json\/wp\/v2\/media\/8776"}],"wp:attachment":[{"href":"https:\/\/vasakderi.com\/fr\/wp-json\/wp\/v2\/media?parent=6297"}],"wp:term":[{"taxonomy":"brand","embeddable":true,"href":"https:\/\/vasakderi.com\/fr\/wp-json\/wp\/v2\/etheme_brands?post=6297"},{"taxonomy":"product_brand","embeddable":true,"href":"https:\/\/vasakderi.com\/fr\/wp-json\/wp\/v2\/product_brand?post=6297"},{"taxonomy":"product_cat","embeddable":true,"href":"https:\/\/vasakderi.com\/fr\/wp-json\/wp\/v2\/product_cat?post=6297"},{"taxonomy":"product_tag","embeddable":true,"href":"https:\/\/vasakderi.com\/fr\/wp-json\/wp\/v2\/product_tag?post=6297"}],"curies":[{"name":"wp","href":"https:\/\/api.w.org\/{rel}","templated":true}]}}