{"id":4222,"date":"2023-06-05T18:22:28","date_gmt":"2023-06-05T15:22:28","guid":{"rendered":"https:\/\/vasakderi.com\/ana-sayfa\/"},"modified":"2024-11-16T10:39:52","modified_gmt":"2024-11-16T07:39:52","slug":"ana-sayfa","status":"publish","type":"page","link":"https:\/\/vasakderi.com\/it\/","title":{"rendered":"Ana sayfa"},"content":{"rendered":"\t\t<div data-elementor-type=\"wp-page\" data-elementor-id=\"4222\" class=\"elementor elementor-4222 elementor-1346\">\n\t\t\t\t\t\t<section class=\"elementor-section elementor-top-section elementor-element elementor-element-1ff6a5d3 elementor-section-full_width elementor-section-height-default elementor-section-height-default\" data-id=\"1ff6a5d3\" data-element_type=\"section\" data-e-type=\"section\" data-settings=\"{&quot;background_background&quot;:&quot;classic&quot;}\">\n\t\t\t\t\t\t<div class=\"elementor-container elementor-column-gap-default\">\n\t\t\t\t\t<div class=\"elementor-column elementor-col-100 elementor-top-column elementor-element elementor-element-29229bf4\" data-id=\"29229bf4\" data-element_type=\"column\" data-e-type=\"column\">\n\t\t\t<div class=\"elementor-widget-wrap elementor-element-populated\">\n\t\t\t\t\t\t<div class=\"elementor-element elementor-element-1e6e04ab elementor-widget elementor-widget-html\" data-id=\"1e6e04ab\" data-element_type=\"widget\" data-e-type=\"widget\" data-widget_type=\"html.default\">\n\t\t\t\t<div class=\"elementor-widget-container\">\n\t\t\t\t\t<style>\r\n.marquee_container___Cl77 {\r\n  width: 100%;\r\n  overflow: hidden;\r\n}\r\n\r\n.marquee_wrapper__drbcf {\r\n  display: flex;\r\n  justify-content: center;\r\n  animation: marquee 10s linear infinite;\r\n}\r\n\r\n.marquee_textContainer__bjxOK {\r\n  display: inline-block;\r\n  white-space: nowrap;\r\n}\r\n\r\n.marquee_textContainer__bjxOK span {\r\n  color: white;\r\n  font-size: 20px;\r\n}\r\n\r\n@keyframes marquee {\r\n  0% { transform: translateX(50%); }\r\n  100% { transform: translateX(-50%); }\r\n}\r\n<\/style>\r\n\r\n<div class=\"marquee_container___Cl77\">\r\n  <div class=\"marquee_wrapper__drbcf\">\r\n    <div class=\"marquee_textContainer__bjxOK\">\r\n      <span>Yak\u0131nda Buraday\u0131z butun \u00fcr\u00fcnler y\u00fcklenecek<\/span><span>&nbsp;&nbsp;&nbsp;&nbsp;&nbsp;&nbsp;<span>Yak\u0131nda Buraday\u0131z butun \u00fcr\u00fcnler y\u00fcklenecek<\/span><span>&nbsp;&nbsp;&nbsp;&nbsp;&nbsp;&nbsp;Yak\u0131nda Buraday\u0131z butun \u00fcr\u00fcnler y\u00fcklenecek<\/span><span>&nbsp;&nbsp;&nbsp;&nbsp;&nbsp;&nbsp;<span>Yak\u0131nda Buraday\u0131z butun \u00fcr\u00fcnler y\u00fcklenecek<\/span><span>&nbsp;&nbsp;&nbsp;&nbsp;&nbsp;&nbsp;Yak\u0131nda Buraday\u0131z butun \u00fcr\u00fcnler y\u00fcklenecek<\/span><span>&nbsp;&nbsp;&nbsp;&nbsp;&nbsp;&nbsp;<span>Yak\u0131nda Buraday\u0131z butun \u00fcr\u00fcnler y\u00fcklenecek<\/span><span>&nbsp;&nbsp;&nbsp;&nbsp;&nbsp;&nbsp;Yak\u0131nda Buraday\u0131z butun \u00fcr\u00fcnler y\u00fcklenecek<\/span><span>&nbsp;&nbsp;&nbsp;&nbsp;&nbsp;&nbsp;<span>Yak\u0131nda Buraday\u0131z butun \u00fcr\u00fcnler y\u00fcklenecek<\/span><span>&nbsp;&nbsp;&nbsp;&nbsp;&nbsp;&nbsp;Yak\u0131nda Buraday\u0131z butun \u00fcr\u00fcnler y\u00fcklenecek<\/span><span>&nbsp;&nbsp;&nbsp;&nbsp;&nbsp;&nbsp;<span>Yak\u0131nda Buraday\u0131z butun \u00fcr\u00fcnler y\u00fcklenecek<\/span><span>&nbsp;&nbsp;&nbsp;&nbsp;&nbsp;&nbsp;Yak\u0131nda Buraday\u0131z butun \u00fcr\u00fcnler y\u00fcklenecek<\/span><span>&nbsp;&nbsp;&nbsp;&nbsp;&nbsp;&nbsp;<span>Yak\u0131nda Buraday\u0131z butun \u00fcr\u00fcnler y\u00fcklenecek<\/span><span>&nbsp;&nbsp;&nbsp;&nbsp;&nbsp;&nbsp;Yak\u0131nda Buraday\u0131z butun \u00fcr\u00fcnler y\u00fcklenecek<\/span><span>&nbsp;&nbsp;&nbsp;&nbsp;&nbsp;&nbsp;<span>Yak\u0131nda Buraday\u0131z butun \u00fcr\u00fcnler y\u00fcklenecek<\/span><span>&nbsp;&nbsp;&nbsp;&nbsp;&nbsp;&nbsp;Yak\u0131nda Buraday\u0131z butun \u00fcr\u00fcnler y\u00fcklenecek<\/span><span>&nbsp;&nbsp;&nbsp;&nbsp;&nbsp;&nbsp;<span>Yak\u0131nda Buraday\u0131z butun \u00fcr\u00fcnler y\u00fcklenecek<\/span><span>&nbsp;&nbsp;&nbsp;&nbsp;&nbsp;&nbsp;Yak\u0131nda Buraday\u0131z butun \u00fcr\u00fcnler y\u00fcklenecek<\/span><span>&nbsp;&nbsp;&nbsp;&nbsp;&nbsp;&nbsp;<span>Yak\u0131nda Buraday\u0131z butun \u00fcr\u00fcnler y\u00fcklenecek<\/span><span>&nbsp;&nbsp;&nbsp;&nbsp;&nbsp;&nbsp;Yak\u0131nda Buraday\u0131z butun \u00fcr\u00fcnler y\u00fcklenecek<\/span><span>&nbsp;&nbsp;&nbsp;&nbsp;&nbsp;&nbsp;<span>Yak\u0131nda Buraday\u0131z butun \u00fcr\u00fcnler y\u00fcklenecek<\/span><span>&nbsp;&nbsp;&nbsp;&nbsp;&nbsp;&nbsp;Yak\u0131nda Buraday\u0131z butun \u00fcr\u00fcnler y\u00fcklenecek<\/span><span>&nbsp;&nbsp;&nbsp;&nbsp;&nbsp;&nbsp;<span>Yak\u0131nda Buraday\u0131z butun \u00fcr\u00fcnler y\u00fcklenecek<\/span><span>&nbsp;&nbsp;&nbsp;&nbsp;&nbsp;&nbsp;Yak\u0131nda Buraday\u0131z butun \u00fcr\u00fcnler y\u00fcklenecek<\/span><span>&nbsp;&nbsp;&nbsp;&nbsp;&nbsp;&nbsp;<span>Yak\u0131nda Buraday\u0131z butun \u00fcr\u00fcnler y\u00fcklenecek<\/span><span>&nbsp;&nbsp;&nbsp;&nbsp;&nbsp;&nbsp;Yak\u0131nda Buraday\u0131z butun \u00fcr\u00fcnler y\u00fcklenecek<\/span><span>&nbsp;&nbsp;&nbsp;&nbsp;&nbsp;&nbsp;<span>Yak\u0131nda Buraday\u0131z butun \u00fcr\u00fcnler y\u00fcklenecek<\/span><span>&nbsp;&nbsp;&nbsp;&nbsp;&nbsp;&nbsp;Yak\u0131nda Buraday\u0131z butun \u00fcr\u00fcnler y\u00fcklenecek<\/span><span>&nbsp;&nbsp;&nbsp;&nbsp;&nbsp;&nbsp;<span>Yak\u0131nda Buraday\u0131z butun \u00fcr\u00fcnler y\u00fcklenecek<\/span><span>&nbsp;&nbsp;&nbsp;&nbsp;&nbsp;&nbsp;Yak\u0131nda Buraday\u0131z butun \u00fcr\u00fcnler y\u00fcklenecek<\/span><span>&nbsp;&nbsp;&nbsp;&nbsp;&nbsp;&nbsp;<span>Yak\u0131nda Buraday\u0131z butun \u00fcr\u00fcnler y\u00fcklenecek<\/span><span>&nbsp;&nbsp;&nbsp;&nbsp;&nbsp;&nbsp;Yak\u0131nda Buraday\u0131z butun \u00fcr\u00fcnler y\u00fcklenecek<\/span><span>&nbsp;&nbsp;&nbsp;&nbsp;&nbsp;&nbsp;<span>Yak\u0131nda Buraday\u0131z butun \u00fcr\u00fcnler y\u00fcklenecek<\/span><span>&nbsp;&nbsp;&nbsp;&nbsp;&nbsp;&nbsp;Yak\u0131nda Buraday\u0131z butun \u00fcr\u00fcnler y\u00fcklenecek<\/span><span>&nbsp;&nbsp;&nbsp;&nbsp;&nbsp;&nbsp;<span>Yak\u0131nda Buraday\u0131z butun \u00fcr\u00fcnler y\u00fcklenecek<\/span><span>&nbsp;&nbsp;&nbsp;&nbsp;&nbsp;&nbsp;Yak\u0131nda Buraday\u0131z butun \u00fcr\u00fcnler y\u00fcklenecek<\/span><span>&nbsp;&nbsp;&nbsp;&nbsp;&nbsp;&nbsp;<span>Yak\u0131nda Buraday\u0131z butun \u00fcr\u00fcnler y\u00fcklenecek<\/span><span>&nbsp;&nbsp;&nbsp;&nbsp;&nbsp;&nbsp;Yak\u0131nda Buraday\u0131z butun \u00fcr\u00fcnler y\u00fcklenecek<\/span><span>&nbsp;&nbsp;&nbsp;&nbsp;&nbsp;&nbsp;<span>Yak\u0131nda Buraday\u0131z butun \u00fcr\u00fcnler y\u00fcklenecek<\/span><span>&nbsp;&nbsp;&nbsp;&nbsp;&nbsp;&nbsp;Yak\u0131nda Buraday\u0131z butun \u00fcr\u00fcnler y\u00fcklenecek<\/span><span>&nbsp;&nbsp;&nbsp;&nbsp;&nbsp;&nbsp;<span>Yak\u0131nda Buraday\u0131z butun \u00fcr\u00fcnler y\u00fcklenecek<\/span><span>&nbsp;&nbsp;&nbsp;&nbsp;&nbsp;&nbsp;Yak\u0131nda Buraday\u0131z butun \u00fcr\u00fcnler y\u00fcklenecek<\/span><span>&nbsp;&nbsp;&nbsp;&nbsp;&nbsp;&nbsp;<span>Yak\u0131nda Buraday\u0131z butun \u00fcr\u00fcnler y\u00fcklenecek<\/span><span>&nbsp;&nbsp;&nbsp;&nbsp;&nbsp;&nbsp;Yak\u0131nda Buraday\u0131z butun \u00fcr\u00fcnler y\u00fcklenecek<\/span><span>&nbsp;&nbsp;&nbsp;&nbsp;&nbsp;&nbsp;<span>Yak\u0131nda Buraday\u0131z butun \u00fcr\u00fcnler y\u00fcklenecek<\/span><span>&nbsp;&nbsp;&nbsp;&nbsp;&nbsp;&nbsp;Yak\u0131nda Buraday\u0131z butun \u00fcr\u00fcnler y\u00fcklenecek<\/span><span>&nbsp;&nbsp;&nbsp;&nbsp;&nbsp;&nbsp;<span>Yak\u0131nda Buraday\u0131z butun \u00fcr\u00fcnler y\u00fcklenecek<\/span><span>&nbsp;&nbsp;&nbsp;&nbsp;&nbsp;&nbsp;Yak\u0131nda Buraday\u0131z butun \u00fcr\u00fcnler y\u00fcklenecek<\/span><span>&nbsp;&nbsp;&nbsp;&nbsp;&nbsp;&nbsp;<span>Yak\u0131nda Buraday\u0131z butun \u00fcr\u00fcnler y\u00fcklenecek<\/span><span>&nbsp;&nbsp;&nbsp;&nbsp;&nbsp;&nbsp;Yak\u0131nda Buraday\u0131z butun \u00fcr\u00fcnler y\u00fcklenecek<\/span><span>&nbsp;&nbsp;&nbsp;&nbsp;&nbsp;&nbsp;<span>Yak\u0131nda Buraday\u0131z butun \u00fcr\u00fcnler y\u00fcklenecek<\/span><span>&nbsp;&nbsp;&nbsp;&nbsp;&nbsp;&nbsp;Yak\u0131nda Buraday\u0131z butun \u00fcr\u00fcnler y\u00fcklenecek<\/span><span>&nbsp;&nbsp;&nbsp;&nbsp;&nbsp;&nbsp;<span>Yak\u0131nda Buraday\u0131z butun \u00fcr\u00fcnler y\u00fcklenecek<\/span><span>&nbsp;&nbsp;&nbsp;&nbsp;&nbsp;&nbsp;Yak\u0131nda Buraday\u0131z butun \u00fcr\u00fcnler y\u00fcklenecek<\/span><span>&nbsp;&nbsp;&nbsp;&nbsp;&nbsp;&nbsp;<span>Yak\u0131nda Buraday\u0131z butun \u00fcr\u00fcnler y\u00fcklenecek<\/span><span>&nbsp;&nbsp;&nbsp;&nbsp;&nbsp;&nbsp;Yak\u0131nda Buraday\u0131z butun \u00fcr\u00fcnler y\u00fcklenecek<\/span><span>&nbsp;&nbsp;&nbsp;&nbsp;&nbsp;&nbsp;<span>Yak\u0131nda Buraday\u0131z butun \u00fcr\u00fcnler y\u00fcklenecek<\/span><span>&nbsp;&nbsp;&nbsp;&nbsp;&nbsp;&nbsp;Yak\u0131nda Buraday\u0131z butun \u00fcr\u00fcnler y\u00fcklenecek<\/span><span>&nbsp;&nbsp;&nbsp;&nbsp;&nbsp;&nbsp;<span>Yak\u0131nda Buraday\u0131z butun \u00fcr\u00fcnler y\u00fcklenecek<\/span><span>&nbsp;&nbsp;&nbsp;&nbsp;&nbsp;&nbsp;Yak\u0131nda Buraday\u0131z butun \u00fcr\u00fcnler y\u00fcklenecek<\/span><span>&nbsp;&nbsp;&nbsp;&nbsp;&nbsp;&nbsp;<span>Yak\u0131nda Buraday\u0131z butun \u00fcr\u00fcnler y\u00fcklenecek<\/span><span>&nbsp;&nbsp;&nbsp;&nbsp;&nbsp;&nbsp;Yak\u0131nda Buraday\u0131z butun \u00fcr\u00fcnler y\u00fcklenecek<\/span><span>&nbsp;&nbsp;&nbsp;&nbsp;&nbsp;&nbsp;<span>Yak\u0131nda Buraday\u0131z butun \u00fcr\u00fcnler y\u00fcklenecek<\/span><span>&nbsp;&nbsp;&nbsp;&nbsp;&nbsp;&nbsp;Yak\u0131nda Buraday\u0131z butun \u00fcr\u00fcnler y\u00fcklenecek<\/span><span>&nbsp;&nbsp;&nbsp;&nbsp;&nbsp;&nbsp;<span>Yak\u0131nda Buraday\u0131z butun \u00fcr\u00fcnler y\u00fcklenecek<\/span><span>&nbsp;&nbsp;&nbsp;&nbsp;&nbsp;&nbsp;\r\n      <\/span>&nbsp;<span>\r\n      <!-- Di\u011fer span etiketlerini buraya ekleyebilirsiniz -->\r\n    <\/div>\r\n  <\/div>\r\n  <\/div>\t\t\t\t<\/div>\n\t\t\t\t<\/div>\n\t\t\t\t\t<\/div>\n\t\t<\/div>\n\t\t\t\t\t<\/div>\n\t\t<\/section>\n\t\t\t\t<section class=\"elementor-section elementor-top-section elementor-element elementor-element-74905068 elementor-section-boxed elementor-section-height-default elementor-section-height-default\" data-id=\"74905068\" data-element_type=\"section\" data-e-type=\"section\">\n\t\t\t\t\t\t<div class=\"elementor-container elementor-column-gap-default\">\n\t\t\t\t\t<div class=\"elementor-column elementor-col-100 elementor-top-column elementor-element elementor-element-62a5f5cb\" data-id=\"62a5f5cb\" data-element_type=\"column\" data-e-type=\"column\">\n\t\t\t<div class=\"elementor-widget-wrap elementor-element-populated\">\n\t\t\t\t\t\t<div class=\"elementor-element elementor-element-529cc45c elementor-widget elementor-widget-spacer\" data-id=\"529cc45c\" data-element_type=\"widget\" data-e-type=\"widget\" data-widget_type=\"spacer.default\">\n\t\t\t\t<div class=\"elementor-widget-container\">\n\t\t\t\t\t\t\t<div class=\"elementor-spacer\">\n\t\t\t<div class=\"elementor-spacer-inner\"><\/div>\n\t\t<\/div>\n\t\t\t\t\t\t<\/div>\n\t\t\t\t<\/div>\n\t\t\t\t\t<\/div>\n\t\t<\/div>\n\t\t\t\t\t<\/div>\n\t\t<\/section>\n\t\t\t\t<section class=\"elementor-section elementor-top-section elementor-element elementor-element-427c4a92 elementor-section-full_width elementor-section-height-default elementor-section-height-default\" data-id=\"427c4a92\" data-element_type=\"section\" data-e-type=\"section\">\n\t\t\t\t\t\t<div class=\"elementor-container elementor-column-gap-default\">\n\t\t\t\t\t<div class=\"elementor-column elementor-col-100 elementor-top-column elementor-element elementor-element-6c1181eb\" data-id=\"6c1181eb\" data-element_type=\"column\" data-e-type=\"column\">\n\t\t\t<div class=\"elementor-widget-wrap elementor-element-populated\">\n\t\t\t\t\t\t<div class=\"elementor-element elementor-element-240d54fc elementor-widget elementor-widget-etheme_animated_headline\" data-id=\"240d54fc\" data-element_type=\"widget\" data-e-type=\"widget\" data-settings=\"{&quot;text_style&quot;:&quot;animate&quot;,&quot;animation_type&quot;:&quot;clip&quot;,&quot;animated_text&quot;:&quot;Benvenuti, arriviamo presto.&quot;}\" data-widget_type=\"etheme_animated_headline.default\">\n\t\t\t\t<div class=\"elementor-widget-container\">\n\t\t\t\t\t        \n        <div class=\"etheme-headline-wrapper\">\n            <h2 class=\"etheme-headline etheme-headline-animation-type-clip\" data-style=\"animate\">\n\t\t                        <span class=\"etheme-headline-text-wrapper\">\n                \n\t\t            \n                    <span class=\"etheme-headline-text etheme-headline-text-active\">Benvenuti,&nbsp;arriviamo&nbsp;presto.<\/span>                \n                <\/span>\n                            <\/h2>\n        <\/div>\n        \n\t\t\t\t\t\t<\/div>\n\t\t\t\t<\/div>\n\t\t\t\t\t<\/div>\n\t\t<\/div>\n\t\t\t\t\t<\/div>\n\t\t<\/section>\n\t\t\t\t<section class=\"elementor-section elementor-top-section elementor-element elementor-element-76da0660 elementor-section-full_width elementor-section-height-default elementor-section-height-default\" data-id=\"76da0660\" data-element_type=\"section\" data-e-type=\"section\">\n\t\t\t\t\t\t<div class=\"elementor-container elementor-column-gap-default\">\n\t\t\t\t\t<div class=\"elementor-column elementor-col-100 elementor-top-column elementor-element elementor-element-34b1e348\" data-id=\"34b1e348\" data-element_type=\"column\" data-e-type=\"column\">\n\t\t\t<div class=\"elementor-widget-wrap elementor-element-populated\">\n\t\t\t\t\t\t<div class=\"elementor-element elementor-element-2d8cfc1a elementor-widget elementor-widget-spacer\" data-id=\"2d8cfc1a\" data-element_type=\"widget\" data-e-type=\"widget\" data-widget_type=\"spacer.default\">\n\t\t\t\t<div class=\"elementor-widget-container\">\n\t\t\t\t\t\t\t<div class=\"elementor-spacer\">\n\t\t\t<div class=\"elementor-spacer-inner\"><\/div>\n\t\t<\/div>\n\t\t\t\t\t\t<\/div>\n\t\t\t\t<\/div>\n\t\t\t\t<div class=\"elementor-element elementor-element-7b80a882 elementor-widget elementor-widget-image\" data-id=\"7b80a882\" data-element_type=\"widget\" data-e-type=\"widget\" data-widget_type=\"image.default\">\n\t\t\t\t<div class=\"elementor-widget-container\">\n\t\t\t\t\t\t\t\t\t\t\t\t\t\t\t\t<a href=\"https:\/\/vasakderi.com\/it\/Prodotto\/giacca-donna-in-vera-pelle-con-cappotto-primaverile-fantasia-louis-vuitton\/\">\n\t\t\t\t\t\t\t<img loading=\"lazy\" loading=\"lazy\" decoding=\"async\" width=\"23516\" height=\"6720\" src=\"https:\/\/vasakderi.com\/wp-content\/uploads\/2024\/10\/1-min-8.jpg\" class=\"attachment-full size-full wp-image-8143\" alt=\"\" srcset=\"https:\/\/vasakderi.com\/wp-content\/uploads\/2024\/10\/1-min-8.jpg 23516w, https:\/\/vasakderi.com\/wp-content\/uploads\/2024\/10\/1-min-8-380x109.jpg 380w, https:\/\/vasakderi.com\/wp-content\/uploads\/2024\/10\/1-min-8-610x174.jpg 610w, https:\/\/vasakderi.com\/wp-content\/uploads\/2024\/10\/1-min-8-150x43.jpg 150w, https:\/\/vasakderi.com\/wp-content\/uploads\/2024\/10\/1-min-8-658x188.jpg 658w, https:\/\/vasakderi.com\/wp-content\/uploads\/2024\/10\/1-min-8-1536x439.jpg 1536w, https:\/\/vasakderi.com\/wp-content\/uploads\/2024\/10\/1-min-8-2048x585.jpg 2048w, https:\/\/vasakderi.com\/wp-content\/uploads\/2024\/10\/1-min-8-685x196.jpg 685w, https:\/\/vasakderi.com\/wp-content\/uploads\/2024\/10\/1-min-8-2x1.jpg 2w, https:\/\/vasakderi.com\/wp-content\/uploads\/2024\/10\/1-min-8-10x3.jpg 10w\" sizes=\"auto, (max-width: 23516px) 100vw, 23516px\" \/>\t\t\t\t\t\t\t\t<\/a>\n\t\t\t\t\t\t\t\t\t\t\t\t\t\t\t<\/div>\n\t\t\t\t<\/div>\n\t\t\t\t\t<\/div>\n\t\t<\/div>\n\t\t\t\t\t<\/div>\n\t\t<\/section>\n\t\t\t\t<section class=\"elementor-section elementor-top-section elementor-element elementor-element-32b237f9 elementor-section-full_width elementor-section-height-default elementor-section-height-default\" data-id=\"32b237f9\" data-element_type=\"section\" data-e-type=\"section\">\n\t\t\t\t\t\t<div class=\"elementor-container elementor-column-gap-default\">\n\t\t\t\t\t<div class=\"elementor-column elementor-col-100 elementor-top-column elementor-element elementor-element-530d60c1\" data-id=\"530d60c1\" data-element_type=\"column\" data-e-type=\"column\">\n\t\t\t<div class=\"elementor-widget-wrap elementor-element-populated\">\n\t\t\t\t\t\t<div class=\"elementor-element elementor-element-34d0d877 elementor-widget elementor-widget-image\" data-id=\"34d0d877\" data-element_type=\"widget\" data-e-type=\"widget\" data-widget_type=\"image.default\">\n\t\t\t\t<div class=\"elementor-widget-container\">\n\t\t\t\t\t\t\t\t\t\t\t\t\t\t\t\t<a href=\"https:\/\/vasakderi.com\/it\/Prodotto\/giacca-primaverile-da-donna-in-vera-pelle-con-motivo-zebrato\/\">\n\t\t\t\t\t\t\t<img loading=\"lazy\" loading=\"lazy\" decoding=\"async\" width=\"12821\" height=\"4096\" src=\"https:\/\/vasakderi.com\/wp-content\/uploads\/2024\/10\/Zarif-ve-Baharlik-Hakiki-Deri-Kadin-Ceketi-Zebra-Desenli-Beyaz-Deri-arka-plan-1.webp\" class=\"attachment-full size-full wp-image-8160\" alt=\"\" srcset=\"https:\/\/vasakderi.com\/wp-content\/uploads\/2024\/10\/Zarif-ve-Baharlik-Hakiki-Deri-Kadin-Ceketi-Zebra-Desenli-Beyaz-Deri-arka-plan-1.webp 12821w, https:\/\/vasakderi.com\/wp-content\/uploads\/2024\/10\/Zarif-ve-Baharlik-Hakiki-Deri-Kadin-Ceketi-Zebra-Desenli-Beyaz-Deri-arka-plan-1-380x121.webp 380w, https:\/\/vasakderi.com\/wp-content\/uploads\/2024\/10\/Zarif-ve-Baharlik-Hakiki-Deri-Kadin-Ceketi-Zebra-Desenli-Beyaz-Deri-arka-plan-1-610x195.webp 610w, https:\/\/vasakderi.com\/wp-content\/uploads\/2024\/10\/Zarif-ve-Baharlik-Hakiki-Deri-Kadin-Ceketi-Zebra-Desenli-Beyaz-Deri-arka-plan-1-150x48.webp 150w, https:\/\/vasakderi.com\/wp-content\/uploads\/2024\/10\/Zarif-ve-Baharlik-Hakiki-Deri-Kadin-Ceketi-Zebra-Desenli-Beyaz-Deri-arka-plan-1-658x210.webp 658w, https:\/\/vasakderi.com\/wp-content\/uploads\/2024\/10\/Zarif-ve-Baharlik-Hakiki-Deri-Kadin-Ceketi-Zebra-Desenli-Beyaz-Deri-arka-plan-1-1536x491.webp 1536w, https:\/\/vasakderi.com\/wp-content\/uploads\/2024\/10\/Zarif-ve-Baharlik-Hakiki-Deri-Kadin-Ceketi-Zebra-Desenli-Beyaz-Deri-arka-plan-1-2048x654.webp 2048w, https:\/\/vasakderi.com\/wp-content\/uploads\/2024\/10\/Zarif-ve-Baharlik-Hakiki-Deri-Kadin-Ceketi-Zebra-Desenli-Beyaz-Deri-arka-plan-1-685x219.webp 685w, https:\/\/vasakderi.com\/wp-content\/uploads\/2024\/10\/Zarif-ve-Baharlik-Hakiki-Deri-Kadin-Ceketi-Zebra-Desenli-Beyaz-Deri-arka-plan-1-2x1.webp 2w, https:\/\/vasakderi.com\/wp-content\/uploads\/2024\/10\/Zarif-ve-Baharlik-Hakiki-Deri-Kadin-Ceketi-Zebra-Desenli-Beyaz-Deri-arka-plan-1-10x3.webp 10w\" sizes=\"auto, (max-width: 12821px) 100vw, 12821px\" \/>\t\t\t\t\t\t\t\t<\/a>\n\t\t\t\t\t\t\t\t\t\t\t\t\t\t\t<\/div>\n\t\t\t\t<\/div>\n\t\t\t\t\t<\/div>\n\t\t<\/div>\n\t\t\t\t\t<\/div>\n\t\t<\/section>\n\t\t\t\t<section class=\"elementor-section elementor-top-section elementor-element elementor-element-758f9b27 elementor-section-content-middle elementor-section-boxed elementor-section-height-default elementor-section-height-default\" data-id=\"758f9b27\" data-element_type=\"section\" data-e-type=\"section\" data-settings=\"{&quot;background_background&quot;:&quot;classic&quot;}\">\n\t\t\t\t\t\t<div class=\"elementor-container elementor-column-gap-no\">\n\t\t\t\t\t<div class=\"elementor-column elementor-col-50 elementor-top-column elementor-element elementor-element-20f5d12a\" data-id=\"20f5d12a\" data-element_type=\"column\" data-e-type=\"column\">\n\t\t\t<div class=\"elementor-widget-wrap elementor-element-populated\">\n\t\t\t\t\t\t<div class=\"elementor-element elementor-element-4b11b8a5 elementor-widget elementor-widget-heading\" data-id=\"4b11b8a5\" data-element_type=\"widget\" data-e-type=\"widget\" data-widget_type=\"heading.default\">\n\t\t\t\t<div class=\"elementor-widget-container\">\n\t\t\t\t\t<h4 class=\"elementor-heading-title elementor-size-default\"><a href=\"https:\/\/vasakderi.com\/magaza\/\"><b>vasak leather .Azienda produttrice di giacche<\/b><\/a><\/h4>\t\t\t\t<\/div>\n\t\t\t\t<\/div>\n\t\t\t\t\t<\/div>\n\t\t<\/div>\n\t\t\t\t<div class=\"elementor-column elementor-col-50 elementor-top-column elementor-element elementor-element-2a7598e8\" data-id=\"2a7598e8\" data-element_type=\"column\" data-e-type=\"column\">\n\t\t\t<div class=\"elementor-widget-wrap elementor-element-populated\">\n\t\t\t\t\t\t<div class=\"elementor-element elementor-element-50c3da83 elementor-widget elementor-widget-text-editor\" data-id=\"50c3da83\" data-element_type=\"widget\" data-e-type=\"widget\" data-widget_type=\"text-editor.default\">\n\t\t\t\t<div class=\"elementor-widget-container\">\n\t\t\t\t\t\t\t\t\t<p>vasak leather \u00e8 una delle aziende pi\u00f9 consolidate nel settore specializzate nella produzione di giacche in pelle da donna. Con i suoi design originali e moderni che uniscono qualit\u00e0 e eleganza, offre una vasta collezione di giacche in pelle dedicate alle donne. Vasak leather, che punta all&#8217;eccellenza in ogni fase della produzione, \u00e8 uno dei marchi leader nel settore<\/p>\t\t\t\t\t\t\t\t<\/div>\n\t\t\t\t<\/div>\n\t\t\t\t\t<\/div>\n\t\t<\/div>\n\t\t\t\t\t<\/div>\n\t\t<\/section>\n\t\t\t\t<\/div>\n\t\t","protected":false},"excerpt":{"rendered":"<p>Yak\u0131nda Buraday\u0131z butun \u00fcr\u00fcnler y\u00fcklenecek&nbsp;&nbsp;&nbsp;&nbsp;&nbsp;&nbsp;Yak\u0131nda Buraday\u0131z butun \u00fcr\u00fcnler y\u00fcklenecek&nbsp;&nbsp;&nbsp;&nbsp;&nbsp;&nbsp;Yak\u0131nda Buraday\u0131z butun \u00fcr\u00fcnler y\u00fcklenecek&nbsp;&nbsp;&nbsp;&nbsp;&nbsp;&nbsp;Yak\u0131nda Buraday\u0131z butun \u00fcr\u00fcnler y\u00fcklenecek&nbsp;&nbsp;&nbsp;&nbsp;&nbsp;&nbsp;Yak\u0131nda Buraday\u0131z butun \u00fcr\u00fcnler y\u00fcklenecek&nbsp;&nbsp;&nbsp;&nbsp;&nbsp;&nbsp;Yak\u0131nda Buraday\u0131z butun \u00fcr\u00fcnler y\u00fcklenecek&nbsp;&nbsp;&nbsp;&nbsp;&nbsp;&nbsp;Yak\u0131nda&#8230;<\/p>\n","protected":false},"author":1,"featured_media":0,"parent":0,"menu_order":0,"comment_status":"closed","ping_status":"closed","template":"elementor_header_footer","meta":{"footnotes":""},"class_list":["post-4222","page","type-page","status-publish","hentry"],"_links":{"self":[{"href":"https:\/\/vasakderi.com\/it\/wp-json\/wp\/v2\/pages\/4222","targetHints":{"allow":["GET"]}}],"collection":[{"href":"https:\/\/vasakderi.com\/it\/wp-json\/wp\/v2\/pages"}],"about":[{"href":"https:\/\/vasakderi.com\/it\/wp-json\/wp\/v2\/types\/page"}],"author":[{"embeddable":true,"href":"https:\/\/vasakderi.com\/it\/wp-json\/wp\/v2\/users\/1"}],"replies":[{"embeddable":true,"href":"https:\/\/vasakderi.com\/it\/wp-json\/wp\/v2\/comments?post=4222"}],"version-history":[{"count":21,"href":"https:\/\/vasakderi.com\/it\/wp-json\/wp\/v2\/pages\/4222\/revisions"}],"predecessor-version":[{"id":8330,"href":"https:\/\/vasakderi.com\/it\/wp-json\/wp\/v2\/pages\/4222\/revisions\/8330"}],"wp:attachment":[{"href":"https:\/\/vasakderi.com\/it\/wp-json\/wp\/v2\/media?parent=4222"}],"curies":[{"name":"wp","href":"https:\/\/api.w.org\/{rel}","templated":true}]}}