{"id":8496,"date":"2023-02-25T23:29:03","date_gmt":"2023-02-25T20:29:03","guid":{"rendered":"https:\/\/vasakderi.com\/informativa-sulla-privacy\/"},"modified":"2025-07-30T17:40:59","modified_gmt":"2025-07-30T14:40:59","slug":"informativa-sulla-privacy","status":"publish","type":"page","link":"https:\/\/vasakderi.com\/it\/informativa-sulla-privacy\/","title":{"rendered":"Informativa sulla privacy"},"content":{"rendered":"\n<p><strong>Informativa sulla privacy<\/strong><\/p>\n\n<p><em>Data dell&#8217;ultimo aggiornamento: [2023.9.5]<\/em><\/p>\n\n<p>Come Va\u015fak Deri, abbiamo a cuore la privacy dei clienti e attraverso questa speciale informativa sulla privacy (&#8220;Informativa&#8221;), ci impegniamo a fornirti informazioni dettagliate su come raccogliamo, utilizziamo, condividiamo e proteggiamo i tuoi dati personali. Utilizzando il nostro sito web, l&#8217;utente accetta la presente Informativa e i relativi termini e condizioni.<\/p>\n\n<p><strong>1. Quali informazioni raccogliamo<\/strong><\/p>\n\n<p>a. <strong>Informazioni personali:<\/strong> Possiamo raccogliere i tuoi dati identificativi come nome, et\u00e0, indirizzo, e-mail, numero di telefono. Queste informazioni sono quelle che inserisci quando ti registri o utilizzi il nostro sito.<\/p>\n\n<p>b. <strong>Informazioni sul pagamento:<\/strong> I dati della tua carta di credito richiesti nella pagina di pagamento non vengono in alcun modo conservati sui server di Va\u015fak Deri o delle aziende che li servono, al fine di mantenere la sicurezza dei nostri stimati clienti che acquistano sul sito al massimo livello. In questo modo, tutte le transazioni di pagamento avvengono tra la banca e il tuo computer attraverso l&#8217;interfaccia del sito web di [Nome della Societ\u00e0]. \u00c8 gestito da processori di pagamento sicuri utilizzati durante il processo di pagamento. Ci\u00f2 significa che le tue informazioni finanziarie personali vengono elaborate e conservate in modo sicuro.<\/p>\n\n<p>c. <strong>Cookie:<\/strong> Attraverso i cookie, possiamo identificare il tuo dispositivo e il tuo browser web. Per maggiori informazioni, consulta la nostra Informativa sui cookie.<\/p>\n\n<p><strong>2. Come vengono utilizzate le tue informazioni<\/strong><\/p>\n\n<p>Utilizziamo i tuoi dati personali per i seguenti scopi:<\/p>\n\n<ul class=\"wp-block-list\">\n<li>Elaborare i tuoi ordini e fornirti assistenza.<\/li>\n\n\n\n<li>Inviarti aggiornamenti e offerte speciali.<\/li>\n\n\n\n<li>Analizzare le informazioni per migliorare e personalizzare l&#8217;esperienza degli utenti del nostro sito web.<\/li>\n<\/ul>\n\n<p><strong>3. Condivisione delle informazioni<\/strong><\/p>\n\n<p>Possiamo condividere i tuoi dati personali solo nelle seguenti situazioni:<\/p>\n\n<ul class=\"wp-block-list\">\n<li>Per consegnare i tuoi ordini in collaborazione con i nostri fornitori di servizi (ad es. corrieri).<\/li>\n\n\n\n<li>Per adempiere ai requisiti di legge o per proteggere i diritti e i beni della nostra azienda.<\/li>\n<\/ul>\n\n<p><strong>4. Diritti di privacy<\/strong><\/p>\n\n<p>Hai il diritto di controllare i tuoi dati personali. Hai il diritto di rivedere, correggere o cancellare i tuoi dati. Puoi anche annullare le nostre comunicazioni via e-mail in qualsiasi momento.<\/p>\n\n<p><strong>5. Compatibilit\u00e0 internazionale<\/strong><\/p>\n\n<p>Svolgiamo la nostra attivit\u00e0 in conformit\u00e0 agli standard internazionali e quando trasferiamo i dati personali all&#8217;estero, effettuiamo questi trasferimenti con misure di sicurezza adeguate.<\/p>\n\n<p>Questa informativa fornisce informazioni dettagliate sulle modalit\u00e0 di trattamento dei tuoi dati personali. Per maggiori dettagli, puoi consultare la nostra Informativa sulla privacy.<\/p>\n\n<p>Potremmo aggiornare questa politica di tanto in tanto. Ti informeremo delle modifiche apportate e indicheremo la data di modifica dell&#8217;informativa.<\/p>\n\n<p><strong>Dettagli di contatto<\/strong><\/p>\n\n<p>[Va\u015fak Deri] <\/p>\n\n<p>Indirizzo: [Negozio all&#8217;interno del negozio<a href=\"https:\/\/www.google.com\/search?sca_esv=562741715&amp;rlz=1C1YTUH_trTR1068TR1068&amp;sxsrf=AB5stBjy864ZmbmloNKMHDq6loTRgWnwzw:1693919622625&amp;q=va%C5%9Fak+konak+adres&amp;ludocid=9867669921911288071&amp;sa=X&amp;sqi=2&amp;ved=2ahUKEwicuomrxpOBAxUXgP0HHbD0C0AQ6BN6BAhTEAI\" target=\"_blank\" rel=\"noopener\">.Indirizzo:<\/a> Etiler Mahallesi, 1268 Sokak, No:2 Kat :2, M\u00fcrselpa\u015fa Blv., 35240 Konak]<\/p>\n\n<p> Email: [info@vasakderi.com<a rel=\"noreferrer noopener\" href=\"https:\/\/vasakderi.com\/it\/contact\/\" target=\"_blank\"><\/a>] <\/p>\n\n<p>TEL : [(0212) 445 07 29 -30]<\/p>\n","protected":false},"excerpt":{"rendered":"<p>Informativa sulla privacy Data dell&#8217;ultimo aggiornamento: [2023.9.5] Come Va\u015fak Deri, abbiamo a cuore la privacy dei clienti e attraverso questa speciale informativa sulla privacy (&#8220;Informativa&#8221;),&#8230;<\/p>\n","protected":false},"author":1,"featured_media":0,"parent":0,"menu_order":0,"comment_status":"closed","ping_status":"open","template":"","meta":{"footnotes":""},"class_list":["post-8496","page","type-page","status-publish","hentry"],"_links":{"self":[{"href":"https:\/\/vasakderi.com\/it\/wp-json\/wp\/v2\/pages\/8496","targetHints":{"allow":["GET"]}}],"collection":[{"href":"https:\/\/vasakderi.com\/it\/wp-json\/wp\/v2\/pages"}],"about":[{"href":"https:\/\/vasakderi.com\/it\/wp-json\/wp\/v2\/types\/page"}],"author":[{"embeddable":true,"href":"https:\/\/vasakderi.com\/it\/wp-json\/wp\/v2\/users\/1"}],"replies":[{"embeddable":true,"href":"https:\/\/vasakderi.com\/it\/wp-json\/wp\/v2\/comments?post=8496"}],"version-history":[{"count":1,"href":"https:\/\/vasakderi.com\/it\/wp-json\/wp\/v2\/pages\/8496\/revisions"}],"predecessor-version":[{"id":8498,"href":"https:\/\/vasakderi.com\/it\/wp-json\/wp\/v2\/pages\/8496\/revisions\/8498"}],"wp:attachment":[{"href":"https:\/\/vasakderi.com\/it\/wp-json\/wp\/v2\/media?parent=8496"}],"curies":[{"name":"wp","href":"https:\/\/api.w.org\/{rel}","templated":true}]}}